{"id":943,"date":"2022-03-04T10:02:10","date_gmt":"2022-03-04T09:02:10","guid":{"rendered":"https:\/\/casavesca.it\/vacanza-in-famiglia-con-bambini-a-napoli\/"},"modified":"2023-04-24T16:43:51","modified_gmt":"2023-04-24T14:43:51","slug":"vacances-en-famille-a-naples-avec-enfants","status":"publish","type":"page","link":"https:\/\/www.casavesca.it\/fr\/vacances-en-famille-a-naples-avec-enfants\/","title":{"rendered":"Vacances en Famille \u00e0 Naples"},"content":{"rendered":"<p>[vc_row row_height_percent=\u00a0\u00bb85&Prime; override_padding=\u00a0\u00bbyes\u00a0\u00bb h_padding=\u00a0\u00bb3&Prime; top_padding=\u00a0\u00bb5&Prime; bottom_padding=\u00a0\u00bb5&Prime; back_color=\u00a0\u00bbcolor-wayh\u00a0\u00bb back_image=\u00a0\u00bb550&Prime; overlay_color=\u00a0\u00bbcolor-wayh\u00a0\u00bb overlay_alpha=\u00a0\u00bb50&Prime; gutter_size=\u00a0\u00bb3&Prime; column_width_percent=\u00a0\u00bb100&Prime; shift_y=\u00a0\u00bb0&Prime; z_index=\u00a0\u00bb0&Prime; top_divider=\u00a0\u00bbswoosh\u00a0\u00bb enable_bottom_divider=\u00a0\u00bbdefault\u00a0\u00bb bottom_divider_inv=\u00a0\u00bbcurve-asym-opacity\u00a0\u00bb shape_bottom_invert=\u00a0\u00bbyes\u00a0\u00bb shape_bottom_h_use_pixel=\u00a0\u00bb\u00a0\u00bb shape_bottom_height=\u00a0\u00bb100&Prime; shape_bottom_color=\u00a0\u00bbcolor-xsdn\u00a0\u00bb shape_bottom_opacity=\u00a0\u00bb100&Prime; shape_bottom_index=\u00a0\u00bb0&Prime; uncode_shortcode_id=\u00a0\u00bb553100&Prime; back_color_type=\u00a0\u00bbuncode-palette\u00a0\u00bb overlay_color_type=\u00a0\u00bbuncode-palette\u00a0\u00bb shape_bottom_color_type=\u00a0\u00bbuncode-palette\u00a0\u00bb][vc_column column_width_percent=\u00a0\u00bb100&Prime; position_vertical=\u00a0\u00bbmiddle\u00a0\u00bb align_horizontal=\u00a0\u00bbalign_center\u00a0\u00bb gutter_size=\u00a0\u00bb4&Prime; style=\u00a0\u00bbdark\u00a0\u00bb overlay_alpha=\u00a0\u00bb50&Prime; shift_x=\u00a0\u00bb0&Prime; shift_y=\u00a0\u00bb0&Prime; shift_y_down=\u00a0\u00bb0&Prime; z_index=\u00a0\u00bb0&Prime; medium_width=\u00a0\u00bb0&Prime; mobile_width=\u00a0\u00bb0&Prime; width=\u00a0\u00bb1\/1&Prime;][vc_row_inner row_inner_height_percent=\u00a0\u00bb0&Prime; overlay_alpha=\u00a0\u00bb50&Prime; gutter_size=\u00a0\u00bb3&Prime; shift_y=\u00a0\u00bb0&Prime; z_index=\u00a0\u00bb1&Prime; limit_content=\u00a0\u00bb\u00a0\u00bb][vc_column_inner column_width_percent=\u00a0\u00bb100&Prime; align_horizontal=\u00a0\u00bbalign_center\u00a0\u00bb gutter_size=\u00a0\u00bb3&Prime; style=\u00a0\u00bbdark\u00a0\u00bb overlay_alpha=\u00a0\u00bb50&Prime; shift_x=\u00a0\u00bb0&Prime; shift_y=\u00a0\u00bb0&Prime; shift_y_down=\u00a0\u00bb0&Prime; z_index=\u00a0\u00bb0&Prime; medium_width=\u00a0\u00bb0&Prime; mobile_width=\u00a0\u00bb0&Prime; width=\u00a0\u00bb1\/1&Prime;][vc_custom_heading text_size=\u00a0\u00bbfontsize-445851&Prime; text_transform=\u00a0\u00bbuppercase\u00a0\u00bb text_height=\u00a0\u00bbfontheight-179065&Prime; css_animation=\u00a0\u00bbbottom-t-top\u00a0\u00bb animation_delay=\u00a0\u00bb600&Prime; title=\u00a0\u00bb\u00a0\u00bb uncode_shortcode_id=\u00a0\u00bb456688&Prime; text_color_type=\u00a0\u00bbuncode-solid\u00a0\u00bb text_color_solid=\u00a0\u00bbrgba(255,255,255,0.5)\u00a0\u00bb]Vacances en Famille \u00e0 Naples[\/vc_custom_heading][vc_custom_heading heading_semantic=\u00a0\u00bbh1&Prime; text_size=\u00a0\u00bbh1&Prime; text_height=\u00a0\u00bbfontheight-179065&Prime; text_space=\u00a0\u00bbfontspace-111509&Prime; css_animation=\u00a0\u00bbbottom-t-top\u00a0\u00bb animation_delay=\u00a0\u00bb600&Prime; title=\u00a0\u00bb\u00a0\u00bb uncode_shortcode_id=\u00a0\u00bb991036&Prime; text_color_type=\u00a0\u00bbuncode-solid\u00a0\u00bb text_color_solid=\u00a0\u00bbrgba(255,255,255,0.52)\u00a0\u00bb]<em><span style=\"font-weight: 400;\">Des vacances avec vos enfants \u00e0 ne pas oublier !<\/span><\/em>[\/vc_custom_heading][\/vc_column_inner][\/vc_row_inner][vc_empty_space empty_h=\u00a0\u00bb4&Prime;][\/vc_column][\/vc_row][vc_row][vc_column width=\u00a0\u00bb1\/1&Prime;][uncode_block id=\u00a0\u00bb413&Prime;][\/vc_column][\/vc_row][vc_row row_height_percent=\u00a0\u00bb0&Prime; override_padding=\u00a0\u00bbyes\u00a0\u00bb h_padding=\u00a0\u00bb2&Prime; top_padding=\u00a0\u00bb5&Prime; bottom_padding=\u00a0\u00bb5&Prime; overlay_alpha=\u00a0\u00bb50&Prime; gutter_size=\u00a0\u00bb3&Prime; column_width_percent=\u00a0\u00bb100&Prime; shift_y=\u00a0\u00bb0&Prime; z_index=\u00a0\u00bb0&Prime;][vc_column column_width_use_pixel=\u00a0\u00bbyes\u00a0\u00bb align_horizontal=\u00a0\u00bbalign_center\u00a0\u00bb gutter_size=\u00a0\u00bb3&Prime; overlay_alpha=\u00a0\u00bb50&Prime; shift_x=\u00a0\u00bb0&Prime; shift_y=\u00a0\u00bb0&Prime; shift_y_down=\u00a0\u00bb0&Prime; z_index=\u00a0\u00bb0&Prime; medium_width=\u00a0\u00bb0&Prime; mobile_width=\u00a0\u00bb0&Prime; width=\u00a0\u00bb1\/1&Prime; column_width_pixel=\u00a0\u00bb900&Prime;][vc_custom_heading heading_semantic=\u00a0\u00bbh3&Prime; text_size=\u00a0\u00bbfontsize-155944&Prime; uncode_shortcode_id=\u00a0\u00bb552164&Prime;]<span style=\"font-weight: 400;\">Naples est une ville capable de conqu\u00e9rir les adultes comme les enfants, venez la d\u00e9couvrir !<\/span>[\/vc_custom_heading][vc_column_text text_lead=\u00a0\u00bbyes\u00a0\u00bb uncode_shortcode_id=\u00a0\u00bb144740&Prime;]<span style=\"font-weight: 400;\">La vie quotidienne, le travail et les horaires charg\u00e9s ne nous permettent pas de <strong>profiter pleinement de nos familles et de nos enfants, et les vacances<\/strong> sont g\u00e9n\u00e9ralement le moment o\u00f9 nous pouvons vraiment \u00eatre tous ensemble.<\/span><\/p>\n<p><span style=\"font-weight: 400;\">Nous le savons bien et c&rsquo;est pourquoi nous voulons que vos vacances en famille soient parfaites, pleines de bonheur, de joie et de s\u00e9r\u00e9nit\u00e9.<\/span><\/p>\n<p><span style=\"font-weight: 400;\">Avec ses attractions, son climat, le soleil, la mer, le V\u00e9suve et ses sp\u00e9cialit\u00e9s culinaires traditionnelles, vous allez revivre !<\/span><\/p>\n<p><span style=\"font-weight: 400;\"><strong>Naples<\/strong> est une ville capable de conqu\u00e9rir petits et grands, venez la d\u00e9couvrir. Faites votre valise&#8230; et partez !<\/span>[\/vc_column_text][\/vc_column][\/vc_row][vc_row unlock_row_content=\u00a0\u00bbyes\u00a0\u00bb row_height_percent=\u00a0\u00bb50&Prime; override_padding=\u00a0\u00bbyes\u00a0\u00bb h_padding=\u00a0\u00bb0&Prime; top_padding=\u00a0\u00bb0&Prime; bottom_padding=\u00a0\u00bb0&Prime; overlay_alpha=\u00a0\u00bb50&Prime; equal_height=\u00a0\u00bbyes\u00a0\u00bb gutter_size=\u00a0\u00bb0&Prime; shift_y=\u00a0\u00bb0&Prime;][vc_column column_width_percent=\u00a0\u00bb100&Prime; gutter_size=\u00a0\u00bb3&Prime; override_padding=\u00a0\u00bbyes\u00a0\u00bb column_padding=\u00a0\u00bb4&Prime; back_image=\u00a0\u00bb837&Prime; overlay_alpha=\u00a0\u00bb50&Prime; shift_x=\u00a0\u00bb0&Prime; shift_y=\u00a0\u00bb0&Prime; shift_y_down=\u00a0\u00bb0&Prime; z_index=\u00a0\u00bb0&Prime; medium_visibility=\u00a0\u00bbyes\u00a0\u00bb medium_width=\u00a0\u00bb0&Prime; mobile_visibility=\u00a0\u00bbyes\u00a0\u00bb mobile_width=\u00a0\u00bb0&Prime; width=\u00a0\u00bb1\/2&Prime; mobile_height=\u00a0\u00bb300&Prime; uncode_shortcode_id=\u00a0\u00bb137607&Prime;][\/vc_column][vc_column column_width_percent=\u00a0\u00bb100&Prime; gutter_size=\u00a0\u00bb0&Prime; overlay_alpha=\u00a0\u00bb50&Prime; shift_x=\u00a0\u00bb0&Prime; shift_y=\u00a0\u00bb0&Prime; z_index=\u00a0\u00bb0&Prime; medium_width=\u00a0\u00bb0&Prime; mobile_width=\u00a0\u00bb0&Prime; width=\u00a0\u00bb1\/2&Prime;][vc_row_inner row_inner_height_percent=\u00a0\u00bb50&Prime; back_color=\u00a0\u00bbcolor-lxmt\u00a0\u00bb overlay_alpha=\u00a0\u00bb50&Prime; gutter_size=\u00a0\u00bb3&Prime; shift_y=\u00a0\u00bb0&Prime; z_index=\u00a0\u00bb0&Prime; uncode_shortcode_id=\u00a0\u00bb175026&Prime; back_color_type=\u00a0\u00bbuncode-palette\u00a0\u00bb][vc_column_inner column_width_percent=\u00a0\u00bb100&Prime; gutter_size=\u00a0\u00bb2&Prime; override_padding=\u00a0\u00bbyes\u00a0\u00bb column_padding=\u00a0\u00bb4&Prime; overlay_alpha=\u00a0\u00bb50&Prime; shift_x=\u00a0\u00bb0&Prime; shift_y=\u00a0\u00bb0&Prime; shift_y_down=\u00a0\u00bb0&Prime; z_index=\u00a0\u00bb0&Prime; medium_width=\u00a0\u00bb0&Prime; mobile_width=\u00a0\u00bb0&Prime; width=\u00a0\u00bb1\/1&Prime;][vc_custom_heading heading_semantic=\u00a0\u00bbh3&Prime; text_size=\u00a0\u00bbh1&Prime; uncode_shortcode_id=\u00a0\u00bb204032&Prime;]Exp\u00e9rience en famille[\/vc_custom_heading][vc_column_text text_lead=\u00a0\u00bbyes\u00a0\u00bb uncode_shortcode_id=\u00a0\u00bb306815&Prime;]<span style=\"font-weight: 400;\">Notre personnel est \u00e0 votre disposition pour \u00e9couter vos souhaits et ceux de vos enfants. Nous vous proposons des services qui leur sont d\u00e9di\u00e9s<\/span>:[\/vc_column_text][\/vc_column_inner][\/vc_row_inner][vc_row_inner row_inner_height_percent=\u00a0\u00bb50&Prime; back_color=\u00a0\u00bbcolor-gyho\u00a0\u00bb overlay_alpha=\u00a0\u00bb50&Prime; equal_height=\u00a0\u00bbyes\u00a0\u00bb gutter_size=\u00a0\u00bb0&Prime; shift_y=\u00a0\u00bb0&Prime; z_index=\u00a0\u00bb0&Prime;][vc_column_inner column_width_percent=\u00a0\u00bb100&Prime; gutter_size=\u00a0\u00bb3&Prime; override_padding=\u00a0\u00bbyes\u00a0\u00bb column_padding=\u00a0\u00bb4&Prime; style=\u00a0\u00bbdark\u00a0\u00bb back_color=\u00a0\u00bbcolor-424651&Prime; overlay_alpha=\u00a0\u00bb50&Prime; shift_x=\u00a0\u00bb0&Prime; shift_y=\u00a0\u00bb0&Prime; shift_y_down=\u00a0\u00bb0&Prime; z_index=\u00a0\u00bb0&Prime; medium_width=\u00a0\u00bb4&Prime; mobile_width=\u00a0\u00bb0&Prime; width=\u00a0\u00bb1\/2&Prime; mobile_height=\u00a0\u00bb300&Prime; uncode_shortcode_id=\u00a0\u00bb104228&Prime; back_color_type=\u00a0\u00bbuncode-palette\u00a0\u00bb][vc_custom_heading heading_semantic=\u00a0\u00bbh3&Prime; text_size=\u00a0\u00bbh3&Prime; uncode_shortcode_id=\u00a0\u00bb105315&Prime;]<span style=\"font-weight: 400;\">Chambres familiales<\/span>[\/vc_custom_heading][vc_column_text uncode_shortcode_id=\u00a0\u00bb881709&Prime;]<span style=\"font-weight: 400;\">Notre h\u00f4tel dispose de chambres spacieuses pour s\u00e9journer avec toute la famille. Les chambres disposent d&rsquo;une s\u00e9paration pour garantir la tranquillit\u00e9 de toute la famille.<\/span>[\/vc_column_text][vc_button button_color=\u00a0\u00bbcolor-xsdn\u00a0\u00bb outline=\u00a0\u00bbyes\u00a0\u00bb text_skin=\u00a0\u00bbyes\u00a0\u00bb border_width=\u00a0\u00bb0&Prime; link=\u00a0\u00bburl:https%3A%2F%2Fcasavesca.it%2Ffr%2Fchambres-hotel-naples-vue-mer%2F|title:Chambres\u00a0\u00bb button_color_type=\u00a0\u00bbuncode-palette\u00a0\u00bb uncode_shortcode_id=\u00a0\u00bb824048&Prime;]Le Chambres[\/vc_button][\/vc_column_inner][vc_column_inner column_width_percent=\u00a0\u00bb100&Prime; gutter_size=\u00a0\u00bb3&Prime; override_padding=\u00a0\u00bbyes\u00a0\u00bb column_padding=\u00a0\u00bb4&Prime; style=\u00a0\u00bbdark\u00a0\u00bb back_color=\u00a0\u00bbaccent\u00a0\u00bb overlay_alpha=\u00a0\u00bb50&Prime; shift_x=\u00a0\u00bb0&Prime; shift_y=\u00a0\u00bb0&Prime; shift_y_down=\u00a0\u00bb0&Prime; z_index=\u00a0\u00bb0&Prime; medium_width=\u00a0\u00bb4&Prime; mobile_width=\u00a0\u00bb0&Prime; width=\u00a0\u00bb1\/2&Prime; uncode_shortcode_id=\u00a0\u00bb161912&Prime; back_color_type=\u00a0\u00bbuncode-palette\u00a0\u00bb][vc_custom_heading heading_semantic=\u00a0\u00bbh3&Prime; text_size=\u00a0\u00bbh3&Prime; uncode_shortcode_id=\u00a0\u00bb119592&Prime;]<span style=\"font-weight: 400;\">Bar Bistrot<\/span>[\/vc_custom_heading][vc_column_text uncode_shortcode_id=\u00a0\u00bb104710&Prime;]<span style=\"font-weight: 400;\">Dans notre restaurant Bar Bistrot Molo 10, vous trouverez de nombreux plats parfaits pour les go\u00fbts de vos enfants. Nous savons qu&rsquo;ils vont l&rsquo;adorer, nous n&rsquo;en doutons pas !<\/span>[\/vc_column_text][vc_custom_heading heading_semantic=\u00a0\u00bbh3&Prime; text_size=\u00a0\u00bbh3&Prime; uncode_shortcode_id=\u00a0\u00bb164528&Prime;]Wi-fi gratuit[\/vc_custom_heading][vc_column_text uncode_shortcode_id=\u00a0\u00bb195150&Prime;]Wi-Fi gratuit dans tout l&rsquo;h\u00f4tel, pour se sentir chez soi m\u00eame en vacances ![\/vc_column_text][\/vc_column_inner][\/vc_row_inner][\/vc_column][\/vc_row][vc_row row_height_percent=\u00a0\u00bb0&Prime; override_padding=\u00a0\u00bbyes\u00a0\u00bb h_padding=\u00a0\u00bb2&Prime; top_padding=\u00a0\u00bb5&Prime; bottom_padding=\u00a0\u00bb5&Prime; back_color=\u00a0\u00bbcolor-lxmt\u00a0\u00bb back_image=\u00a0\u00bb19&Prime; overlay_color=\u00a0\u00bbcolor-lxmt\u00a0\u00bb overlay_alpha=\u00a0\u00bb45&Prime; gutter_size=\u00a0\u00bb3&Prime; column_width_percent=\u00a0\u00bb100&Prime; shift_y=\u00a0\u00bb0&Prime; z_index=\u00a0\u00bb0&Prime; desktop_visibility=\u00a0\u00bbyes\u00a0\u00bb medium_visibility=\u00a0\u00bbyes\u00a0\u00bb mobile_visibility=\u00a0\u00bbyes\u00a0\u00bb uncode_shortcode_id=\u00a0\u00bb197188&Prime; back_color_type=\u00a0\u00bbuncode-palette\u00a0\u00bb overlay_color_type=\u00a0\u00bbuncode-palette\u00a0\u00bb][vc_column width=\u00a0\u00bb1\/1&Prime;][vc_row_inner][vc_column_inner width=\u00a0\u00bb1\/1&Prime;][vc_custom_heading heading_semantic=\u00a0\u00bbh3&Prime; text_size=\u00a0\u00bbfontsize-155944&Prime; uncode_shortcode_id=\u00a0\u00bb256801&Prime;]Cose da fare in famiglia a Napoli&#8230; ecco alcuni suggerimenti[\/vc_custom_heading][vc_column_text uncode_shortcode_id=\u00a0\u00bb137362&Prime;]<strong><u>Citt\u00e0 della Scienza<\/u><\/strong><br \/>\nNon tutti infatti sanno che a Napoli, c\u2019\u00e8 un luogo magico e bellissimo: il museo della scienza interattivo pi\u00f9 grande d\u2019Italia.\u00a0 I vostri bimbi scoprire i segreti del Corpo umano, dell\u2019Universo (con il Planetario 3D), degli animali (con mostre su insetti e fossili) e poi partecipare a tantissimi laboratori a misura di bambini!<\/p>\n<p><strong><u>Zoo di Napoli<\/u><\/strong><br \/>\nOffre alle famiglie la possibilit\u00e0 di fare una piacevole gita all\u2019aria aperta e\u00a0 ammirare circa 400 animali, osservano keeper e zoologi al lavoro.<\/p>\n<p><strong><u>L\u2019ospedale delle Bambole<\/u><\/strong><br \/>\nUn vero e proprio ospedale con i reparti e una dottoressa specializzata. Uno dei centri di riparazione di bambole pi\u00f9 attrezzati e famoso d\u2019Italia.<\/p>\n<p><strong><u>Il parco della Gaiola <\/u><\/strong><br \/>\nL\u2019<a href=\"https:\/\/www.viaggiapiccoli.com\/gaiola-tuffo-paradiso-sommerso-napoli\/\" target=\"_blank\" rel=\"noopener\">area marina protetta della Gaiola<\/a>. \u00c8 un piccolo paradiso naturale nel cuore di Napoli, sulla collina di Posillipo. Si pu\u00f2 fare snorkeling, diving, aquavision, kayak, immersioni virtuali, laboratori creativi e molto altro ancora.<\/p>\n<p><strong><u>Napoli sotterranea<\/u><\/strong><br \/>\nSe volete far vivere ai vostri bimbi una piccola avventura, una meta da non mancare \u00e8 di certo la <a href=\"https:\/\/casavesca.it\/fr\/naples-souterraine\/\">Napoli Sotterranea<\/a>. Pi\u00f9 di 200 km di gallerie scavate nel tufo, Cunicoli sotterranei, bacini d\u2019acqua, giardini sotterranei, cimeli della guerra ed un incredibile teatro romano.<\/p>\n<p>Avete bambini appassionati di treni?<br \/>\nAllora non potete perdetevi una visita al <strong><u>Museo Ferroviario di Pietrarsa<\/u><\/strong>, dove \u00e8 conservata la storia del trasporto ferroviario italiano.<\/p>\n<p><strong><u>E poi naturalmente il Vesuvio!<\/u><\/strong><br \/>\nImpossibile non ritrovarsi pi\u00f9 volte a guardare il simbolo di Napoli.<br \/>\nUn\u2019escursione al cratere \u00e8 sicuramente un\u2019esperienza ricca di emozioni da vivere con i bambini. Inoltre il sentiero \u00e8 adatto a tutti, il dislivello \u00e8 minimo.[\/vc_column_text][\/vc_column_inner][\/vc_row_inner][\/vc_column][\/vc_row][vc_row row_height_percent=\u00a0\u00bb0&Prime; override_padding=\u00a0\u00bbyes\u00a0\u00bb h_padding=\u00a0\u00bb2&Prime; top_padding=\u00a0\u00bb5&Prime; bottom_padding=\u00a0\u00bb3&Prime; overlay_alpha=\u00a0\u00bb50&Prime; gutter_size=\u00a0\u00bb3&Prime; column_width_percent=\u00a0\u00bb100&Prime; shift_y=\u00a0\u00bb0&Prime; z_index=\u00a0\u00bb0&Prime; bottom_divider=\u00a0\u00bbstep_3_4&Prime; uncode_shortcode_id=\u00a0\u00bb122785&Prime;][vc_column column_width_percent=\u00a0\u00bb100&Prime; gutter_size=\u00a0\u00bb3&Prime; overlay_alpha=\u00a0\u00bb50&Prime; shift_x=\u00a0\u00bb0&Prime; shift_y=\u00a0\u00bb0&Prime; shift_y_down=\u00a0\u00bb0&Prime; z_index=\u00a0\u00bb0&Prime; medium_width=\u00a0\u00bb0&Prime; mobile_width=\u00a0\u00bb0&Prime; css_animation=\u00a0\u00bbalpha-anim\u00a0\u00bb animation_speed=\u00a0\u00bb1000&Prime; width=\u00a0\u00bb1\/1&Prime; uncode_shortcode_id=\u00a0\u00bb809321&Prime;][uncode_block id=\u00a0\u00bb420&Prime;][\/vc_column][\/vc_row]<\/p>\n","protected":false},"excerpt":{"rendered":"<p>[vc_row row_height_percent=\u00a0\u00bb85&Prime; override_padding=\u00a0\u00bbyes\u00a0\u00bb h_padding=\u00a0\u00bb3&Prime; top_padding=\u00a0\u00bb5&Prime; bottom_padding=\u00a0\u00bb5&Prime; back_color=\u00a0\u00bbcolor-wayh\u00a0\u00bb back_image=\u00a0\u00bb550&Prime; overlay_color=\u00a0\u00bbcolor-wayh\u00a0\u00bb overlay_alpha=\u00a0\u00bb50&Prime; gutter_size=\u00a0\u00bb3&Prime; column_width_percent=\u00a0\u00bb100&Prime; shift_y=\u00a0\u00bb0&Prime; z_index=\u00a0\u00bb0&Prime; top_divider=\u00a0\u00bbswoosh\u00a0\u00bb enable_bottom_divider=\u00a0\u00bbdefault\u00a0\u00bb bottom_divider_inv=\u00a0\u00bbcurve-asym-opacity\u00a0\u00bb shape_bottom_invert=\u00a0\u00bbyes\u00a0\u00bb shape_bottom_h_use_pixel=\u00a0\u00bb\u00a0\u00bb shape_bottom_height=\u00a0\u00bb100&Prime; [&hellip;]<\/p>\n","protected":false},"author":2,"featured_media":1407,"parent":0,"menu_order":0,"comment_status":"closed","ping_status":"closed","template":"","meta":{"footnotes":""},"class_list":["post-943","page","type-page","status-publish","has-post-thumbnail","hentry"],"yoast_head":"<!-- This site is optimized with the Yoast SEO plugin v27.5 - https:\/\/yoast.com\/product\/yoast-seo-wordpress\/ -->\n<title>Vacances en Famille avec Enfants \u00e0 Naples Menu Chambres familiales<\/title>\n<meta name=\"description\" content=\"Planifiez vos vacances en famille \u00e0 Naples avec Enfants, une ville capable de conqu\u00e9rir petits et grands, venez la d\u00e9couvrir\" \/>\n<meta name=\"robots\" content=\"index, follow, max-snippet:-1, max-image-preview:large, max-video-preview:-1\" \/>\n<link rel=\"canonical\" href=\"https:\/\/www.casavesca.it\/vacanza-in-famiglia-con-bambini-a-napoli\/\" \/>\n<meta property=\"og:locale\" content=\"fr_FR\" \/>\n<meta property=\"og:type\" content=\"article\" \/>\n<meta property=\"og:title\" content=\"Vacances en Famille avec Enfants \u00e0 Naples Menu Chambres familiales\" \/>\n<meta property=\"og:description\" content=\"Planifiez vos vacances en famille \u00e0 Naples avec Enfants, une ville capable de conqu\u00e9rir petits et grands, venez la d\u00e9couvrir\" \/>\n<meta property=\"og:url\" content=\"https:\/\/www.casavesca.it\/vacanza-in-famiglia-con-bambini-a-napoli\/\" \/>\n<meta property=\"og:site_name\" content=\"La Vesca Residence\" \/>\n<meta property=\"article:modified_time\" content=\"2023-04-24T14:43:51+00:00\" \/>\n<meta property=\"og:image\" content=\"https:\/\/www.casavesca.it\/wp-content\/uploads\/2023\/04\/2022-02-09-Smart-Hotel-a-Napoli-359.jpg\" \/>\n\t<meta property=\"og:image:width\" content=\"2048\" \/>\n\t<meta property=\"og:image:height\" content=\"1363\" \/>\n\t<meta property=\"og:image:type\" content=\"image\/jpeg\" \/>\n<meta name=\"twitter:card\" content=\"summary_large_image\" \/>\n<meta name=\"twitter:label1\" content=\"Dur\u00e9e de lecture estim\u00e9e\" \/>\n\t<meta name=\"twitter:data1\" content=\"5 minutes\" \/>\n<script type=\"application\/ld+json\" class=\"yoast-schema-graph\">{\"@context\":\"https:\\\/\\\/schema.org\",\"@graph\":[{\"@type\":\"WebPage\",\"@id\":\"https:\\\/\\\/www.casavesca.it\\\/vacanza-in-famiglia-con-bambini-a-napoli\\\/\",\"url\":\"https:\\\/\\\/www.casavesca.it\\\/vacanza-in-famiglia-con-bambini-a-napoli\\\/\",\"name\":\"Vacances en Famille avec Enfants \u00e0 Naples Menu Chambres familiales\",\"isPartOf\":{\"@id\":\"https:\\\/\\\/www.casavesca.it\\\/#website\"},\"primaryImageOfPage\":{\"@id\":\"https:\\\/\\\/www.casavesca.it\\\/vacanza-in-famiglia-con-bambini-a-napoli\\\/#primaryimage\"},\"image\":{\"@id\":\"https:\\\/\\\/www.casavesca.it\\\/vacanza-in-famiglia-con-bambini-a-napoli\\\/#primaryimage\"},\"thumbnailUrl\":\"https:\\\/\\\/www.casavesca.it\\\/wp-content\\\/uploads\\\/2023\\\/04\\\/2022-02-09-Smart-Hotel-a-Napoli-359.jpg\",\"datePublished\":\"2022-03-04T09:02:10+00:00\",\"dateModified\":\"2023-04-24T14:43:51+00:00\",\"description\":\"Planifiez vos vacances en famille \u00e0 Naples avec Enfants, une ville capable de conqu\u00e9rir petits et grands, venez la d\u00e9couvrir\",\"inLanguage\":\"fr-FR\",\"potentialAction\":[{\"@type\":\"ReadAction\",\"target\":[\"https:\\\/\\\/www.casavesca.it\\\/vacanza-in-famiglia-con-bambini-a-napoli\\\/\"]}]},{\"@type\":\"ImageObject\",\"inLanguage\":\"fr-FR\",\"@id\":\"https:\\\/\\\/www.casavesca.it\\\/vacanza-in-famiglia-con-bambini-a-napoli\\\/#primaryimage\",\"url\":\"https:\\\/\\\/www.casavesca.it\\\/wp-content\\\/uploads\\\/2023\\\/04\\\/2022-02-09-Smart-Hotel-a-Napoli-359.jpg\",\"contentUrl\":\"https:\\\/\\\/www.casavesca.it\\\/wp-content\\\/uploads\\\/2023\\\/04\\\/2022-02-09-Smart-Hotel-a-Napoli-359.jpg\",\"width\":2048,\"height\":1363},{\"@type\":\"WebSite\",\"@id\":\"https:\\\/\\\/www.casavesca.it\\\/#website\",\"url\":\"https:\\\/\\\/www.casavesca.it\\\/\",\"name\":\"La Vesca Residence\",\"description\":\"Vivi Sanremo sul mare\",\"potentialAction\":[{\"@type\":\"SearchAction\",\"target\":{\"@type\":\"EntryPoint\",\"urlTemplate\":\"https:\\\/\\\/www.casavesca.it\\\/?s={search_term_string}\"},\"query-input\":{\"@type\":\"PropertyValueSpecification\",\"valueRequired\":true,\"valueName\":\"search_term_string\"}}],\"inLanguage\":\"fr-FR\"}]}<\/script>\n<!-- \/ Yoast SEO plugin. -->","yoast_head_json":{"title":"Vacances en Famille avec Enfants \u00e0 Naples Menu Chambres familiales","description":"Planifiez vos vacances en famille \u00e0 Naples avec Enfants, une ville capable de conqu\u00e9rir petits et grands, venez la d\u00e9couvrir","robots":{"index":"index","follow":"follow","max-snippet":"max-snippet:-1","max-image-preview":"max-image-preview:large","max-video-preview":"max-video-preview:-1"},"canonical":"https:\/\/www.casavesca.it\/vacanza-in-famiglia-con-bambini-a-napoli\/","og_locale":"fr_FR","og_type":"article","og_title":"Vacances en Famille avec Enfants \u00e0 Naples Menu Chambres familiales","og_description":"Planifiez vos vacances en famille \u00e0 Naples avec Enfants, une ville capable de conqu\u00e9rir petits et grands, venez la d\u00e9couvrir","og_url":"https:\/\/www.casavesca.it\/vacanza-in-famiglia-con-bambini-a-napoli\/","og_site_name":"La Vesca Residence","article_modified_time":"2023-04-24T14:43:51+00:00","og_image":[{"width":2048,"height":1363,"url":"https:\/\/www.casavesca.it\/wp-content\/uploads\/2023\/04\/2022-02-09-Smart-Hotel-a-Napoli-359.jpg","type":"image\/jpeg"}],"twitter_card":"summary_large_image","twitter_misc":{"Dur\u00e9e de lecture estim\u00e9e":"5 minutes"},"schema":{"@context":"https:\/\/schema.org","@graph":[{"@type":"WebPage","@id":"https:\/\/www.casavesca.it\/vacanza-in-famiglia-con-bambini-a-napoli\/","url":"https:\/\/www.casavesca.it\/vacanza-in-famiglia-con-bambini-a-napoli\/","name":"Vacances en Famille avec Enfants \u00e0 Naples Menu Chambres familiales","isPartOf":{"@id":"https:\/\/www.casavesca.it\/#website"},"primaryImageOfPage":{"@id":"https:\/\/www.casavesca.it\/vacanza-in-famiglia-con-bambini-a-napoli\/#primaryimage"},"image":{"@id":"https:\/\/www.casavesca.it\/vacanza-in-famiglia-con-bambini-a-napoli\/#primaryimage"},"thumbnailUrl":"https:\/\/www.casavesca.it\/wp-content\/uploads\/2023\/04\/2022-02-09-Smart-Hotel-a-Napoli-359.jpg","datePublished":"2022-03-04T09:02:10+00:00","dateModified":"2023-04-24T14:43:51+00:00","description":"Planifiez vos vacances en famille \u00e0 Naples avec Enfants, une ville capable de conqu\u00e9rir petits et grands, venez la d\u00e9couvrir","inLanguage":"fr-FR","potentialAction":[{"@type":"ReadAction","target":["https:\/\/www.casavesca.it\/vacanza-in-famiglia-con-bambini-a-napoli\/"]}]},{"@type":"ImageObject","inLanguage":"fr-FR","@id":"https:\/\/www.casavesca.it\/vacanza-in-famiglia-con-bambini-a-napoli\/#primaryimage","url":"https:\/\/www.casavesca.it\/wp-content\/uploads\/2023\/04\/2022-02-09-Smart-Hotel-a-Napoli-359.jpg","contentUrl":"https:\/\/www.casavesca.it\/wp-content\/uploads\/2023\/04\/2022-02-09-Smart-Hotel-a-Napoli-359.jpg","width":2048,"height":1363},{"@type":"WebSite","@id":"https:\/\/www.casavesca.it\/#website","url":"https:\/\/www.casavesca.it\/","name":"La Vesca Residence","description":"Vivi Sanremo sul mare","potentialAction":[{"@type":"SearchAction","target":{"@type":"EntryPoint","urlTemplate":"https:\/\/www.casavesca.it\/?s={search_term_string}"},"query-input":{"@type":"PropertyValueSpecification","valueRequired":true,"valueName":"search_term_string"}}],"inLanguage":"fr-FR"}]}},"_links":{"self":[{"href":"https:\/\/www.casavesca.it\/fr\/wp-json\/wp\/v2\/pages\/943","targetHints":{"allow":["GET"]}}],"collection":[{"href":"https:\/\/www.casavesca.it\/fr\/wp-json\/wp\/v2\/pages"}],"about":[{"href":"https:\/\/www.casavesca.it\/fr\/wp-json\/wp\/v2\/types\/page"}],"author":[{"embeddable":true,"href":"https:\/\/www.casavesca.it\/fr\/wp-json\/wp\/v2\/users\/2"}],"replies":[{"embeddable":true,"href":"https:\/\/www.casavesca.it\/fr\/wp-json\/wp\/v2\/comments?post=943"}],"version-history":[{"count":0,"href":"https:\/\/www.casavesca.it\/fr\/wp-json\/wp\/v2\/pages\/943\/revisions"}],"wp:featuredmedia":[{"embeddable":true,"href":"https:\/\/www.casavesca.it\/fr\/wp-json\/wp\/v2\/media\/1407"}],"wp:attachment":[{"href":"https:\/\/www.casavesca.it\/fr\/wp-json\/wp\/v2\/media?parent=943"}],"curies":[{"name":"wp","href":"https:\/\/api.w.org\/{rel}","templated":true}]}}