{"id":939,"date":"2022-03-03T12:17:19","date_gmt":"2022-03-03T11:17:19","guid":{"rendered":"https:\/\/casavesca.it\/vacanza-romantica-a-napoli\/"},"modified":"2023-07-12T12:30:46","modified_gmt":"2023-07-12T10:30:46","slug":"sejour-romantique-a-naples","status":"publish","type":"page","link":"https:\/\/www.casavesca.it\/fr\/sejour-romantique-a-naples\/","title":{"rendered":"S\u00e9jour Romantique \u00e0 Naples"},"content":{"rendered":"<p>[vc_row row_height_percent=\u00a0\u00bb85&Prime; override_padding=\u00a0\u00bbyes\u00a0\u00bb h_padding=\u00a0\u00bb3&Prime; top_padding=\u00a0\u00bb5&Prime; bottom_padding=\u00a0\u00bb5&Prime; back_color=\u00a0\u00bbcolor-wayh\u00a0\u00bb back_image=\u00a0\u00bb684&Prime; overlay_color=\u00a0\u00bbcolor-wayh\u00a0\u00bb overlay_alpha=\u00a0\u00bb50&Prime; gutter_size=\u00a0\u00bb3&Prime; column_width_percent=\u00a0\u00bb100&Prime; shift_y=\u00a0\u00bb0&Prime; z_index=\u00a0\u00bb0&Prime; top_divider=\u00a0\u00bbswoosh\u00a0\u00bb enable_bottom_divider=\u00a0\u00bbdefault\u00a0\u00bb bottom_divider_inv=\u00a0\u00bbcurve-asym-opacity\u00a0\u00bb shape_bottom_invert=\u00a0\u00bbyes\u00a0\u00bb shape_bottom_h_use_pixel=\u00a0\u00bb\u00a0\u00bb shape_bottom_height=\u00a0\u00bb100&Prime; shape_bottom_color=\u00a0\u00bbcolor-xsdn\u00a0\u00bb shape_bottom_opacity=\u00a0\u00bb100&Prime; shape_bottom_index=\u00a0\u00bb0&Prime; uncode_shortcode_id=\u00a0\u00bb101633&Prime; back_color_type=\u00a0\u00bbuncode-palette\u00a0\u00bb overlay_color_type=\u00a0\u00bbuncode-palette\u00a0\u00bb shape_bottom_color_type=\u00a0\u00bbuncode-palette\u00a0\u00bb][vc_column column_width_percent=\u00a0\u00bb100&Prime; position_vertical=\u00a0\u00bbmiddle\u00a0\u00bb align_horizontal=\u00a0\u00bbalign_center\u00a0\u00bb gutter_size=\u00a0\u00bb4&Prime; style=\u00a0\u00bbdark\u00a0\u00bb overlay_alpha=\u00a0\u00bb50&Prime; shift_x=\u00a0\u00bb0&Prime; shift_y=\u00a0\u00bb0&Prime; shift_y_down=\u00a0\u00bb0&Prime; z_index=\u00a0\u00bb0&Prime; medium_width=\u00a0\u00bb0&Prime; mobile_width=\u00a0\u00bb0&Prime; width=\u00a0\u00bb1\/1&Prime;][vc_row_inner row_inner_height_percent=\u00a0\u00bb0&Prime; overlay_alpha=\u00a0\u00bb50&Prime; gutter_size=\u00a0\u00bb3&Prime; shift_y=\u00a0\u00bb0&Prime; z_index=\u00a0\u00bb1&Prime; limit_content=\u00a0\u00bb\u00a0\u00bb][vc_column_inner column_width_percent=\u00a0\u00bb100&Prime; align_horizontal=\u00a0\u00bbalign_center\u00a0\u00bb gutter_size=\u00a0\u00bb3&Prime; style=\u00a0\u00bbdark\u00a0\u00bb overlay_alpha=\u00a0\u00bb50&Prime; shift_x=\u00a0\u00bb0&Prime; shift_y=\u00a0\u00bb0&Prime; shift_y_down=\u00a0\u00bb0&Prime; z_index=\u00a0\u00bb0&Prime; medium_width=\u00a0\u00bb0&Prime; mobile_width=\u00a0\u00bb0&Prime; width=\u00a0\u00bb1\/1&Prime;][vc_custom_heading text_size=\u00a0\u00bbfontsize-445851&Prime; text_transform=\u00a0\u00bbuppercase\u00a0\u00bb text_height=\u00a0\u00bbfontheight-179065&Prime; css_animation=\u00a0\u00bbbottom-t-top\u00a0\u00bb animation_delay=\u00a0\u00bb600&Prime; title=\u00a0\u00bb\u00a0\u00bb uncode_shortcode_id=\u00a0\u00bb916369&Prime; text_color_type=\u00a0\u00bbuncode-solid\u00a0\u00bb text_color_solid=\u00a0\u00bbrgba(255,255,255,0.5)\u00a0\u00bb]S\u00e9jour Romantique \u00e0 Naples[\/vc_custom_heading][vc_custom_heading heading_semantic=\u00a0\u00bbh1&Prime; text_size=\u00a0\u00bbh1&Prime; text_height=\u00a0\u00bbfontheight-179065&Prime; text_space=\u00a0\u00bbfontspace-111509&Prime; css_animation=\u00a0\u00bbbottom-t-top\u00a0\u00bb animation_delay=\u00a0\u00bb600&Prime; title=\u00a0\u00bb\u00a0\u00bb uncode_shortcode_id=\u00a0\u00bb103498&Prime; text_color_type=\u00a0\u00bbuncode-solid\u00a0\u00bb text_color_solid=\u00a0\u00bbrgba(255,255,255,0.52)\u00a0\u00bb]<em>Tu si \u2018na cosa grande pe\u2019 me<\/em>[\/vc_custom_heading][\/vc_column_inner][\/vc_row_inner][vc_empty_space empty_h=\u00a0\u00bb4&Prime;][\/vc_column][\/vc_row][vc_row][vc_column width=\u00a0\u00bb1\/1&Prime;][uncode_block id=\u00a0\u00bb413&Prime;][\/vc_column][\/vc_row][vc_row row_height_percent=\u00a0\u00bb0&Prime; override_padding=\u00a0\u00bbyes\u00a0\u00bb h_padding=\u00a0\u00bb2&Prime; top_padding=\u00a0\u00bb5&Prime; bottom_padding=\u00a0\u00bb5&Prime; overlay_alpha=\u00a0\u00bb50&Prime; gutter_size=\u00a0\u00bb3&Prime; column_width_percent=\u00a0\u00bb100&Prime; shift_y=\u00a0\u00bb0&Prime; z_index=\u00a0\u00bb0&Prime;][vc_column column_width_use_pixel=\u00a0\u00bbyes\u00a0\u00bb align_horizontal=\u00a0\u00bbalign_center\u00a0\u00bb gutter_size=\u00a0\u00bb3&Prime; overlay_alpha=\u00a0\u00bb50&Prime; shift_x=\u00a0\u00bb0&Prime; shift_y=\u00a0\u00bb0&Prime; shift_y_down=\u00a0\u00bb0&Prime; z_index=\u00a0\u00bb0&Prime; medium_width=\u00a0\u00bb0&Prime; mobile_width=\u00a0\u00bb0&Prime; width=\u00a0\u00bb1\/1&Prime; column_width_pixel=\u00a0\u00bb900&Prime;][vc_custom_heading heading_semantic=\u00a0\u00bbh3&Prime; text_size=\u00a0\u00bbfontsize-155944&Prime; uncode_shortcode_id=\u00a0\u00bb108950&Prime;]<span style=\"font-weight: 400;\">Naples est une ville romantique, des vues enchanteresses, des aper\u00e7us de la mer inoubliable<\/span>[\/vc_custom_heading][vc_column_text text_lead=\u00a0\u00bbyes\u00a0\u00bb uncode_shortcode_id=\u00a0\u00bb147138&Prime;]<span style=\"font-weight: 400;\">Pas seulement pour les couples, mais aussi pour tous ceux qui veulent d\u00e9couvrir des coins uniques de la ville.<\/span><\/p>\n<p><span style=\"font-weight: 400;\">Il sera merveilleux de se promener le long du front de mer de Naples, de d\u00e9couvrir la beaut\u00e9 de Piazza del Plebiscito, de se perdre dans les ruelles du suggestif Borgo Marinari au clair de lune, parmi les bateaux multicolores des p\u00eacheurs et les d\u00e9licieux restaurants de poisson sur la mer, avec la vue sur l&rsquo;imposant Castel dell&rsquo;Ovo.<\/span><\/p>\n<p><span style=\"font-weight: 400;\">Et puis il y a Marechiaro, la Chartreuse de San Martino et les splendides places historiques, le belv\u00e9d\u00e8re de San Martino d&rsquo;o\u00f9 l&rsquo;on peut embrasser toute la ville, comme l&rsquo;\u00e9crit la chanson \u00ab\u00a0Un angelo vero\u00a0\u00bb de Pino Daniele, et Via dell&rsquo;Amore \u00e0 Capodimonte o\u00f9 l&rsquo;on trouve le signe \u00ab\u00a0obligatoire\u00a0\u00bb pour s&#8217;embrasser.<\/span><\/p>\n<p><span style=\"font-weight: 400;\">Une ville romantique et suggestive \u00e0 graver dans l&rsquo;esprit et le c\u0153ur.<\/span>[\/vc_column_text][\/vc_column][\/vc_row][vc_row unlock_row_content=\u00a0\u00bbyes\u00a0\u00bb row_height_percent=\u00a0\u00bb50&Prime; override_padding=\u00a0\u00bbyes\u00a0\u00bb h_padding=\u00a0\u00bb0&Prime; top_padding=\u00a0\u00bb0&Prime; bottom_padding=\u00a0\u00bb0&Prime; overlay_alpha=\u00a0\u00bb50&Prime; equal_height=\u00a0\u00bbyes\u00a0\u00bb gutter_size=\u00a0\u00bb0&Prime; shift_y=\u00a0\u00bb0&Prime;][vc_column column_width_percent=\u00a0\u00bb100&Prime; gutter_size=\u00a0\u00bb3&Prime; override_padding=\u00a0\u00bbyes\u00a0\u00bb column_padding=\u00a0\u00bb4&Prime; back_image=\u00a0\u00bb681&Prime; overlay_alpha=\u00a0\u00bb50&Prime; shift_x=\u00a0\u00bb0&Prime; shift_y=\u00a0\u00bb0&Prime; shift_y_down=\u00a0\u00bb0&Prime; z_index=\u00a0\u00bb0&Prime; medium_visibility=\u00a0\u00bbyes\u00a0\u00bb medium_width=\u00a0\u00bb0&Prime; mobile_visibility=\u00a0\u00bbyes\u00a0\u00bb mobile_width=\u00a0\u00bb0&Prime; width=\u00a0\u00bb1\/2&Prime; mobile_height=\u00a0\u00bb300&Prime; uncode_shortcode_id=\u00a0\u00bb129112&Prime;][\/vc_column][vc_column column_width_percent=\u00a0\u00bb100&Prime; gutter_size=\u00a0\u00bb0&Prime; overlay_alpha=\u00a0\u00bb50&Prime; shift_x=\u00a0\u00bb0&Prime; shift_y=\u00a0\u00bb0&Prime; z_index=\u00a0\u00bb0&Prime; medium_width=\u00a0\u00bb0&Prime; mobile_width=\u00a0\u00bb0&Prime; width=\u00a0\u00bb1\/2&Prime;][vc_row_inner row_inner_height_percent=\u00a0\u00bb50&Prime; back_color=\u00a0\u00bbcolor-lxmt\u00a0\u00bb overlay_alpha=\u00a0\u00bb50&Prime; gutter_size=\u00a0\u00bb3&Prime; shift_y=\u00a0\u00bb0&Prime; z_index=\u00a0\u00bb0&Prime; uncode_shortcode_id=\u00a0\u00bb175026&Prime; back_color_type=\u00a0\u00bbuncode-palette\u00a0\u00bb][vc_column_inner column_width_percent=\u00a0\u00bb100&Prime; gutter_size=\u00a0\u00bb2&Prime; override_padding=\u00a0\u00bbyes\u00a0\u00bb column_padding=\u00a0\u00bb4&Prime; overlay_alpha=\u00a0\u00bb50&Prime; shift_x=\u00a0\u00bb0&Prime; shift_y=\u00a0\u00bb0&Prime; shift_y_down=\u00a0\u00bb0&Prime; z_index=\u00a0\u00bb0&Prime; medium_width=\u00a0\u00bb0&Prime; mobile_width=\u00a0\u00bb0&Prime; width=\u00a0\u00bb1\/1&Prime;][vc_custom_heading heading_semantic=\u00a0\u00bbh3&Prime; text_size=\u00a0\u00bbh1&Prime; uncode_shortcode_id=\u00a0\u00bb296836&Prime;]<span style=\"font-weight: 400;\">Un endroit o\u00f9 m\u00eame la plus petite ruelle peut ouvrir des vues romantiques et suggestives<\/span>[\/vc_custom_heading][vc_column_text text_lead=\u00a0\u00bbyes\u00a0\u00bb uncode_shortcode_id=\u00a0\u00bb283578&Prime;]<span style=\"font-weight: 400;\">S\u00e9journez dans nos suites ou chambres, profitez de nos services, d\u00e9gustez un d\u00eener pr\u00e9par\u00e9 pour vous par notre chef et perdez-vous dans les ruelles d&rsquo;une ville intemporelle, pleine de charme et de po\u00e9sie.<\/span>[\/vc_column_text][\/vc_column_inner][\/vc_row_inner][vc_row_inner row_inner_height_percent=\u00a0\u00bb50&Prime; back_color=\u00a0\u00bbcolor-gyho\u00a0\u00bb overlay_alpha=\u00a0\u00bb50&Prime; equal_height=\u00a0\u00bbyes\u00a0\u00bb gutter_size=\u00a0\u00bb0&Prime; shift_y=\u00a0\u00bb0&Prime; z_index=\u00a0\u00bb0&Prime;][vc_column_inner column_width_percent=\u00a0\u00bb100&Prime; gutter_size=\u00a0\u00bb3&Prime; override_padding=\u00a0\u00bbyes\u00a0\u00bb column_padding=\u00a0\u00bb4&Prime; style=\u00a0\u00bbdark\u00a0\u00bb back_color=\u00a0\u00bbcolor-424651&Prime; overlay_alpha=\u00a0\u00bb50&Prime; shift_x=\u00a0\u00bb0&Prime; shift_y=\u00a0\u00bb0&Prime; shift_y_down=\u00a0\u00bb0&Prime; z_index=\u00a0\u00bb0&Prime; medium_width=\u00a0\u00bb4&Prime; mobile_width=\u00a0\u00bb0&Prime; width=\u00a0\u00bb1\/2&Prime; mobile_height=\u00a0\u00bb300&Prime; uncode_shortcode_id=\u00a0\u00bb104228&Prime; back_color_type=\u00a0\u00bbuncode-palette\u00a0\u00bb][vc_custom_heading heading_semantic=\u00a0\u00bbh3&Prime; text_size=\u00a0\u00bbh3&Prime; uncode_shortcode_id=\u00a0\u00bb937509&Prime;]Procida, Capri et Ischia[\/vc_custom_heading][vc_column_text uncode_shortcode_id=\u00a0\u00bb367547&Prime;]<span style=\"font-weight: 400;\">Nous sommes situ\u00e9s \u00e0 quelques pas du centre-ville et \u00e0 seulement 100 m\u00e8tres de l&#8217;embarquement des ferries pour les \u00eeles du Golfe de Naples : Procida, Capri et Ischia.<\/span>[\/vc_column_text][\/vc_column_inner][vc_column_inner column_width_percent=\u00a0\u00bb100&Prime; gutter_size=\u00a0\u00bb3&Prime; override_padding=\u00a0\u00bbyes\u00a0\u00bb column_padding=\u00a0\u00bb4&Prime; style=\u00a0\u00bbdark\u00a0\u00bb back_color=\u00a0\u00bbaccent\u00a0\u00bb overlay_alpha=\u00a0\u00bb50&Prime; shift_x=\u00a0\u00bb0&Prime; shift_y=\u00a0\u00bb0&Prime; shift_y_down=\u00a0\u00bb0&Prime; z_index=\u00a0\u00bb0&Prime; medium_width=\u00a0\u00bb4&Prime; mobile_width=\u00a0\u00bb0&Prime; width=\u00a0\u00bb1\/2&Prime; uncode_shortcode_id=\u00a0\u00bb161912&Prime; back_color_type=\u00a0\u00bbuncode-palette\u00a0\u00bb][vc_custom_heading heading_semantic=\u00a0\u00bbh3&Prime; text_size=\u00a0\u00bbh3&Prime; uncode_shortcode_id=\u00a0\u00bb679387&Prime;]<span style=\"font-weight: 400;\">Escapade romantique<\/span>[\/vc_custom_heading][vc_column_text uncode_shortcode_id=\u00a0\u00bb174784&Prime;]<span style=\"font-weight: 400;\">Vous pouvez \u00e9galement d\u00e9cider, \u00e0 la derni\u00e8re minute, de partir en escapade romantique dans ces lieux de r\u00eave. Planifiez votre escapade romantique et \u00e9tonnez votre ch\u00e9rie !<\/span>[\/vc_column_text][\/vc_column_inner][\/vc_row_inner][\/vc_column][\/vc_row][vc_row unlock_row_content=\u00a0\u00bbyes\u00a0\u00bb row_height_percent=\u00a0\u00bb0&Prime; override_padding=\u00a0\u00bbyes\u00a0\u00bb h_padding=\u00a0\u00bb0&Prime; top_padding=\u00a0\u00bb0&Prime; bottom_padding=\u00a0\u00bb0&Prime; overlay_alpha=\u00a0\u00bb50&Prime; gutter_size=\u00a0\u00bb3&Prime; column_width_percent=\u00a0\u00bb100&Prime; shift_y=\u00a0\u00bb0&Prime; z_index=\u00a0\u00bb0&Prime;][vc_column column_width_percent=\u00a0\u00bb100&Prime; gutter_size=\u00a0\u00bb3&Prime; style=\u00a0\u00bbdark\u00a0\u00bb overlay_alpha=\u00a0\u00bb50&Prime; shift_x=\u00a0\u00bb0&Prime; shift_y=\u00a0\u00bb0&Prime; z_index=\u00a0\u00bb0&Prime; medium_width=\u00a0\u00bb0&Prime; mobile_width=\u00a0\u00bb0&Prime; width=\u00a0\u00bb1\/1&Prime;][vc_gallery el_id=\u00a0\u00bbgallery-9751014&Prime; medias=\u00a0\u00bb699,702,705,693,1480,1484&Prime; gallery_back_color=\u00a0\u00bbcolor-424651&Prime; gutter_size=\u00a0\u00bb1&Prime; screen_lg=\u00a0\u00bb1000&Prime; screen_md=\u00a0\u00bb600&Prime; screen_sm=\u00a0\u00bb480&Prime; single_width=\u00a0\u00bb2&Prime; images_size=\u00a0\u00bbfour-three\u00a0\u00bb single_overlay_color=\u00a0\u00bbcolor-424651&Prime; single_overlay_opacity=\u00a0\u00bb50&Prime; single_h_align=\u00a0\u00bbcenter\u00a0\u00bb single_padding=\u00a0\u00bb2&Prime; single_icon=\u00a0\u00bbfa fa-plus2&Prime; single_border=\u00a0\u00bbyes\u00a0\u00bb single_css_animation=\u00a0\u00bbalpha-anim\u00a0\u00bb single_animation_speed=\u00a0\u00bb600&Prime; single_animation_delay=\u00a0\u00bb100&Prime; lbox_caption=\u00a0\u00bbyes\u00a0\u00bb lbox_social=\u00a0\u00bbyes\u00a0\u00bb lbox_deep=\u00a0\u00bbyes\u00a0\u00bb lbox_no_tmb=\u00a0\u00bbyes\u00a0\u00bb lbox_no_arrows=\u00a0\u00bbyes\u00a0\u00bb uncode_shortcode_id=\u00a0\u00bb913669&Prime; gallery_back_color_type=\u00a0\u00bbuncode-palette\u00a0\u00bb][\/vc_column][\/vc_row][vc_row row_height_percent=\u00a0\u00bb0&Prime; override_padding=\u00a0\u00bbyes\u00a0\u00bb h_padding=\u00a0\u00bb2&Prime; top_padding=\u00a0\u00bb5&Prime; bottom_padding=\u00a0\u00bb3&Prime; overlay_alpha=\u00a0\u00bb50&Prime; gutter_size=\u00a0\u00bb3&Prime; column_width_percent=\u00a0\u00bb100&Prime; shift_y=\u00a0\u00bb0&Prime; z_index=\u00a0\u00bb0&Prime; bottom_divider=\u00a0\u00bbstep_3_4&Prime; uncode_shortcode_id=\u00a0\u00bb122785&Prime;][vc_column column_width_percent=\u00a0\u00bb100&Prime; gutter_size=\u00a0\u00bb3&Prime; overlay_alpha=\u00a0\u00bb50&Prime; shift_x=\u00a0\u00bb0&Prime; shift_y=\u00a0\u00bb0&Prime; shift_y_down=\u00a0\u00bb0&Prime; z_index=\u00a0\u00bb0&Prime; medium_width=\u00a0\u00bb0&Prime; mobile_width=\u00a0\u00bb0&Prime; css_animation=\u00a0\u00bbalpha-anim\u00a0\u00bb animation_speed=\u00a0\u00bb1000&Prime; width=\u00a0\u00bb1\/1&Prime; uncode_shortcode_id=\u00a0\u00bb809321&Prime;][uncode_block id=\u00a0\u00bb420&Prime;][\/vc_column][\/vc_row]<\/p>\n","protected":false},"excerpt":{"rendered":"<p>[vc_row row_height_percent=\u00a0\u00bb85&Prime; override_padding=\u00a0\u00bbyes\u00a0\u00bb h_padding=\u00a0\u00bb3&Prime; top_padding=\u00a0\u00bb5&Prime; bottom_padding=\u00a0\u00bb5&Prime; back_color=\u00a0\u00bbcolor-wayh\u00a0\u00bb back_image=\u00a0\u00bb684&Prime; overlay_color=\u00a0\u00bbcolor-wayh\u00a0\u00bb overlay_alpha=\u00a0\u00bb50&Prime; gutter_size=\u00a0\u00bb3&Prime; column_width_percent=\u00a0\u00bb100&Prime; shift_y=\u00a0\u00bb0&Prime; z_index=\u00a0\u00bb0&Prime; top_divider=\u00a0\u00bbswoosh\u00a0\u00bb enable_bottom_divider=\u00a0\u00bbdefault\u00a0\u00bb bottom_divider_inv=\u00a0\u00bbcurve-asym-opacity\u00a0\u00bb shape_bottom_invert=\u00a0\u00bbyes\u00a0\u00bb shape_bottom_h_use_pixel=\u00a0\u00bb\u00a0\u00bb shape_bottom_height=\u00a0\u00bb100&Prime; [&hellip;]<\/p>\n","protected":false},"author":2,"featured_media":0,"parent":0,"menu_order":0,"comment_status":"closed","ping_status":"closed","template":"","meta":{"footnotes":""},"class_list":["post-939","page","type-page","status-publish","hentry"],"yoast_head":"<!-- This site is optimized with the Yoast SEO plugin v27.5 - https:\/\/yoast.com\/product\/yoast-seo-wordpress\/ -->\n<title>S\u00e9jour Romantique \u00e0 Naples Smart Hotel Vacances en couple<\/title>\n<meta name=\"description\" content=\"S\u00e9jour Romantique \u00e0 Naples: surprenez votre bien-aim\u00e9e\u00a0! Laissez-vous s\u00e9duire par des environnements modernes, \u00e9l\u00e9gants et fonctionnels\" \/>\n<meta name=\"robots\" content=\"index, follow, max-snippet:-1, max-image-preview:large, max-video-preview:-1\" \/>\n<link rel=\"canonical\" href=\"https:\/\/www.casavesca.it\/vacanza-romantica-a-napoli\/\" \/>\n<meta property=\"og:locale\" content=\"fr_FR\" \/>\n<meta property=\"og:type\" content=\"article\" \/>\n<meta property=\"og:title\" content=\"S\u00e9jour Romantique \u00e0 Naples Smart Hotel Vacances en couple\" \/>\n<meta property=\"og:description\" content=\"S\u00e9jour Romantique \u00e0 Naples: surprenez votre bien-aim\u00e9e\u00a0! Laissez-vous s\u00e9duire par des environnements modernes, \u00e9l\u00e9gants et fonctionnels\" \/>\n<meta property=\"og:url\" content=\"https:\/\/www.casavesca.it\/vacanza-romantica-a-napoli\/\" \/>\n<meta property=\"og:site_name\" content=\"La Vesca Residence\" \/>\n<meta property=\"article:modified_time\" content=\"2023-07-12T10:30:46+00:00\" \/>\n<meta name=\"twitter:card\" content=\"summary_large_image\" \/>\n<meta name=\"twitter:label1\" content=\"Dur\u00e9e de lecture estim\u00e9e\" \/>\n\t<meta name=\"twitter:data1\" content=\"4 minutes\" \/>\n<script type=\"application\/ld+json\" class=\"yoast-schema-graph\">{\"@context\":\"https:\\\/\\\/schema.org\",\"@graph\":[{\"@type\":\"WebPage\",\"@id\":\"https:\\\/\\\/www.casavesca.it\\\/vacanza-romantica-a-napoli\\\/\",\"url\":\"https:\\\/\\\/www.casavesca.it\\\/vacanza-romantica-a-napoli\\\/\",\"name\":\"S\u00e9jour Romantique \u00e0 Naples Smart Hotel Vacances en couple\",\"isPartOf\":{\"@id\":\"https:\\\/\\\/www.casavesca.it\\\/#website\"},\"datePublished\":\"2022-03-03T11:17:19+00:00\",\"dateModified\":\"2023-07-12T10:30:46+00:00\",\"description\":\"S\u00e9jour Romantique \u00e0 Naples: surprenez votre bien-aim\u00e9e\u00a0! Laissez-vous s\u00e9duire par des environnements modernes, \u00e9l\u00e9gants et fonctionnels\",\"inLanguage\":\"fr-FR\",\"potentialAction\":[{\"@type\":\"ReadAction\",\"target\":[\"https:\\\/\\\/www.casavesca.it\\\/vacanza-romantica-a-napoli\\\/\"]}]},{\"@type\":\"WebSite\",\"@id\":\"https:\\\/\\\/www.casavesca.it\\\/#website\",\"url\":\"https:\\\/\\\/www.casavesca.it\\\/\",\"name\":\"La Vesca Residence\",\"description\":\"Vivi Sanremo sul mare\",\"potentialAction\":[{\"@type\":\"SearchAction\",\"target\":{\"@type\":\"EntryPoint\",\"urlTemplate\":\"https:\\\/\\\/www.casavesca.it\\\/?s={search_term_string}\"},\"query-input\":{\"@type\":\"PropertyValueSpecification\",\"valueRequired\":true,\"valueName\":\"search_term_string\"}}],\"inLanguage\":\"fr-FR\"}]}<\/script>\n<!-- \/ Yoast SEO plugin. -->","yoast_head_json":{"title":"S\u00e9jour Romantique \u00e0 Naples Smart Hotel Vacances en couple","description":"S\u00e9jour Romantique \u00e0 Naples: surprenez votre bien-aim\u00e9e\u00a0! Laissez-vous s\u00e9duire par des environnements modernes, \u00e9l\u00e9gants et fonctionnels","robots":{"index":"index","follow":"follow","max-snippet":"max-snippet:-1","max-image-preview":"max-image-preview:large","max-video-preview":"max-video-preview:-1"},"canonical":"https:\/\/www.casavesca.it\/vacanza-romantica-a-napoli\/","og_locale":"fr_FR","og_type":"article","og_title":"S\u00e9jour Romantique \u00e0 Naples Smart Hotel Vacances en couple","og_description":"S\u00e9jour Romantique \u00e0 Naples: surprenez votre bien-aim\u00e9e\u00a0! Laissez-vous s\u00e9duire par des environnements modernes, \u00e9l\u00e9gants et fonctionnels","og_url":"https:\/\/www.casavesca.it\/vacanza-romantica-a-napoli\/","og_site_name":"La Vesca Residence","article_modified_time":"2023-07-12T10:30:46+00:00","twitter_card":"summary_large_image","twitter_misc":{"Dur\u00e9e de lecture estim\u00e9e":"4 minutes"},"schema":{"@context":"https:\/\/schema.org","@graph":[{"@type":"WebPage","@id":"https:\/\/www.casavesca.it\/vacanza-romantica-a-napoli\/","url":"https:\/\/www.casavesca.it\/vacanza-romantica-a-napoli\/","name":"S\u00e9jour Romantique \u00e0 Naples Smart Hotel Vacances en couple","isPartOf":{"@id":"https:\/\/www.casavesca.it\/#website"},"datePublished":"2022-03-03T11:17:19+00:00","dateModified":"2023-07-12T10:30:46+00:00","description":"S\u00e9jour Romantique \u00e0 Naples: surprenez votre bien-aim\u00e9e\u00a0! Laissez-vous s\u00e9duire par des environnements modernes, \u00e9l\u00e9gants et fonctionnels","inLanguage":"fr-FR","potentialAction":[{"@type":"ReadAction","target":["https:\/\/www.casavesca.it\/vacanza-romantica-a-napoli\/"]}]},{"@type":"WebSite","@id":"https:\/\/www.casavesca.it\/#website","url":"https:\/\/www.casavesca.it\/","name":"La Vesca Residence","description":"Vivi Sanremo sul mare","potentialAction":[{"@type":"SearchAction","target":{"@type":"EntryPoint","urlTemplate":"https:\/\/www.casavesca.it\/?s={search_term_string}"},"query-input":{"@type":"PropertyValueSpecification","valueRequired":true,"valueName":"search_term_string"}}],"inLanguage":"fr-FR"}]}},"_links":{"self":[{"href":"https:\/\/www.casavesca.it\/fr\/wp-json\/wp\/v2\/pages\/939","targetHints":{"allow":["GET"]}}],"collection":[{"href":"https:\/\/www.casavesca.it\/fr\/wp-json\/wp\/v2\/pages"}],"about":[{"href":"https:\/\/www.casavesca.it\/fr\/wp-json\/wp\/v2\/types\/page"}],"author":[{"embeddable":true,"href":"https:\/\/www.casavesca.it\/fr\/wp-json\/wp\/v2\/users\/2"}],"replies":[{"embeddable":true,"href":"https:\/\/www.casavesca.it\/fr\/wp-json\/wp\/v2\/comments?post=939"}],"version-history":[{"count":0,"href":"https:\/\/www.casavesca.it\/fr\/wp-json\/wp\/v2\/pages\/939\/revisions"}],"wp:attachment":[{"href":"https:\/\/www.casavesca.it\/fr\/wp-json\/wp\/v2\/media?parent=939"}],"curies":[{"name":"wp","href":"https:\/\/api.w.org\/{rel}","templated":true}]}}