{"id":1295,"date":"2022-06-03T13:03:06","date_gmt":"2022-06-03T11:03:06","guid":{"rendered":"https:\/\/casavesca.it\/procida\/"},"modified":"2024-10-31T10:11:42","modified_gmt":"2024-10-31T09:11:42","slug":"anlegestelle-fahren-tragflachenbooten-procida","status":"publish","type":"page","link":"https:\/\/www.casavesca.it\/de\/anlegestelle-fahren-tragflachenbooten-procida\/","title":{"rendered":"Procida"},"content":{"rendered":"<p>[vc_row row_height_percent=&#8220;85&#8243; override_padding=&#8220;yes&#8220; h_padding=&#8220;3&#8243; top_padding=&#8220;5&#8243; bottom_padding=&#8220;5&#8243; back_color=&#8220;color-wayh&#8220; back_image=&#8220;55&#8243; overlay_color=&#8220;color-wayh&#8220; overlay_alpha=&#8220;50&#8243; gutter_size=&#8220;3&#8243; column_width_percent=&#8220;100&#8243; shift_y=&#8220;0&#8243; z_index=&#8220;0&#8243; top_divider=&#8220;swoosh&#8220; enable_bottom_divider=&#8220;default&#8220; bottom_divider_inv=&#8220;curve-asym-opacity&#8220; shape_bottom_invert=&#8220;yes&#8220; shape_bottom_h_use_pixel=&#8220;&#8220; shape_bottom_height=&#8220;100&#8243; shape_bottom_color=&#8220;color-xsdn&#8220; shape_bottom_opacity=&#8220;100&#8243; shape_bottom_index=&#8220;0&#8243; uncode_shortcode_id=&#8220;632083&#8243; back_color_type=&#8220;uncode-palette&#8220; overlay_color_type=&#8220;uncode-palette&#8220; shape_bottom_color_type=&#8220;uncode-palette&#8220;][vc_column column_width_percent=&#8220;100&#8243; position_vertical=&#8220;middle&#8220; align_horizontal=&#8220;align_center&#8220; gutter_size=&#8220;4&#8243; style=&#8220;dark&#8220; overlay_alpha=&#8220;50&#8243; shift_x=&#8220;0&#8243; shift_y=&#8220;0&#8243; shift_y_down=&#8220;0&#8243; z_index=&#8220;0&#8243; medium_width=&#8220;0&#8243; mobile_width=&#8220;0&#8243; width=&#8220;1\/1&#8243;][vc_row_inner row_inner_height_percent=&#8220;0&#8243; overlay_alpha=&#8220;50&#8243; gutter_size=&#8220;3&#8243; shift_y=&#8220;0&#8243; z_index=&#8220;1&#8243; limit_content=&#8220;&#8220;][vc_column_inner column_width_percent=&#8220;100&#8243; align_horizontal=&#8220;align_center&#8220; gutter_size=&#8220;3&#8243; style=&#8220;dark&#8220; overlay_alpha=&#8220;50&#8243; shift_x=&#8220;0&#8243; shift_y=&#8220;0&#8243; shift_y_down=&#8220;0&#8243; z_index=&#8220;0&#8243; medium_width=&#8220;0&#8243; mobile_width=&#8220;0&#8243; width=&#8220;1\/1&#8243;][vc_custom_heading text_size=&#8220;fontsize-445851&#8243; text_transform=&#8220;uppercase&#8220; text_height=&#8220;fontheight-179065&#8243; css_animation=&#8220;bottom-t-top&#8220; animation_delay=&#8220;600&#8243; title=&#8220;&#8220; uncode_shortcode_id=&#8220;193973&#8243; text_color_type=&#8220;uncode-solid&#8220; text_color_solid=&#8220;rgba(255,255,255,0.5)&#8220;]Procida[\/vc_custom_heading][vc_custom_heading heading_semantic=&#8220;h1&#8243; text_size=&#8220;h1&#8243; text_height=&#8220;fontheight-179065&#8243; text_space=&#8220;fontspace-111509&#8243; css_animation=&#8220;bottom-t-top&#8220; animation_delay=&#8220;600&#8243; title=&#8220;&#8220; uncode_shortcode_id=&#8220;109548&#8243; text_color_type=&#8220;uncode-solid&#8220; text_color_solid=&#8220;rgba(255,255,255,0.52)&#8220;]Besuch auf Procida[\/vc_custom_heading][\/vc_column_inner][\/vc_row_inner][vc_empty_space empty_h=&#8220;4&#8243;][\/vc_column][\/vc_row][vc_row][vc_column width=&#8220;1\/1&#8243;][uncode_block id=&#8220;47&#8243;][\/vc_column][\/vc_row][vc_row row_height_percent=&#8220;0&#8243; override_padding=&#8220;yes&#8220; h_padding=&#8220;2&#8243; top_padding=&#8220;5&#8243; bottom_padding=&#8220;5&#8243; overlay_alpha=&#8220;50&#8243; gutter_size=&#8220;3&#8243; column_width_percent=&#8220;100&#8243; shift_y=&#8220;0&#8243; z_index=&#8220;0&#8243;][vc_column column_width_use_pixel=&#8220;yes&#8220; align_horizontal=&#8220;align_center&#8220; gutter_size=&#8220;3&#8243; overlay_alpha=&#8220;50&#8243; shift_x=&#8220;0&#8243; shift_y=&#8220;0&#8243; shift_y_down=&#8220;0&#8243; z_index=&#8220;0&#8243; medium_width=&#8220;0&#8243; mobile_width=&#8220;0&#8243; width=&#8220;1\/1&#8243; column_width_pixel=&#8220;900&#8243;][vc_custom_heading heading_semantic=&#8220;h3&#8243; text_size=&#8220;fontsize-155944&#8243; uncode_shortcode_id=&#8220;201425&#8243;]Procida, italienische Kulturhauptstadt 2022, ist die Perle des Golfs von Neapel und die erste Insel, die die begehrte Nominierung erhalten hat.[\/vc_custom_heading][vc_column_text text_lead=&#8220;yes&#8220; uncode_shortcode_id=&#8220;180077&#8243;]Diese malerische Insel liegt weniger als eine Stunde mit dem Tragfl\u00e4chenboot von Neapel entfernt und wenn Sie in unserem Hotel<strong>\u00fcbernachten, haben Sie die Anlegestelle von F\u00e4hren \/ Tragfl\u00e4chenbooten nur 100 Meter vom Haus entfernt.<\/strong>.Lassen Sie uns gemeinsam die Wunder von Procida entdecken![\/vc_column_text][\/vc_column][\/vc_row][vc_row row_height_percent=&#8220;100&#8243; override_padding=&#8220;yes&#8220; h_padding=&#8220;2&#8243; top_padding=&#8220;3&#8243; bottom_padding=&#8220;3&#8243; back_color=&#8220;color-wayh&#8220; back_image=&#8220;73&#8243; overlay_alpha=&#8220;90&#8243; equal_height=&#8220;yes&#8220; gutter_size=&#8220;0&#8243; column_width_use_pixel=&#8220;yes&#8220; shift_y=&#8220;0&#8243; z_index=&#8220;0&#8243; desktop_visibility=&#8220;yes&#8220; medium_visibility=&#8220;yes&#8220; mobile_visibility=&#8220;yes&#8220; inverted_device_order=&#8220;yes&#8220; auto_height_device=&#8220;yes&#8220; row_name=&#8220;Welcome&#8220; uncode_shortcode_id=&#8220;197911&#8243; back_color_type=&#8220;uncode-palette&#8220; overlay_color_type=&#8220;uncode-solid&#8220; overlay_color_solid=&#8220;#eb80a8&#8243; shape_dividers=&#8220;&#8220;][vc_column column_width_use_pixel=&#8220;yes&#8220; position_vertical=&#8220;middle&#8220; align_horizontal=&#8220;align_center&#8220; gutter_size=&#8220;3&#8243; style=&#8220;dark&#8220; overlay_alpha=&#8220;50&#8243; shift_x=&#8220;0&#8243; shift_y=&#8220;0&#8243; shift_y_down=&#8220;0&#8243; z_index=&#8220;0&#8243; medium_width=&#8220;0&#8243; mobile_width=&#8220;0&#8243; width=&#8220;1\/1&#8243;][vc_single_image media=&#8220;961&#8243; media_width_use_pixel=&#8220;yes&#8220; alignment=&#8220;center&#8220; css_animation=&#8220;top-t-bottom&#8220; animation_delay=&#8220;600&#8243; rotating=&#8220;always&#8220; uncode_shortcode_id=&#8220;984740&#8243; media_width_pixel=&#8220;100&#8243;][vc_row_inner row_inner_height_percent=&#8220;0&#8243; overlay_alpha=&#8220;50&#8243; gutter_size=&#8220;3&#8243; shift_y=&#8220;0&#8243; z_index=&#8220;0&#8243;][vc_column_inner column_width_use_pixel=&#8220;yes&#8220; position_vertical=&#8220;middle&#8220; align_horizontal=&#8220;align_center&#8220; gutter_size=&#8220;3&#8243; style=&#8220;dark&#8220; overlay_alpha=&#8220;50&#8243; shift_x=&#8220;0&#8243; shift_y=&#8220;0&#8243; shift_y_down=&#8220;0&#8243; z_index=&#8220;0&#8243; medium_width=&#8220;0&#8243; mobile_width=&#8220;0&#8243; width=&#8220;1\/1&#8243; column_width_pixel=&#8220;740&#8243;][vc_custom_heading text_size=&#8220;h3&#8243; uncode_shortcode_id=&#8220;124260&#8243;]Der Startschuss f\u00e4llt am 9. April in Calata Porta di Massa im Hafengebiet von Neapel, nur 10 Minuten Fu\u00dfweg vom Smart Hotel entfernt.[\/vc_custom_heading][vc_column_text text_lead=&#8220;yes&#8220; css_animation=&#8220;bottom-t-top&#8220; animation_delay=&#8220;600&#8243; uncode_shortcode_id=&#8220;106941&#8243;]Wenn Sie direkt \u00fcber unsere offizielle Website buchen, erhalten Sie einen <strong>Rabatt von bis zu 15% auf die Preisliste<\/strong> und viele \u00dcberraschungen im Angebot enthalten![\/vc_column_text][vc_button outline=&#8220;yes&#8220; border_width=&#8220;0&#8243; display=&#8220;inline&#8220; top_margin=&#8220;yes&#8220; css_animation=&#8220;bottom-t-top&#8220; animation_delay=&#8220;800&#8243; link=&#8220;url:https%3A%2F%2Fcasavesca.it%2Fofferta-hotel-per-cerimonia-procida-capitale-cultura-2022%2F|title:Procida%2C%20italienische%20Kulturhauptstadt%202022|&#8220; uncode_shortcode_id=&#8220;173400&#8243;]Siehe das Angebot[\/vc_button][\/vc_column_inner][\/vc_row_inner][vc_empty_space empty_h=&#8220;2&#8243;][vc_separator sep_color=&#8220;&#8220; uncode_shortcode_id=&#8220;211421&#8243; sep_color_type=&#8220;uncode-solid&#8220; sep_color_solid=&#8220;rgba(255,255,255,0.2)&#8220;][vc_empty_space empty_h=&#8220;2&#8243;][vc_row_inner row_inner_height_percent=&#8220;0&#8243; overlay_alpha=&#8220;50&#8243; gutter_size=&#8220;3&#8243; shift_y=&#8220;0&#8243; z_index=&#8220;0&#8243;][vc_column_inner column_width_percent=&#8220;100&#8243; position_vertical=&#8220;middle&#8220; gutter_size=&#8220;3&#8243; style=&#8220;dark&#8220; overlay_alpha=&#8220;50&#8243; shift_x=&#8220;0&#8243; shift_y=&#8220;0&#8243; shift_y_down=&#8220;0&#8243; z_index=&#8220;0&#8243; medium_width=&#8220;0&#8243; mobile_width=&#8220;0&#8243; width=&#8220;1\/2&#8243; uncode_shortcode_id=&#8220;178453&#8243;][vc_column_text uncode_shortcode_id=&#8220;113923&#8243;]<strong>Alle Ore 14.00 : &#8222;Il pianoforte sospeso&#8220;.<br \/>\nDie Notizen davon werden den Eingang der G\u00e4ste auf der F\u00e4hre begleiten, die sie von Neapel nach Procida bringen wird. <strong> Renata Benvegn\u00f9 <\/strong> , <strong> junge talentierte italienische Pianistin <\/strong> , wird <strong> live auf 3 Meter H\u00f6he schwebend spielen <\/strong> : Sie wird verschiedene musikalische Genres der Unterhaltungsmusik auff\u00fchren bis Jazz, von Soundtracks \u00fcber zeitgen\u00f6ssische Musik bis hin zu Rock und Disco.<\/strong><\/p>\n<p><strong> Um 16.30 Uhr: Moby Dick<br \/>\n<\/strong> Auf der Piazza Marina Grande in Procida erwartet Sie eine wundersch\u00f6ne Open-Air-Theatershow, die bereits mit zahlreichen Preisen ausgezeichnet wurde. 20 K\u00fcnstler (Schauspieler, T\u00e4nzer, Musiker und Techniker) <strong> die B\u00fcrger von Procida werden sich <\/strong> anschlie\u00dfen, um diese gro\u00dfartige Theaterauff\u00fchrung zu inszenieren<\/p>\n<p><strong> 18.00: Die Parade<br \/>\n<\/strong> Eine <strong> gro\u00dfe Parade <\/strong> , die das <strong> Herz der Insel durchquert, mit der Teilnahme von T\u00e4nzern, Schauspielern, Watv\u00f6geln und verschiedenen lokalen K\u00fcnstlern <\/strong>[\/vc_column_text][\/vc_column_inner][vc_column_inner column_width_percent=&#8220;100&#8243; gutter_size=&#8220;3&#8243; style=&#8220;dark&#8220; overlay_alpha=&#8220;50&#8243; shift_x=&#8220;0&#8243; shift_y=&#8220;0&#8243; shift_y_down=&#8220;0&#8243; z_index=&#8220;0&#8243; medium_width=&#8220;0&#8243; mobile_width=&#8220;0&#8243; width=&#8220;1\/2&#8243; uncode_shortcode_id=&#8220;311124&#8243;][vc_column_text uncode_shortcode_id=&#8220;163983&#8243;]<strong> 18.40 Uhr: Die offizielle Zeremonie<br \/>\n<\/strong> Im ehemaligen Kloster Santa Margherita Nuova, in Anwesenheit des Pr\u00e4sidenten der Republik<\/p>\n<p><strong> 19.00 Uhr: <\/strong> <strong> Les Tambours et Poup\u00e9es auteurs dans un unvers aquatique <\/strong> <em><br \/>\n<\/em> Die Wandershow des Transe Express: Riesenpuppen, die durch die Menge ziehen, Volkslieder und gro\u00dfe lyrische Arien und an leuchtenden Darstellungen von Quallen, Fischen und Wasserschlangen wird es nicht fehlen.<\/p>\n<p><strong> 19.45 Uhr: Visuelle Show<br \/>\n<\/strong> Eine interessante Intervention der <strong> visuellen Architekturshow <\/strong> von <strong> Gio Pistone <\/strong> und <strong> Alessandra Carloni <\/strong><\/p>\n<p><strong> 19.45 Uhr: Kampanien wird rosa <\/strong><br \/>\nProjektion des offiziellen Logos und des Satzes <strong> \u201eKultur isoliert nicht\u201c <\/strong> auf einige der wichtigsten Denkm\u00e4ler Kampaniens, die in Pink, der Farbe von Procida 2022, leuchten werden.[\/vc_column_text][\/vc_column_inner][\/vc_row_inner][\/vc_column][\/vc_row][vc_row row_height_percent=&#8220;60&#8243; override_padding=&#8220;yes&#8220; h_padding=&#8220;2&#8243; top_padding=&#8220;6&#8243; bottom_padding=&#8220;6&#8243; back_color=&#8220;color-nhtu&#8220; back_image=&#8220;73&#8243; back_position=&#8220;center bottom&#8220; parallax=&#8220;yes&#8220; kburns=&#8220;magnetic&#8220; overlay_color=&#8220;color-jevc&#8220; overlay_alpha=&#8220;30&#8243; gutter_size=&#8220;3&#8243; column_width_percent=&#8220;100&#8243; shift_y=&#8220;0&#8243; z_index=&#8220;0&#8243; uncode_shortcode_id=&#8220;185977&#8243; back_color_type=&#8220;uncode-palette&#8220; overlay_color_type=&#8220;uncode-palette&#8220; row_height_pixel=&#8220;300&#8243;][vc_column column_width_use_pixel=&#8220;yes&#8220; position_vertical=&#8220;middle&#8220; align_horizontal=&#8220;align_center&#8220; gutter_size=&#8220;2&#8243; style=&#8220;dark&#8220; overlay_alpha=&#8220;50&#8243; shift_x=&#8220;0&#8243; shift_y=&#8220;0&#8243; shift_y_down=&#8220;0&#8243; z_index=&#8220;0&#8243; medium_width=&#8220;0&#8243; mobile_width=&#8220;0&#8243; width=&#8220;1\/1&#8243; column_width_pixel=&#8220;900&#8243; uncode_shortcode_id=&#8220;161055&#8243; mobile_height=&#8220;380&#8243;][vc_empty_space empty_h=&#8220;3&#8243;][\/vc_column][\/vc_row][vc_row row_height_percent=&#8220;0&#8243; override_padding=&#8220;yes&#8220; h_padding=&#8220;2&#8243; top_padding=&#8220;5&#8243; bottom_padding=&#8220;5&#8243; back_color=&#8220;color-lxmt&#8220; back_image=&#8220;19&#8243; overlay_color=&#8220;color-lxmt&#8220; overlay_alpha=&#8220;45&#8243; gutter_size=&#8220;3&#8243; column_width_percent=&#8220;100&#8243; shift_y=&#8220;0&#8243; z_index=&#8220;0&#8243; uncode_shortcode_id=&#8220;201988&#8243; back_color_type=&#8220;uncode-palette&#8220; overlay_color_type=&#8220;uncode-palette&#8220;][vc_column width=&#8220;1\/1&#8243;][vc_row_inner][vc_column_inner width=&#8220;1\/1&#8243;][vc_column_text uncode_shortcode_id=&#8220;195320&#8243;]Procida, italienische Kulturhauptstadt 2022, ist die Perle des Golfs von Neapel und die erste Insel, die die begehrte Nominierung erhalten hat.<br \/>\nDiese malerische Insel liegt weniger als eine Stunde mit dem Tragfl\u00e4chenboot von Neapel entfernt und wenn Sie in unserem Hotel \u00fcbernachten, haben Sie die Anlegestelle von F\u00e4hren \/ Tragfl\u00e4chenbooten nur 100 Meter vom Haus entfernt. Lassen Sie uns gemeinsam die Wunder von Procida entdecken!<\/p>\n<p>Das erste, was denen auff\u00e4llt, die auf der Insel anlegen, sind die charakteristischen bunten H\u00e4user am Meer.<br \/>\nUnd wie sollte man die Str\u00e4nde, Buchten und Beeren nicht erw\u00e4hnen? Nicht zu vers\u00e4umen ist der Chiaia-Strand, der \u00fcber 182 Stufen erreichbar ist.<br \/>\nDann weiter westlich der Insel, die Str\u00e4nde von Ciraccio und Chiaiolella mit kristallklarem Wasser und wo Sie die Sonne bis sp\u00e4t in die Nacht genie\u00dfen k\u00f6nnen.<br \/>\nAusserdem wurde Procida als Drehort f\u00fcr zahlreiche unvergessliche Filme ausgew\u00e4hlt.<br \/>\nKlares Wasser und maximale Entspannung und Ruhe sind an diesem Ort garantiert, an dem die Zeit stehen geblieben zu sein scheint.[\/vc_column_text][\/vc_column_inner][\/vc_row_inner][\/vc_column][\/vc_row][vc_row row_height_percent=&#8220;0&#8243; override_padding=&#8220;yes&#8220; h_padding=&#8220;2&#8243; top_padding=&#8220;5&#8243; bottom_padding=&#8220;3&#8243; overlay_alpha=&#8220;50&#8243; gutter_size=&#8220;3&#8243; column_width_percent=&#8220;100&#8243; shift_y=&#8220;0&#8243; z_index=&#8220;0&#8243; bottom_divider=&#8220;step_3_4&#8243; uncode_shortcode_id=&#8220;122785&#8243;][vc_column column_width_percent=&#8220;100&#8243; gutter_size=&#8220;3&#8243; overlay_alpha=&#8220;50&#8243; shift_x=&#8220;0&#8243; shift_y=&#8220;0&#8243; shift_y_down=&#8220;0&#8243; z_index=&#8220;0&#8243; medium_width=&#8220;0&#8243; mobile_width=&#8220;0&#8243; css_animation=&#8220;alpha-anim&#8220; animation_speed=&#8220;1000&#8243; width=&#8220;1\/1&#8243; uncode_shortcode_id=&#8220;809321&#8243;][uncode_block id=&#8220;64&#8243;][\/vc_column][\/vc_row]<\/p>\n","protected":false},"excerpt":{"rendered":"<p>[vc_row row_height_percent=&#8220;85&#8243; override_padding=&#8220;yes&#8220; h_padding=&#8220;3&#8243; top_padding=&#8220;5&#8243; bottom_padding=&#8220;5&#8243; back_color=&#8220;color-wayh&#8220; back_image=&#8220;55&#8243; overlay_color=&#8220;color-wayh&#8220; overlay_alpha=&#8220;50&#8243; gutter_size=&#8220;3&#8243; column_width_percent=&#8220;100&#8243; shift_y=&#8220;0&#8243; z_index=&#8220;0&#8243; top_divider=&#8220;swoosh&#8220; enable_bottom_divider=&#8220;default&#8220; bottom_divider_inv=&#8220;curve-asym-opacity&#8220; shape_bottom_invert=&#8220;yes&#8220; shape_bottom_h_use_pixel=&#8220;&#8220; shape_bottom_height=&#8220;100&#8243; [&hellip;]<\/p>\n","protected":false},"author":2,"featured_media":0,"parent":0,"menu_order":0,"comment_status":"closed","ping_status":"closed","template":"","meta":{"footnotes":""},"class_list":["post-1295","page","type-page","status-publish","hentry"],"yoast_head":"<!-- This site is optimized with the Yoast SEO plugin v27.5 - https:\/\/yoast.com\/product\/yoast-seo-wordpress\/ -->\n<title>Hotels in der N\u00e4he Anlegestelle F\u00e4hren Tragfl\u00e4chenbooten Procida Neapel<\/title>\n<meta name=\"description\" content=\"Anlegestelle von F\u00e4hren \/ Tragfl\u00e4chenbooten nur 100 Meter vom Haus entfernt.\u00a0Lassen Sie uns gemeinsam die Wunder von Procida entdecken!\" \/>\n<meta name=\"robots\" content=\"index, follow, max-snippet:-1, max-image-preview:large, max-video-preview:-1\" \/>\n<link rel=\"canonical\" href=\"https:\/\/www.casavesca.it\/hotel-vicino-traghetti-procida\/\" \/>\n<meta property=\"og:locale\" content=\"de_DE\" \/>\n<meta property=\"og:type\" content=\"article\" \/>\n<meta property=\"og:title\" content=\"Hotels in der N\u00e4he Anlegestelle F\u00e4hren Tragfl\u00e4chenbooten Procida Neapel\" \/>\n<meta property=\"og:description\" content=\"Ein reichhaltiges Veranstaltungsprogramm, das am Samstag, den 9. April beginnt.\" \/>\n<meta property=\"og:url\" content=\"https:\/\/www.casavesca.it\/hotel-vicino-traghetti-procida\/\" \/>\n<meta property=\"og:site_name\" content=\"La Vesca Residence\" \/>\n<meta property=\"article:modified_time\" content=\"2024-10-31T09:11:42+00:00\" \/>\n<meta name=\"twitter:card\" content=\"summary_large_image\" \/>\n<meta name=\"twitter:title\" content=\"Erfahren Sie mehr \u00fcber das Programm Procida Kulturhauptstadt 2022\" \/>\n<meta name=\"twitter:description\" content=\"Ein reichhaltiges Veranstaltungsprogramm, das am Samstag, den 9. April beginnt.\" \/>\n<meta name=\"twitter:label1\" content=\"Gesch\u00e4tzte Lesezeit\" \/>\n\t<meta name=\"twitter:data1\" content=\"5\u00a0Minuten\" \/>\n<script type=\"application\/ld+json\" class=\"yoast-schema-graph\">{\"@context\":\"https:\\\/\\\/schema.org\",\"@graph\":[{\"@type\":\"WebPage\",\"@id\":\"https:\\\/\\\/www.casavesca.it\\\/hotel-vicino-traghetti-procida\\\/\",\"url\":\"https:\\\/\\\/www.casavesca.it\\\/hotel-vicino-traghetti-procida\\\/\",\"name\":\"Hotels in der N\u00e4he Anlegestelle F\u00e4hren Tragfl\u00e4chenbooten Procida Neapel\",\"isPartOf\":{\"@id\":\"https:\\\/\\\/www.casavesca.it\\\/#website\"},\"datePublished\":\"2022-06-03T11:03:06+00:00\",\"dateModified\":\"2024-10-31T09:11:42+00:00\",\"description\":\"Anlegestelle von F\u00e4hren \\\/ Tragfl\u00e4chenbooten nur 100 Meter vom Haus entfernt.\u00a0Lassen Sie uns gemeinsam die Wunder von Procida entdecken!\",\"inLanguage\":\"de\",\"potentialAction\":[{\"@type\":\"ReadAction\",\"target\":[\"https:\\\/\\\/www.casavesca.it\\\/hotel-vicino-traghetti-procida\\\/\"]}]},{\"@type\":\"WebSite\",\"@id\":\"https:\\\/\\\/www.casavesca.it\\\/#website\",\"url\":\"https:\\\/\\\/www.casavesca.it\\\/\",\"name\":\"La Vesca Residence\",\"description\":\"Vivi Sanremo sul mare\",\"potentialAction\":[{\"@type\":\"SearchAction\",\"target\":{\"@type\":\"EntryPoint\",\"urlTemplate\":\"https:\\\/\\\/www.casavesca.it\\\/?s={search_term_string}\"},\"query-input\":{\"@type\":\"PropertyValueSpecification\",\"valueRequired\":true,\"valueName\":\"search_term_string\"}}],\"inLanguage\":\"de\"}]}<\/script>\n<!-- \/ Yoast SEO plugin. -->","yoast_head_json":{"title":"Hotels in der N\u00e4he Anlegestelle F\u00e4hren Tragfl\u00e4chenbooten Procida Neapel","description":"Anlegestelle von F\u00e4hren \/ Tragfl\u00e4chenbooten nur 100 Meter vom Haus entfernt.\u00a0Lassen Sie uns gemeinsam die Wunder von Procida entdecken!","robots":{"index":"index","follow":"follow","max-snippet":"max-snippet:-1","max-image-preview":"max-image-preview:large","max-video-preview":"max-video-preview:-1"},"canonical":"https:\/\/www.casavesca.it\/hotel-vicino-traghetti-procida\/","og_locale":"de_DE","og_type":"article","og_title":"Hotels in der N\u00e4he Anlegestelle F\u00e4hren Tragfl\u00e4chenbooten Procida Neapel","og_description":"Ein reichhaltiges Veranstaltungsprogramm, das am Samstag, den 9. April beginnt.","og_url":"https:\/\/www.casavesca.it\/hotel-vicino-traghetti-procida\/","og_site_name":"La Vesca Residence","article_modified_time":"2024-10-31T09:11:42+00:00","twitter_card":"summary_large_image","twitter_title":"Erfahren Sie mehr \u00fcber das Programm Procida Kulturhauptstadt 2022","twitter_description":"Ein reichhaltiges Veranstaltungsprogramm, das am Samstag, den 9. April beginnt.","twitter_misc":{"Gesch\u00e4tzte Lesezeit":"5\u00a0Minuten"},"schema":{"@context":"https:\/\/schema.org","@graph":[{"@type":"WebPage","@id":"https:\/\/www.casavesca.it\/hotel-vicino-traghetti-procida\/","url":"https:\/\/www.casavesca.it\/hotel-vicino-traghetti-procida\/","name":"Hotels in der N\u00e4he Anlegestelle F\u00e4hren Tragfl\u00e4chenbooten Procida Neapel","isPartOf":{"@id":"https:\/\/www.casavesca.it\/#website"},"datePublished":"2022-06-03T11:03:06+00:00","dateModified":"2024-10-31T09:11:42+00:00","description":"Anlegestelle von F\u00e4hren \/ Tragfl\u00e4chenbooten nur 100 Meter vom Haus entfernt.\u00a0Lassen Sie uns gemeinsam die Wunder von Procida entdecken!","inLanguage":"de","potentialAction":[{"@type":"ReadAction","target":["https:\/\/www.casavesca.it\/hotel-vicino-traghetti-procida\/"]}]},{"@type":"WebSite","@id":"https:\/\/www.casavesca.it\/#website","url":"https:\/\/www.casavesca.it\/","name":"La Vesca Residence","description":"Vivi Sanremo sul mare","potentialAction":[{"@type":"SearchAction","target":{"@type":"EntryPoint","urlTemplate":"https:\/\/www.casavesca.it\/?s={search_term_string}"},"query-input":{"@type":"PropertyValueSpecification","valueRequired":true,"valueName":"search_term_string"}}],"inLanguage":"de"}]}},"_links":{"self":[{"href":"https:\/\/www.casavesca.it\/de\/wp-json\/wp\/v2\/pages\/1295","targetHints":{"allow":["GET"]}}],"collection":[{"href":"https:\/\/www.casavesca.it\/de\/wp-json\/wp\/v2\/pages"}],"about":[{"href":"https:\/\/www.casavesca.it\/de\/wp-json\/wp\/v2\/types\/page"}],"author":[{"embeddable":true,"href":"https:\/\/www.casavesca.it\/de\/wp-json\/wp\/v2\/users\/2"}],"replies":[{"embeddable":true,"href":"https:\/\/www.casavesca.it\/de\/wp-json\/wp\/v2\/comments?post=1295"}],"version-history":[{"count":0,"href":"https:\/\/www.casavesca.it\/de\/wp-json\/wp\/v2\/pages\/1295\/revisions"}],"wp:attachment":[{"href":"https:\/\/www.casavesca.it\/de\/wp-json\/wp\/v2\/media?parent=1295"}],"curies":[{"name":"wp","href":"https:\/\/api.w.org\/{rel}","templated":true}]}}