{"id":1291,"date":"2022-06-03T12:55:42","date_gmt":"2022-06-03T10:55:42","guid":{"rendered":"https:\/\/casavesca.it\/exklusive-angebote\/"},"modified":"2022-06-06T17:43:59","modified_gmt":"2022-06-06T15:43:59","slug":"angebote-4-sterne-hotel-neapel","status":"publish","type":"page","link":"https:\/\/www.casavesca.it\/de\/angebote-4-sterne-hotel-neapel\/","title":{"rendered":"EXKLUSIVE ANGEBOTE"},"content":{"rendered":"<p>[vc_row row_height_percent=&#8220;30&#8243; override_padding=&#8220;yes&#8220; h_padding=&#8220;3&#8243; top_padding=&#8220;5&#8243; bottom_padding=&#8220;5&#8243; back_color=&#8220;color-wayh&#8220; back_image=&#8220;29&#8243; overlay_color=&#8220;color-wayh&#8220; overlay_alpha=&#8220;50&#8243; gutter_size=&#8220;3&#8243; column_width_percent=&#8220;100&#8243; shift_y=&#8220;0&#8243; z_index=&#8220;0&#8243; top_divider=&#8220;swoosh&#8220; enable_bottom_divider=&#8220;default&#8220; bottom_divider_inv=&#8220;curve-asym-opacity&#8220; shape_bottom_invert=&#8220;yes&#8220; shape_bottom_h_use_pixel=&#8220;&#8220; shape_bottom_height=&#8220;100&#8243; shape_bottom_color=&#8220;color-xsdn&#8220; shape_bottom_opacity=&#8220;100&#8243; shape_bottom_index=&#8220;0&#8243; uncode_shortcode_id=&#8220;636706&#8243; back_color_type=&#8220;uncode-palette&#8220; overlay_color_type=&#8220;uncode-palette&#8220; shape_bottom_color_type=&#8220;uncode-palette&#8220;][vc_column column_width_percent=&#8220;100&#8243; position_vertical=&#8220;middle&#8220; align_horizontal=&#8220;align_center&#8220; gutter_size=&#8220;4&#8243; style=&#8220;dark&#8220; overlay_alpha=&#8220;50&#8243; shift_x=&#8220;0&#8243; shift_y=&#8220;0&#8243; shift_y_down=&#8220;0&#8243; z_index=&#8220;0&#8243; medium_width=&#8220;0&#8243; mobile_width=&#8220;0&#8243; width=&#8220;1\/1&#8243;][vc_row_inner row_inner_height_percent=&#8220;0&#8243; overlay_alpha=&#8220;50&#8243; gutter_size=&#8220;3&#8243; shift_y=&#8220;0&#8243; z_index=&#8220;1&#8243; limit_content=&#8220;&#8220;][vc_column_inner column_width_percent=&#8220;100&#8243; align_horizontal=&#8220;align_center&#8220; gutter_size=&#8220;3&#8243; style=&#8220;dark&#8220; overlay_alpha=&#8220;50&#8243; shift_x=&#8220;0&#8243; shift_y=&#8220;0&#8243; shift_y_down=&#8220;0&#8243; z_index=&#8220;0&#8243; medium_width=&#8220;0&#8243; mobile_width=&#8220;0&#8243; width=&#8220;1\/1&#8243;][vc_custom_heading text_size=&#8220;fontsize-445851&#8243; text_transform=&#8220;uppercase&#8220; text_height=&#8220;fontheight-179065&#8243; css_animation=&#8220;bottom-t-top&#8220; animation_delay=&#8220;600&#8243; title=&#8220;&#8220; uncode_shortcode_id=&#8220;975188&#8243; text_color_type=&#8220;uncode-solid&#8220; text_color_solid=&#8220;rgba(255,255,255,0.5)&#8220;]EXKLUSIVE ANGEBOTE[\/vc_custom_heading][vc_custom_heading heading_semantic=&#8220;h6&#8243; text_size=&#8220;h4&#8243; text_height=&#8220;fontheight-179065&#8243; text_space=&#8220;fontspace-111509&#8243; css_animation=&#8220;bottom-t-top&#8220; animation_delay=&#8220;600&#8243; title=&#8220;&#8220; uncode_shortcode_id=&#8220;143843&#8243; text_color_type=&#8220;uncode-solid&#8220; text_color_solid=&#8220;rgba(255,255,255,0.52)&#8220;]EXKLUSIVE ANGEBOTE[\/vc_custom_heading][\/vc_column_inner][\/vc_row_inner][vc_empty_space empty_h=&#8220;4&#8243;][\/vc_column][\/vc_row][vc_row][vc_column width=&#8220;1\/1&#8243;][uncode_block id=&#8220;47&#8243;][\/vc_column][\/vc_row][vc_row row_height_percent=&#8220;0&#8243; override_padding=&#8220;yes&#8220; h_padding=&#8220;2&#8243; top_padding=&#8220;5&#8243; bottom_padding=&#8220;5&#8243; overlay_alpha=&#8220;50&#8243; gutter_size=&#8220;3&#8243; column_width_percent=&#8220;100&#8243; shift_y=&#8220;0&#8243; z_index=&#8220;0&#8243;][vc_column column_width_use_pixel=&#8220;yes&#8220; align_horizontal=&#8220;align_center&#8220; gutter_size=&#8220;3&#8243; overlay_alpha=&#8220;50&#8243; shift_x=&#8220;0&#8243; shift_y=&#8220;0&#8243; shift_y_down=&#8220;0&#8243; z_index=&#8220;0&#8243; medium_width=&#8220;0&#8243; mobile_width=&#8220;0&#8243; width=&#8220;1\/1&#8243; column_width_pixel=&#8220;900&#8243;][vc_custom_heading heading_semantic=&#8220;h3&#8243; text_size=&#8220;fontsize-155944&#8243; uncode_shortcode_id=&#8220;155113&#8243;]Entdecken Sie alle unsere exklusiven Angebote[\/vc_custom_heading][vc_column_text text_lead=&#8220;yes&#8220; uncode_shortcode_id=&#8220;831846&#8243;]W\u00e4hlen Sie das richtige Angebot f\u00fcr Ihren Aufenthalt in Italiens sch\u00f6nster Stadt.[\/vc_column_text][\/vc_column][\/vc_row][vc_row row_height_percent=&#8220;0&#8243; override_padding=&#8220;yes&#8220; h_padding=&#8220;2&#8243; top_padding=&#8220;2&#8243; bottom_padding=&#8220;3&#8243; overlay_alpha=&#8220;50&#8243; gutter_size=&#8220;2&#8243; column_width_percent=&#8220;100&#8243; shift_y=&#8220;0&#8243; z_index=&#8220;0&#8243; uncode_shortcode_id=&#8220;886414&#8243;][vc_column column_width_percent=&#8220;100&#8243; gutter_size=&#8220;4&#8243; overlay_alpha=&#8220;50&#8243; shift_x=&#8220;0&#8243; shift_y=&#8220;0&#8243; shift_y_down=&#8220;0&#8243; z_index=&#8220;0&#8243; medium_width=&#8220;0&#8243; mobile_width=&#8220;0&#8243; width=&#8220;1\/1&#8243;][uncode_index el_id=&#8220;index-814808386&#8243; isotope_mode=&#8220;fitRows&#8220; loop=&#8220;order_by:date|post_type:post|taxonomy_count:10&#8243; gutter_size=&#8220;3&#8243; post_items=&#8220;media|featured|onpost|poster,title,text|full|150,sep-one|full&#8220; screen_lg=&#8220;1000&#8243; screen_md=&#8220;600&#8243; screen_sm=&#8220;480&#8243; images_size=&#8220;three-four&#8220; single_overlay_color=&#8220;color-424651&#8243; single_overlay_opacity=&#8220;50&#8243; single_text_visible=&#8220;yes&#8220; single_text_anim=&#8220;no&#8220; single_padding=&#8220;2&#8243; single_title_semantic=&#8220;h2&#8243; single_title_dimension=&#8220;h2&#8243; single_title_space=&#8220;fontspace-111509&#8243; single_border=&#8220;yes&#8220; uncode_shortcode_id=&#8220;102367&#8243;][\/vc_column][\/vc_row]<\/p>\n","protected":false},"excerpt":{"rendered":"<p>[vc_row row_height_percent=&#8220;30&#8243; override_padding=&#8220;yes&#8220; h_padding=&#8220;3&#8243; top_padding=&#8220;5&#8243; bottom_padding=&#8220;5&#8243; back_color=&#8220;color-wayh&#8220; back_image=&#8220;29&#8243; overlay_color=&#8220;color-wayh&#8220; overlay_alpha=&#8220;50&#8243; gutter_size=&#8220;3&#8243; column_width_percent=&#8220;100&#8243; shift_y=&#8220;0&#8243; z_index=&#8220;0&#8243; top_divider=&#8220;swoosh&#8220; enable_bottom_divider=&#8220;default&#8220; bottom_divider_inv=&#8220;curve-asym-opacity&#8220; shape_bottom_invert=&#8220;yes&#8220; shape_bottom_h_use_pixel=&#8220;&#8220; shape_bottom_height=&#8220;100&#8243; [&hellip;]<\/p>\n","protected":false},"author":2,"featured_media":0,"parent":0,"menu_order":0,"comment_status":"closed","ping_status":"closed","template":"","meta":{"footnotes":""},"class_list":["post-1291","page","type-page","status-publish","hentry"],"yoast_head":"<!-- This site is optimized with the Yoast SEO plugin v27.5 - https:\/\/yoast.com\/product\/yoast-seo-wordpress\/ -->\n<title>Angebote 4 Sterne Hotel Naples Zentrum von Neapel<\/title>\n<meta name=\"description\" content=\"Entdecken Sie die Sonderangebote des Smart Hotel, 4 Sterne in Neapel. Angebote f\u00fcr einen unvergesslichen Aufenthalt!\" \/>\n<meta name=\"robots\" content=\"index, follow, max-snippet:-1, max-image-preview:large, max-video-preview:-1\" \/>\n<link rel=\"canonical\" href=\"https:\/\/www.casavesca.it\/offerte-hotel-4-stelle-napoli\/\" \/>\n<meta property=\"og:locale\" content=\"de_DE\" \/>\n<meta property=\"og:type\" content=\"article\" \/>\n<meta property=\"og:title\" content=\"Angebote 4 Sterne Hotel Naples Zentrum von Neapel\" \/>\n<meta property=\"og:description\" content=\"Entdecken Sie die Sonderangebote des Smart Hotel, 4 Sterne in Neapel. Angebote f\u00fcr einen unvergesslichen Aufenthalt!\" \/>\n<meta property=\"og:url\" content=\"https:\/\/www.casavesca.it\/offerte-hotel-4-stelle-napoli\/\" \/>\n<meta property=\"og:site_name\" content=\"La Vesca Residence\" \/>\n<meta property=\"article:modified_time\" content=\"2022-06-06T15:43:59+00:00\" \/>\n<meta name=\"twitter:card\" content=\"summary_large_image\" \/>\n<meta name=\"twitter:label1\" content=\"Gesch\u00e4tzte Lesezeit\" \/>\n\t<meta name=\"twitter:data1\" content=\"2\u00a0Minuten\" \/>\n<script type=\"application\/ld+json\" class=\"yoast-schema-graph\">{\"@context\":\"https:\\\/\\\/schema.org\",\"@graph\":[{\"@type\":\"WebPage\",\"@id\":\"https:\\\/\\\/www.casavesca.it\\\/offerte-hotel-4-stelle-napoli\\\/\",\"url\":\"https:\\\/\\\/www.casavesca.it\\\/offerte-hotel-4-stelle-napoli\\\/\",\"name\":\"Angebote 4 Sterne Hotel Naples Zentrum von Neapel\",\"isPartOf\":{\"@id\":\"https:\\\/\\\/www.casavesca.it\\\/#website\"},\"datePublished\":\"2022-06-03T10:55:42+00:00\",\"dateModified\":\"2022-06-06T15:43:59+00:00\",\"description\":\"Entdecken Sie die Sonderangebote des Smart Hotel, 4 Sterne in Neapel. Angebote f\u00fcr einen unvergesslichen Aufenthalt!\",\"inLanguage\":\"de\",\"potentialAction\":[{\"@type\":\"ReadAction\",\"target\":[\"https:\\\/\\\/www.casavesca.it\\\/offerte-hotel-4-stelle-napoli\\\/\"]}]},{\"@type\":\"WebSite\",\"@id\":\"https:\\\/\\\/www.casavesca.it\\\/#website\",\"url\":\"https:\\\/\\\/www.casavesca.it\\\/\",\"name\":\"La Vesca Residence\",\"description\":\"Vivi Sanremo sul mare\",\"potentialAction\":[{\"@type\":\"SearchAction\",\"target\":{\"@type\":\"EntryPoint\",\"urlTemplate\":\"https:\\\/\\\/www.casavesca.it\\\/?s={search_term_string}\"},\"query-input\":{\"@type\":\"PropertyValueSpecification\",\"valueRequired\":true,\"valueName\":\"search_term_string\"}}],\"inLanguage\":\"de\"}]}<\/script>\n<!-- \/ Yoast SEO plugin. -->","yoast_head_json":{"title":"Angebote 4 Sterne Hotel Naples Zentrum von Neapel","description":"Entdecken Sie die Sonderangebote des Smart Hotel, 4 Sterne in Neapel. Angebote f\u00fcr einen unvergesslichen Aufenthalt!","robots":{"index":"index","follow":"follow","max-snippet":"max-snippet:-1","max-image-preview":"max-image-preview:large","max-video-preview":"max-video-preview:-1"},"canonical":"https:\/\/www.casavesca.it\/offerte-hotel-4-stelle-napoli\/","og_locale":"de_DE","og_type":"article","og_title":"Angebote 4 Sterne Hotel Naples Zentrum von Neapel","og_description":"Entdecken Sie die Sonderangebote des Smart Hotel, 4 Sterne in Neapel. Angebote f\u00fcr einen unvergesslichen Aufenthalt!","og_url":"https:\/\/www.casavesca.it\/offerte-hotel-4-stelle-napoli\/","og_site_name":"La Vesca Residence","article_modified_time":"2022-06-06T15:43:59+00:00","twitter_card":"summary_large_image","twitter_misc":{"Gesch\u00e4tzte Lesezeit":"2\u00a0Minuten"},"schema":{"@context":"https:\/\/schema.org","@graph":[{"@type":"WebPage","@id":"https:\/\/www.casavesca.it\/offerte-hotel-4-stelle-napoli\/","url":"https:\/\/www.casavesca.it\/offerte-hotel-4-stelle-napoli\/","name":"Angebote 4 Sterne Hotel Naples Zentrum von Neapel","isPartOf":{"@id":"https:\/\/www.casavesca.it\/#website"},"datePublished":"2022-06-03T10:55:42+00:00","dateModified":"2022-06-06T15:43:59+00:00","description":"Entdecken Sie die Sonderangebote des Smart Hotel, 4 Sterne in Neapel. Angebote f\u00fcr einen unvergesslichen Aufenthalt!","inLanguage":"de","potentialAction":[{"@type":"ReadAction","target":["https:\/\/www.casavesca.it\/offerte-hotel-4-stelle-napoli\/"]}]},{"@type":"WebSite","@id":"https:\/\/www.casavesca.it\/#website","url":"https:\/\/www.casavesca.it\/","name":"La Vesca Residence","description":"Vivi Sanremo sul mare","potentialAction":[{"@type":"SearchAction","target":{"@type":"EntryPoint","urlTemplate":"https:\/\/www.casavesca.it\/?s={search_term_string}"},"query-input":{"@type":"PropertyValueSpecification","valueRequired":true,"valueName":"search_term_string"}}],"inLanguage":"de"}]}},"_links":{"self":[{"href":"https:\/\/www.casavesca.it\/de\/wp-json\/wp\/v2\/pages\/1291","targetHints":{"allow":["GET"]}}],"collection":[{"href":"https:\/\/www.casavesca.it\/de\/wp-json\/wp\/v2\/pages"}],"about":[{"href":"https:\/\/www.casavesca.it\/de\/wp-json\/wp\/v2\/types\/page"}],"author":[{"embeddable":true,"href":"https:\/\/www.casavesca.it\/de\/wp-json\/wp\/v2\/users\/2"}],"replies":[{"embeddable":true,"href":"https:\/\/www.casavesca.it\/de\/wp-json\/wp\/v2\/comments?post=1291"}],"version-history":[{"count":0,"href":"https:\/\/www.casavesca.it\/de\/wp-json\/wp\/v2\/pages\/1291\/revisions"}],"wp:attachment":[{"href":"https:\/\/www.casavesca.it\/de\/wp-json\/wp\/v2\/media?parent=1291"}],"curies":[{"name":"wp","href":"https:\/\/api.w.org\/{rel}","templated":true}]}}