{"id":1287,"date":"2022-06-03T12:32:59","date_gmt":"2022-06-03T10:32:59","guid":{"rendered":"https:\/\/casavesca.it\/neapel\/"},"modified":"2022-06-06T17:39:00","modified_gmt":"2022-06-06T15:39:00","slug":"was-tun-sehen-in-neapel","status":"publish","type":"page","link":"https:\/\/www.casavesca.it\/de\/was-tun-sehen-in-neapel\/","title":{"rendered":"Neapel"},"content":{"rendered":"<p>[vc_row row_height_percent=&#8220;85&#8243; override_padding=&#8220;yes&#8220; h_padding=&#8220;3&#8243; top_padding=&#8220;5&#8243; bottom_padding=&#8220;5&#8243; back_color=&#8220;color-wayh&#8220; back_image=&#8220;45&#8243; overlay_color=&#8220;color-wayh&#8220; overlay_alpha=&#8220;50&#8243; gutter_size=&#8220;3&#8243; column_width_percent=&#8220;100&#8243; shift_y=&#8220;0&#8243; z_index=&#8220;0&#8243; top_divider=&#8220;swoosh&#8220; enable_bottom_divider=&#8220;default&#8220; bottom_divider_inv=&#8220;curve-asym-opacity&#8220; shape_bottom_invert=&#8220;yes&#8220; shape_bottom_h_use_pixel=&#8220;&#8220; shape_bottom_height=&#8220;100&#8243; shape_bottom_color=&#8220;color-xsdn&#8220; shape_bottom_opacity=&#8220;100&#8243; shape_bottom_index=&#8220;0&#8243; uncode_shortcode_id=&#8220;821053&#8243; back_color_type=&#8220;uncode-palette&#8220; overlay_color_type=&#8220;uncode-palette&#8220; shape_bottom_color_type=&#8220;uncode-palette&#8220;][vc_column column_width_percent=&#8220;100&#8243; position_vertical=&#8220;middle&#8220; align_horizontal=&#8220;align_center&#8220; gutter_size=&#8220;4&#8243; style=&#8220;dark&#8220; overlay_alpha=&#8220;50&#8243; shift_x=&#8220;0&#8243; shift_y=&#8220;0&#8243; shift_y_down=&#8220;0&#8243; z_index=&#8220;0&#8243; medium_width=&#8220;0&#8243; mobile_width=&#8220;0&#8243; width=&#8220;1\/1&#8243;][vc_row_inner row_inner_height_percent=&#8220;0&#8243; overlay_alpha=&#8220;50&#8243; gutter_size=&#8220;3&#8243; shift_y=&#8220;0&#8243; z_index=&#8220;1&#8243; limit_content=&#8220;&#8220;][vc_column_inner column_width_percent=&#8220;100&#8243; align_horizontal=&#8220;align_center&#8220; gutter_size=&#8220;3&#8243; style=&#8220;dark&#8220; overlay_alpha=&#8220;50&#8243; shift_x=&#8220;0&#8243; shift_y=&#8220;0&#8243; shift_y_down=&#8220;0&#8243; z_index=&#8220;0&#8243; medium_width=&#8220;0&#8243; mobile_width=&#8220;0&#8243; width=&#8220;1\/1&#8243;][vc_custom_heading text_size=&#8220;fontsize-445851&#8243; text_transform=&#8220;uppercase&#8220; text_height=&#8220;fontheight-179065&#8243; css_animation=&#8220;bottom-t-top&#8220; animation_delay=&#8220;600&#8243; title=&#8220;&#8220; uncode_shortcode_id=&#8220;147628&#8243; text_color_type=&#8220;uncode-solid&#8220; text_color_solid=&#8220;rgba(255,255,255,0.5)&#8220;]Neapel[\/vc_custom_heading][vc_custom_heading heading_semantic=&#8220;h1&#8243; text_size=&#8220;h1&#8243; text_height=&#8220;fontheight-179065&#8243; text_space=&#8220;fontspace-111509&#8243; css_animation=&#8220;bottom-t-top&#8220; animation_delay=&#8220;600&#8243; title=&#8220;&#8220; uncode_shortcode_id=&#8220;320701&#8243; text_color_type=&#8220;uncode-solid&#8220; text_color_solid=&#8220;rgba(255,255,255,0.52)&#8220;]Was man in Neapel tun und sehen kann[\/vc_custom_heading][\/vc_column_inner][\/vc_row_inner][vc_empty_space empty_h=&#8220;4&#8243;][\/vc_column][\/vc_row][vc_row][vc_column width=&#8220;1\/1&#8243;][uncode_block id=&#8220;47&#8243;][\/vc_column][\/vc_row][vc_row row_height_percent=&#8220;0&#8243; override_padding=&#8220;yes&#8220; h_padding=&#8220;2&#8243; top_padding=&#8220;5&#8243; bottom_padding=&#8220;5&#8243; overlay_alpha=&#8220;50&#8243; gutter_size=&#8220;3&#8243; column_width_percent=&#8220;100&#8243; shift_y=&#8220;0&#8243; z_index=&#8220;0&#8243;][vc_column column_width_use_pixel=&#8220;yes&#8220; align_horizontal=&#8220;align_center&#8220; gutter_size=&#8220;3&#8243; overlay_alpha=&#8220;50&#8243; shift_x=&#8220;0&#8243; shift_y=&#8220;0&#8243; shift_y_down=&#8220;0&#8243; z_index=&#8220;0&#8243; medium_width=&#8220;0&#8243; mobile_width=&#8220;0&#8243; width=&#8220;1\/1&#8243; column_width_pixel=&#8220;900&#8243;][vc_custom_heading text_size=&#8220;fontsize-155944&#8243; uncode_shortcode_id=&#8220;831603&#8243;]Neapel, die Hauptstadt des S\u00fcdens, die Stadt des Vesuvs, die unbestrittene Heimat der Pizza[\/vc_custom_heading][vc_column_text text_lead=&#8220;yes&#8220; uncode_shortcode_id=&#8220;178632&#8243;]Wir k\u00f6nnen Ihnen einige Dinge vorschlagen, die Sie w\u00e4hrend eines Urlaubs oder eines Wochenendes in dieser wundervollen Stadt unbedingt tun und sehen sollen![\/vc_column_text][\/vc_column][\/vc_row][vc_row row_height_percent=&#8220;0&#8243; override_padding=&#8220;yes&#8220; h_padding=&#8220;2&#8243; top_padding=&#8220;5&#8243; bottom_padding=&#8220;5&#8243; back_color=&#8220;color-gyho&#8220; overlay_alpha=&#8220;50&#8243; gutter_size=&#8220;3&#8243; column_width_percent=&#8220;100&#8243; shift_y=&#8220;0&#8243; z_index=&#8220;0&#8243; uncode_shortcode_id=&#8220;176819&#8243; back_color_type=&#8220;uncode-palette&#8220;][vc_column width=&#8220;1\/1&#8243;][vc_row_inner][vc_column_inner width=&#8220;1\/2&#8243;][vc_custom_heading text_size=&#8220;h1&#8243; uncode_shortcode_id=&#8220;207226&#8243;]&#8220;Spaccanapoli&#8220;, das Herz der Altstadt[\/vc_custom_heading][\/vc_column_inner][vc_column_inner column_width_percent=&#8220;100&#8243; gutter_size=&#8220;3&#8243; overlay_alpha=&#8220;50&#8243; shift_x=&#8220;0&#8243; shift_y=&#8220;0&#8243; shift_y_down=&#8220;0&#8243; z_index=&#8220;0&#8243; medium_visibility=&#8220;yes&#8220; medium_width=&#8220;0&#8243; mobile_visibility=&#8220;yes&#8220; mobile_width=&#8220;0&#8243; width=&#8220;1\/2&#8243;][\/vc_column_inner][\/vc_row_inner][vc_row_inner][vc_column_inner width=&#8220;1\/1&#8243;][vc_column_text uncode_shortcode_id=&#8220;104583&#8243;]Die Stra\u00dfe beginnt am Spanischen Viertel und kommt in Forcella an, wodurch die Stadt in zwei Teile geteilt wird.<br \/>\nHier finden Sie pr\u00e4chtige Kirchen, alte Pal\u00e4ste, ber\u00fchmte Denkm\u00e4ler, aber auch die unverwechselbaren Ger\u00fcche der neapolitanischen K\u00fcche und alte Legenden.[\/vc_column_text][\/vc_column_inner][\/vc_row_inner][\/vc_column][\/vc_row][vc_row unlock_row_content=&#8220;yes&#8220; row_height_percent=&#8220;0&#8243; override_padding=&#8220;yes&#8220; h_padding=&#8220;0&#8243; top_padding=&#8220;0&#8243; bottom_padding=&#8220;0&#8243; overlay_alpha=&#8220;50&#8243; equal_height=&#8220;yes&#8220; gutter_size=&#8220;0&#8243; column_width_percent=&#8220;100&#8243; shift_y=&#8220;0&#8243; z_index=&#8220;0&#8243; el_class=&#8220;inverted-device-order&#8220;][vc_column column_width_use_pixel=&#8220;yes&#8220; gutter_size=&#8220;3&#8243; override_padding=&#8220;yes&#8220; column_padding=&#8220;5&#8243; overlay_alpha=&#8220;50&#8243; shift_x=&#8220;0&#8243; shift_y=&#8220;0&#8243; shift_y_down=&#8220;0&#8243; z_index=&#8220;0&#8243; medium_width=&#8220;0&#8243; mobile_width=&#8220;0&#8243; width=&#8220;1\/2&#8243; column_width_pixel=&#8220;528&#8243;][vc_custom_heading text_size=&#8220;h1&#8243; uncode_shortcode_id=&#8220;149319&#8243;]Piazza del Plebiscito und Palazzo Reale, Wahrzeichen von Neapel[\/vc_custom_heading][vc_column_text uncode_shortcode_id=&#8220;388904&#8243;]Typische Gegend zum Spazierengehen f\u00fcr Neapolitaner und Touristen, die kommen, um die neoklassizistische Kolonnade der Kirche San Francesco di Paola und den K\u00f6nigspalast zu bewundern.[\/vc_column_text][vc_empty_space empty_h=&#8220;1&#8243;][\/vc_column][vc_column column_width_percent=&#8220;100&#8243; gutter_size=&#8220;3&#8243; back_image=&#8220;48&#8243; overlay_alpha=&#8220;50&#8243; shift_x=&#8220;0&#8243; shift_y=&#8220;0&#8243; shift_y_down=&#8220;0&#8243; z_index=&#8220;0&#8243; medium_width=&#8220;0&#8243; mobile_width=&#8220;0&#8243; width=&#8220;1\/2&#8243; mobile_height=&#8220;340&#8243; uncode_shortcode_id=&#8220;479042&#8243;][\/vc_column][\/vc_row][vc_row row_height_percent=&#8220;0&#8243; override_padding=&#8220;yes&#8220; h_padding=&#8220;2&#8243; top_padding=&#8220;5&#8243; bottom_padding=&#8220;5&#8243; back_color=&#8220;color-gyho&#8220; overlay_alpha=&#8220;50&#8243; gutter_size=&#8220;3&#8243; column_width_percent=&#8220;100&#8243; shift_y=&#8220;0&#8243; z_index=&#8220;0&#8243; uncode_shortcode_id=&#8220;176819&#8243; back_color_type=&#8220;uncode-palette&#8220;][vc_column width=&#8220;1\/1&#8243;][vc_row_inner][vc_column_inner width=&#8220;1\/2&#8243;][vc_custom_heading text_size=&#8220;h1&#8243; uncode_shortcode_id=&#8220;256081&#8243;]Das San Carlo Theater, eines der \u00e4ltesten noch aktiven Theater[\/vc_custom_heading][\/vc_column_inner][vc_column_inner column_width_percent=&#8220;100&#8243; gutter_size=&#8220;3&#8243; overlay_alpha=&#8220;50&#8243; shift_x=&#8220;0&#8243; shift_y=&#8220;0&#8243; shift_y_down=&#8220;0&#8243; z_index=&#8220;0&#8243; medium_visibility=&#8220;yes&#8220; medium_width=&#8220;0&#8243; mobile_visibility=&#8220;yes&#8220; mobile_width=&#8220;0&#8243; width=&#8220;1\/2&#8243;][\/vc_column_inner][\/vc_row_inner][vc_row_inner][vc_column_inner width=&#8220;1\/1&#8243;][vc_column_text uncode_shortcode_id=&#8220;208470&#8243;]Es ist eines der bekanntesten und renommiertesten der Welt: gro\u00dfe K\u00fcnstler sind darin aufgetreten. Das Geb\u00e4ude war direkt mit dem K\u00f6nigspalast verbunden, so dass der K\u00f6nig zu den Auff\u00fchrungen gehen konnte, ohne den Palast verlassen zu m\u00fcssen.[\/vc_column_text][\/vc_column_inner][\/vc_row_inner][\/vc_column][\/vc_row][vc_row unlock_row_content=&#8220;yes&#8220; row_height_percent=&#8220;0&#8243; override_padding=&#8220;yes&#8220; h_padding=&#8220;0&#8243; top_padding=&#8220;0&#8243; bottom_padding=&#8220;0&#8243; overlay_alpha=&#8220;50&#8243; equal_height=&#8220;yes&#8220; gutter_size=&#8220;0&#8243; column_width_percent=&#8220;100&#8243; shift_y=&#8220;0&#8243; z_index=&#8220;0&#8243;][vc_column column_width_percent=&#8220;100&#8243; gutter_size=&#8220;3&#8243; back_image=&#8220;49&#8243; overlay_alpha=&#8220;50&#8243; shift_x=&#8220;0&#8243; shift_y=&#8220;0&#8243; shift_y_down=&#8220;0&#8243; z_index=&#8220;0&#8243; medium_width=&#8220;0&#8243; mobile_width=&#8220;0&#8243; width=&#8220;1\/2&#8243; mobile_height=&#8220;340&#8243; uncode_shortcode_id=&#8220;541071&#8243;][\/vc_column][vc_column column_width_use_pixel=&#8220;yes&#8220; gutter_size=&#8220;3&#8243; override_padding=&#8220;yes&#8220; column_padding=&#8220;5&#8243; overlay_alpha=&#8220;50&#8243; shift_x=&#8220;0&#8243; shift_y=&#8220;0&#8243; shift_y_down=&#8220;0&#8243; z_index=&#8220;0&#8243; medium_width=&#8220;0&#8243; mobile_width=&#8220;0&#8243; width=&#8220;1\/2&#8243; column_width_pixel=&#8220;528&#8243;][vc_custom_heading text_size=&#8220;h1&#8243; uncode_shortcode_id=&#8220;645392&#8243;]Maschio Angioino, eines der ber\u00fchmtesten Symbole von Neapel[\/vc_custom_heading][vc_column_text uncode_shortcode_id=&#8220;152864&#8243;]Es ist ein mittelalterliches und Renaissance-Schloss bei sch\u00f6nen Blick auf die Piazza Municipio. Einst Residenz der k\u00f6niglichen Familie, beherbergt es heute das Stadtmuseum. In seinen Mauern lebten der Maler Giotto, der Schriftsteller Giovanni Boccaccio, der Dichter Francesco Petrarca und die P\u00e4pste Bonifatius VIII. und Coelestin V.[\/vc_column_text][vc_empty_space empty_h=&#8220;1&#8243;][\/vc_column][\/vc_row][vc_row row_height_percent=&#8220;0&#8243; override_padding=&#8220;yes&#8220; h_padding=&#8220;2&#8243; top_padding=&#8220;5&#8243; bottom_padding=&#8220;5&#8243; back_color=&#8220;color-lxmt&#8220; back_image=&#8220;19&#8243; overlay_color=&#8220;color-lxmt&#8220; overlay_alpha=&#8220;45&#8243; gutter_size=&#8220;3&#8243; column_width_percent=&#8220;100&#8243; shift_y=&#8220;0&#8243; z_index=&#8220;0&#8243; medium_visibility=&#8220;yes&#8220; mobile_visibility=&#8220;yes&#8220; uncode_shortcode_id=&#8220;165390&#8243; back_color_type=&#8220;uncode-palette&#8220; overlay_color_type=&#8220;uncode-palette&#8220; shape_dividers=&#8220;&#8220;][vc_column width=&#8220;1\/1&#8243;][vc_row_inner][vc_column_inner width=&#8220;1\/1&#8243;][vc_column_text uncode_shortcode_id=&#8220;445776&#8243;]<strong>Castel Dell&#8217;Ovo, das \u00e4lteste in Neapel<\/strong><br \/>\nDas gegen\u00fcber der Via Partenope zwischen den Vierteln Chiaia und San Ferdinando, gelegene Castel Dell&#8217;Ovo ist eines der am meisten von Touristen aus der ganzen Welt fotografierten Geb\u00e4ude.<\/p>\n<p><strong>Die Kathedrale und der Schatz von San Gennaro<\/strong><br \/>\nDie Kathedrale umfasst die Basilika Santa Restituita und die k\u00f6nigliche Kapelle des Schatzes von San Gennaro. Es ist einer der wichtigsten Orte von k\u00fcnstlerischem und historischem Interesse.<\/p>\n<p><strong>Castel Sant&#8217;Elmo und Certosa di San Martino<\/strong><br \/>\nCastel Sant&#8217;Elmo, eine mittelalterliche Burg, liegt auf dem Vomero- H\u00fcgel, einer der reichsten Gegenden Neapels.<br \/>\nIm Inneren finden Veranstaltungen, Ausstellungen statt und es gibt ein permanentes Museum. Die Certosa di San Martino befindet sich ebenfalls hier, neben dem Castel Sant&#8217;Elmo. Im Inneren befindet sich das ber\u00fchmte Museum von San Martino.<\/p>\n<p>Bewundern Sie den <strong> verh\u00fcllten Christus.<br \/>\n<\/strong>Der ber\u00fchmte verschleierte Christus von Giuseppe Sanmartino befindet sich in der Kapelle von San Severo.<\/p>\n<p><strong>Bummeln Sie durch San Gregorio<\/strong><br \/>\nBesonders in der Weihnachtszeit d\u00fcrfen Sie sich einen sch\u00f6nen Spaziergang in einer der ber\u00fchmtesten Stra\u00dfen Neapels nicht entgehen lassen.<br \/>\nHier sind die Handwerker, die alle Arten von Krippenfiguren bauen, die die ber\u00fchmtesten Pers\u00f6nlichkeiten aus Unterhaltung, Politik und Kultur darstellen.<\/p>\n<p><strong>Probieren Sie neapolitanisches Street Food und Pizza<\/strong><br \/>\nLassen Sie sich vom Duft und von den Aromen leiten und entdecken Sie das neapolitanische Street Food.<br \/>\nJede Ecke von Neapel verbirgt einen charakteristischen Ort, an dem Sie eine kulinarische Spezialit\u00e4t probieren k\u00f6nnen!<\/p>\n<p><strong>Sehen Sie den Vesuv<\/strong><br \/>\nEiner der wenigen noch aktiven Vulkane in Europa , ein unumg\u00e4ngliches Ziel, das Wahrzeichen der Stadt. Sie k\u00f6nnen auf den vielen Wegen spazieren gehen und wandern oder den Gro\u00dfen Kegel des Vesuvs besuchen.[\/vc_column_text][\/vc_column_inner][\/vc_row_inner][\/vc_column][\/vc_row][vc_row row_height_percent=&#8220;0&#8243; override_padding=&#8220;yes&#8220; h_padding=&#8220;2&#8243; top_padding=&#8220;5&#8243; bottom_padding=&#8220;3&#8243; overlay_alpha=&#8220;50&#8243; gutter_size=&#8220;3&#8243; column_width_percent=&#8220;100&#8243; shift_y=&#8220;0&#8243; z_index=&#8220;0&#8243; bottom_divider=&#8220;step_3_4&#8243; uncode_shortcode_id=&#8220;122785&#8243;][vc_column column_width_percent=&#8220;100&#8243; gutter_size=&#8220;3&#8243; overlay_alpha=&#8220;50&#8243; shift_x=&#8220;0&#8243; shift_y=&#8220;0&#8243; shift_y_down=&#8220;0&#8243; z_index=&#8220;0&#8243; medium_width=&#8220;0&#8243; mobile_width=&#8220;0&#8243; css_animation=&#8220;alpha-anim&#8220; animation_speed=&#8220;1000&#8243; width=&#8220;1\/1&#8243; uncode_shortcode_id=&#8220;809321&#8243;][uncode_block id=&#8220;64&#8243;][\/vc_column][\/vc_row]<\/p>\n","protected":false},"excerpt":{"rendered":"<p>[vc_row row_height_percent=&#8220;85&#8243; override_padding=&#8220;yes&#8220; h_padding=&#8220;3&#8243; top_padding=&#8220;5&#8243; bottom_padding=&#8220;5&#8243; back_color=&#8220;color-wayh&#8220; back_image=&#8220;45&#8243; overlay_color=&#8220;color-wayh&#8220; overlay_alpha=&#8220;50&#8243; gutter_size=&#8220;3&#8243; column_width_percent=&#8220;100&#8243; shift_y=&#8220;0&#8243; z_index=&#8220;0&#8243; top_divider=&#8220;swoosh&#8220; enable_bottom_divider=&#8220;default&#8220; bottom_divider_inv=&#8220;curve-asym-opacity&#8220; shape_bottom_invert=&#8220;yes&#8220; shape_bottom_h_use_pixel=&#8220;&#8220; shape_bottom_height=&#8220;100&#8243; [&hellip;]<\/p>\n","protected":false},"author":2,"featured_media":0,"parent":0,"menu_order":0,"comment_status":"closed","ping_status":"closed","template":"","meta":{"footnotes":""},"class_list":["post-1287","page","type-page","status-publish","hentry"],"yoast_head":"<!-- This site is optimized with the Yoast SEO plugin v27.5 - https:\/\/yoast.com\/product\/yoast-seo-wordpress\/ -->\n<title>Was Tun und sehen In Neapel umgebung sehensw\u00fcrdigkeiten<\/title>\n<meta name=\"description\" content=\"Wir k\u00f6nnen Ihnen einige Dinge vorschlagen, die Sie w\u00e4hrend eines Urlaubs in dieser wundervollen Stadt unbedingt tun und sehen sollen!\" \/>\n<meta name=\"robots\" content=\"index, follow, max-snippet:-1, max-image-preview:large, max-video-preview:-1\" \/>\n<link rel=\"canonical\" href=\"https:\/\/www.casavesca.it\/cosa-fare-e-vedere-a-napoli\/\" \/>\n<meta property=\"og:locale\" content=\"de_DE\" \/>\n<meta property=\"og:type\" content=\"article\" \/>\n<meta property=\"og:title\" content=\"Was Tun und sehen In Neapel umgebung sehensw\u00fcrdigkeiten\" \/>\n<meta property=\"og:description\" content=\"Wir k\u00f6nnen Ihnen einige Dinge vorschlagen, die Sie w\u00e4hrend eines Urlaubs in dieser wundervollen Stadt unbedingt tun und sehen sollen!\" \/>\n<meta property=\"og:url\" content=\"https:\/\/www.casavesca.it\/cosa-fare-e-vedere-a-napoli\/\" \/>\n<meta property=\"og:site_name\" content=\"La Vesca Residence\" \/>\n<meta property=\"article:modified_time\" content=\"2022-06-06T15:39:00+00:00\" \/>\n<meta name=\"twitter:card\" content=\"summary_large_image\" \/>\n<meta name=\"twitter:label1\" content=\"Gesch\u00e4tzte Lesezeit\" \/>\n\t<meta name=\"twitter:data1\" content=\"8\u00a0Minuten\" \/>\n<script type=\"application\/ld+json\" class=\"yoast-schema-graph\">{\"@context\":\"https:\\\/\\\/schema.org\",\"@graph\":[{\"@type\":\"WebPage\",\"@id\":\"https:\\\/\\\/www.casavesca.it\\\/cosa-fare-e-vedere-a-napoli\\\/\",\"url\":\"https:\\\/\\\/www.casavesca.it\\\/cosa-fare-e-vedere-a-napoli\\\/\",\"name\":\"Was Tun und sehen In Neapel umgebung sehensw\u00fcrdigkeiten\",\"isPartOf\":{\"@id\":\"https:\\\/\\\/www.casavesca.it\\\/#website\"},\"datePublished\":\"2022-06-03T10:32:59+00:00\",\"dateModified\":\"2022-06-06T15:39:00+00:00\",\"description\":\"Wir k\u00f6nnen Ihnen einige Dinge vorschlagen, die Sie w\u00e4hrend eines Urlaubs in dieser wundervollen Stadt unbedingt tun und sehen sollen!\",\"inLanguage\":\"de\",\"potentialAction\":[{\"@type\":\"ReadAction\",\"target\":[\"https:\\\/\\\/www.casavesca.it\\\/cosa-fare-e-vedere-a-napoli\\\/\"]}]},{\"@type\":\"WebSite\",\"@id\":\"https:\\\/\\\/www.casavesca.it\\\/#website\",\"url\":\"https:\\\/\\\/www.casavesca.it\\\/\",\"name\":\"La Vesca Residence\",\"description\":\"Vivi Sanremo sul mare\",\"potentialAction\":[{\"@type\":\"SearchAction\",\"target\":{\"@type\":\"EntryPoint\",\"urlTemplate\":\"https:\\\/\\\/www.casavesca.it\\\/?s={search_term_string}\"},\"query-input\":{\"@type\":\"PropertyValueSpecification\",\"valueRequired\":true,\"valueName\":\"search_term_string\"}}],\"inLanguage\":\"de\"}]}<\/script>\n<!-- \/ Yoast SEO plugin. -->","yoast_head_json":{"title":"Was Tun und sehen In Neapel umgebung sehensw\u00fcrdigkeiten","description":"Wir k\u00f6nnen Ihnen einige Dinge vorschlagen, die Sie w\u00e4hrend eines Urlaubs in dieser wundervollen Stadt unbedingt tun und sehen sollen!","robots":{"index":"index","follow":"follow","max-snippet":"max-snippet:-1","max-image-preview":"max-image-preview:large","max-video-preview":"max-video-preview:-1"},"canonical":"https:\/\/www.casavesca.it\/cosa-fare-e-vedere-a-napoli\/","og_locale":"de_DE","og_type":"article","og_title":"Was Tun und sehen In Neapel umgebung sehensw\u00fcrdigkeiten","og_description":"Wir k\u00f6nnen Ihnen einige Dinge vorschlagen, die Sie w\u00e4hrend eines Urlaubs in dieser wundervollen Stadt unbedingt tun und sehen sollen!","og_url":"https:\/\/www.casavesca.it\/cosa-fare-e-vedere-a-napoli\/","og_site_name":"La Vesca Residence","article_modified_time":"2022-06-06T15:39:00+00:00","twitter_card":"summary_large_image","twitter_misc":{"Gesch\u00e4tzte Lesezeit":"8\u00a0Minuten"},"schema":{"@context":"https:\/\/schema.org","@graph":[{"@type":"WebPage","@id":"https:\/\/www.casavesca.it\/cosa-fare-e-vedere-a-napoli\/","url":"https:\/\/www.casavesca.it\/cosa-fare-e-vedere-a-napoli\/","name":"Was Tun und sehen In Neapel umgebung sehensw\u00fcrdigkeiten","isPartOf":{"@id":"https:\/\/www.casavesca.it\/#website"},"datePublished":"2022-06-03T10:32:59+00:00","dateModified":"2022-06-06T15:39:00+00:00","description":"Wir k\u00f6nnen Ihnen einige Dinge vorschlagen, die Sie w\u00e4hrend eines Urlaubs in dieser wundervollen Stadt unbedingt tun und sehen sollen!","inLanguage":"de","potentialAction":[{"@type":"ReadAction","target":["https:\/\/www.casavesca.it\/cosa-fare-e-vedere-a-napoli\/"]}]},{"@type":"WebSite","@id":"https:\/\/www.casavesca.it\/#website","url":"https:\/\/www.casavesca.it\/","name":"La Vesca Residence","description":"Vivi Sanremo sul mare","potentialAction":[{"@type":"SearchAction","target":{"@type":"EntryPoint","urlTemplate":"https:\/\/www.casavesca.it\/?s={search_term_string}"},"query-input":{"@type":"PropertyValueSpecification","valueRequired":true,"valueName":"search_term_string"}}],"inLanguage":"de"}]}},"_links":{"self":[{"href":"https:\/\/www.casavesca.it\/de\/wp-json\/wp\/v2\/pages\/1287","targetHints":{"allow":["GET"]}}],"collection":[{"href":"https:\/\/www.casavesca.it\/de\/wp-json\/wp\/v2\/pages"}],"about":[{"href":"https:\/\/www.casavesca.it\/de\/wp-json\/wp\/v2\/types\/page"}],"author":[{"embeddable":true,"href":"https:\/\/www.casavesca.it\/de\/wp-json\/wp\/v2\/users\/2"}],"replies":[{"embeddable":true,"href":"https:\/\/www.casavesca.it\/de\/wp-json\/wp\/v2\/comments?post=1287"}],"version-history":[{"count":0,"href":"https:\/\/www.casavesca.it\/de\/wp-json\/wp\/v2\/pages\/1287\/revisions"}],"wp:attachment":[{"href":"https:\/\/www.casavesca.it\/de\/wp-json\/wp\/v2\/media?parent=1287"}],"curies":[{"name":"wp","href":"https:\/\/api.w.org\/{rel}","templated":true}]}}