{"id":1283,"date":"2022-06-03T12:15:55","date_gmt":"2022-06-03T10:15:55","guid":{"rendered":"https:\/\/casavesca.it\/anti-covid-19-massnahmen\/"},"modified":"2022-06-07T09:49:17","modified_gmt":"2022-06-07T07:49:17","slug":"anti-covid-19-massnahmen","status":"publish","type":"page","link":"https:\/\/www.casavesca.it\/de\/anti-covid-19-massnahmen\/","title":{"rendered":"ANTI-COVID-19-MASSNAHMEN"},"content":{"rendered":"[vc_row row_height_percent=&#8220;40&#8243; override_padding=&#8220;yes&#8220; h_padding=&#8220;3&#8243; top_padding=&#8220;5&#8243; bottom_padding=&#8220;5&#8243; back_color=&#8220;color-wayh&#8220; back_image=&#8220;20&#8243; overlay_color=&#8220;color-wayh&#8220; overlay_alpha=&#8220;50&#8243; gutter_size=&#8220;3&#8243; column_width_percent=&#8220;100&#8243; shift_y=&#8220;0&#8243; z_index=&#8220;0&#8243; top_divider=&#8220;swoosh&#8220; enable_bottom_divider=&#8220;default&#8220; bottom_divider_inv=&#8220;curve-asym-opacity&#8220; shape_bottom_invert=&#8220;yes&#8220; shape_bottom_h_use_pixel=&#8220;&#8220; shape_bottom_height=&#8220;100&#8243; shape_bottom_color=&#8220;color-xsdn&#8220; shape_bottom_opacity=&#8220;100&#8243; shape_bottom_index=&#8220;0&#8243; uncode_shortcode_id=&#8220;167461&#8243; back_color_type=&#8220;uncode-palette&#8220; overlay_color_type=&#8220;uncode-palette&#8220; shape_bottom_color_type=&#8220;uncode-palette&#8220;][vc_column column_width_percent=&#8220;100&#8243; position_vertical=&#8220;middle&#8220; align_horizontal=&#8220;align_center&#8220; gutter_size=&#8220;4&#8243; style=&#8220;dark&#8220; overlay_alpha=&#8220;50&#8243; shift_x=&#8220;0&#8243; shift_y=&#8220;0&#8243; shift_y_down=&#8220;0&#8243; z_index=&#8220;0&#8243; medium_width=&#8220;0&#8243; mobile_width=&#8220;0&#8243; width=&#8220;1\/1&#8243;][vc_row_inner row_inner_height_percent=&#8220;0&#8243; overlay_alpha=&#8220;50&#8243; gutter_size=&#8220;3&#8243; shift_y=&#8220;0&#8243; z_index=&#8220;1&#8243; limit_content=&#8220;&#8220;][vc_column_inner column_width_percent=&#8220;100&#8243; align_horizontal=&#8220;align_center&#8220; gutter_size=&#8220;3&#8243; style=&#8220;dark&#8220; overlay_alpha=&#8220;50&#8243; shift_x=&#8220;0&#8243; shift_y=&#8220;0&#8243; shift_y_down=&#8220;0&#8243; z_index=&#8220;0&#8243; medium_width=&#8220;0&#8243; mobile_width=&#8220;0&#8243; width=&#8220;1\/1&#8243;][vc_custom_heading auto_text=&#8220;yes&#8220; text_size=&#8220;fontsize-445851&#8243; text_transform=&#8220;uppercase&#8220; text_height=&#8220;fontheight-179065&#8243; css_animation=&#8220;bottom-t-top&#8220; animation_delay=&#8220;600&#8243; title=&#8220;&#8220; uncode_shortcode_id=&#8220;407087&#8243; text_color_type=&#8220;uncode-solid&#8220; text_color_solid=&#8220;rgba(255,255,255,0.2)&#8220;]Privacy Policy<\/p>\r\n<p>[\/vc_custom_heading][vc_custom_heading heading_semantic=&#8220;h6&#8243; text_size=&#8220;h4&#8243; text_height=&#8220;fontheight-179065&#8243; text_space=&#8220;fontspace-111509&#8243; css_animation=&#8220;bottom-t-top&#8220; animation_delay=&#8220;600&#8243; title=&#8220;&#8220; uncode_shortcode_id=&#8220;108573&#8243; text_color_type=&#8220;uncode-solid&#8220; text_color_solid=&#8220;rgba(255,255,255,0.52)&#8220;]Letzte Aktualisierung: November 2021[\/vc_custom_heading][\/vc_column_inner][\/vc_row_inner][vc_empty_space empty_h=&#8220;4&#8243;][\/vc_column][\/vc_row][vc_row row_height_percent=&#8220;0&#8243; override_padding=&#8220;yes&#8220; h_padding=&#8220;2&#8243; top_padding=&#8220;5&#8243; bottom_padding=&#8220;3&#8243; overlay_alpha=&#8220;50&#8243; gutter_size=&#8220;3&#8243; column_width_percent=&#8220;100&#8243; shift_y=&#8220;0&#8243; z_index=&#8220;0&#8243; uncode_shortcode_id=&#8220;805076&#8243;][vc_column][vc_single_image media=&#8220;75&#8243; media_width_percent=&#8220;100&#8243; media_ratio=&#8220;twentyone-nine&#8220; shape=&#8220;img-round&#8220; radius=&#8220;std&#8220; uncode_shortcode_id=&#8220;248760&#8243;][vc_empty_space empty_h=&#8220;2&#8243;][vc_column_text uncode_shortcode_id=&#8220;278106&#8243;]\r\n\r\n<p>Nach den gesundheitlichen Bestimmungen, die als Folge des Gesundheitsnotstands f\u00fcr Covid19 erlassen wurden, wird unsere t\u00e4gliche Aktivit\u00e4t mit einem anderen Bewusstsein durchgef\u00fchrt.\u00a0Aus diesem Grund haben wir unsere Verfahren und unser t\u00e4gliches Leben ge\u00e4ndert, um die Sicherheit unserer G\u00e4ste und unserer Mitarbeiter zu gew\u00e4hrleisten.<\/p>\r\n<p><strong>ALLGEMEINE MA\u00dfNAHMEN<\/strong><br \/>Der Stab wird eine angemessene Schulung zu den Verfahren erhalten, die nach dem Covid-19-Notfall anzuwenden sind.\u00a0Alle Mitarbeiter werden mit Masken ausgestattet und verf\u00fcgen \u00fcber Desinfektionsmittel f\u00fcr die Durchf\u00fchrung von Aktivit\u00e4ten. In den \u00f6ffentlichen Bereichen des Hotels werden mehrere Stationen mit Spendern von Desinfektionsmittel speziell f\u00fcr die H\u00e4nde eingerichtet.<\/p>\r\n<p><strong>EMPFANG<\/strong><br \/>Am Checkpoint f\u00fcr den Zugang zum Bereich der Seestation wurde ein Temperaturkontrollbereich eingerichtet, der als erster Kontrollschritt dienen wird.\u00a0Anschlie\u00dfend wird eine zweite Messung zum Zeitpunkt des Check-in-Verfahrens angesetzt.<\/p>\r\n<p><strong>CHECK-IN<\/strong><br \/>Die Check-in-Verfahren werden gestrafft und beschleunigt, um den engen Kontakt zwischen G\u00e4sten und Personal zu minimieren.<\/p>\r\n<p><strong>REINIGUNG VON R\u00c4UMEN UND \u00d6FFENTLICHEN BEREICHEN<\/strong><br \/>Das Reinigungspersonal k\u00fcmmert sich durch die Verwendung eines Ulv-Verneblers um die Desinfektion der Umgebungen durch die Verwendung von Wasserstoffperoxid (allgemein bekannt als Wasserstoffperoxid), das in \u00dcbereinstimmung mit den ministeriellen Richtlinien (Rundschreiben 5443) hergestellt wird.\u00a0Unbedenklich f\u00fcr Menschen und Tiere, sicher auf Materialien: Es hinterl\u00e4sst keine Flecken und keine Schlieren.\u00a0Nach der ersten Hygieneaktivit\u00e4t findet die systematische Reinigung der R\u00e4ume statt.<\/p>\r\n<p><strong>VERPFLEGUNG<\/strong><br \/>Die Kapazit\u00e4t der Fr\u00fchst\u00fccksr\u00e4ume wurde reduziert, um die Distanzierung zwischen den G\u00e4sten gem\u00e4\u00df den ministeriellen Bestimmungen zu erm\u00f6glichen.\u00a0Das Fr\u00fchst\u00fccksbuffet ist so strukturiert, dass nur unsere Mitarbeiter darauf zugreifen und das servieren k\u00f6nnen, was von den G\u00e4sten gew\u00fcnscht wird.\u00a0Wenn Sie es w\u00fcnschen, k\u00f6nnen Sie das Fr\u00fchst\u00fcck auf dem Zimmer in Anspruch nehmen, indem Sie die gemeinsamen Verpflegungsbereiche vermeiden.<\/p>\r\n<p>[\/vc_column_text][\/vc_column][\/vc_row][vc_row][vc_column][vc_column_text]\r\n<p>[\/vc_column_text][\/vc_column][\/vc_row]<\/p>","protected":false},"excerpt":{"rendered":"<p>[vc_row row_height_percent=&#8220;40&#8243; override_padding=&#8220;yes&#8220; h_padding=&#8220;3&#8243; top_padding=&#8220;5&#8243; bottom_padding=&#8220;5&#8243; back_color=&#8220;color-wayh&#8220; back_image=&#8220;20&#8243; overlay_color=&#8220;color-wayh&#8220; overlay_alpha=&#8220;50&#8243; gutter_size=&#8220;3&#8243; column_width_percent=&#8220;100&#8243; shift_y=&#8220;0&#8243; z_index=&#8220;0&#8243; top_divider=&#8220;swoosh&#8220; enable_bottom_divider=&#8220;default&#8220; bottom_divider_inv=&#8220;curve-asym-opacity&#8220; shape_bottom_invert=&#8220;yes&#8220; shape_bottom_h_use_pixel=&#8220;&#8220; shape_bottom_height=&#8220;100&#8243; [&hellip;]<\/p>\n","protected":false},"author":2,"featured_media":0,"parent":0,"menu_order":0,"comment_status":"closed","ping_status":"closed","template":"","meta":{"footnotes":""},"class_list":["post-1283","page","type-page","status-publish","hentry"],"yoast_head":"<!-- This site is optimized with the Yoast SEO plugin v27.5 - https:\/\/yoast.com\/product\/yoast-seo-wordpress\/ -->\n<title>Urlaub covid frei Neapel Anti-Covid-19-Massnahmen<\/title>\n<meta name=\"description\" content=\"Wir garantieren unseren G\u00e4sten einen sicheren Urlaub in einer hygienischen, sauberen und hygienischen Umgebung.\" \/>\n<meta name=\"robots\" content=\"index, follow, max-snippet:-1, max-image-preview:large, max-video-preview:-1\" \/>\n<link rel=\"canonical\" href=\"https:\/\/www.casavesca.it\/misure-anti-covid-vacanza-sicura-napoli\/\" \/>\n<meta property=\"og:locale\" content=\"de_DE\" \/>\n<meta property=\"og:type\" content=\"article\" \/>\n<meta property=\"og:title\" content=\"Urlaub covid frei Neapel Anti-Covid-19-Massnahmen\" \/>\n<meta property=\"og:description\" content=\"Wir garantieren unseren G\u00e4sten einen sicheren Urlaub in einer hygienischen, sauberen und hygienischen Umgebung.\" \/>\n<meta property=\"og:url\" content=\"https:\/\/www.casavesca.it\/misure-anti-covid-vacanza-sicura-napoli\/\" \/>\n<meta property=\"og:site_name\" content=\"La Vesca Residence\" \/>\n<meta property=\"article:modified_time\" content=\"2022-06-07T07:49:17+00:00\" \/>\n<meta name=\"twitter:card\" content=\"summary_large_image\" \/>\n<meta name=\"twitter:label1\" content=\"Gesch\u00e4tzte Lesezeit\" \/>\n\t<meta name=\"twitter:data1\" content=\"3\u00a0Minuten\" \/>\n<script type=\"application\/ld+json\" class=\"yoast-schema-graph\">{\"@context\":\"https:\\\/\\\/schema.org\",\"@graph\":[{\"@type\":\"WebPage\",\"@id\":\"https:\\\/\\\/www.casavesca.it\\\/misure-anti-covid-vacanza-sicura-napoli\\\/\",\"url\":\"https:\\\/\\\/www.casavesca.it\\\/misure-anti-covid-vacanza-sicura-napoli\\\/\",\"name\":\"Urlaub covid frei Neapel Anti-Covid-19-Massnahmen\",\"isPartOf\":{\"@id\":\"https:\\\/\\\/www.casavesca.it\\\/#website\"},\"datePublished\":\"2022-06-03T10:15:55+00:00\",\"dateModified\":\"2022-06-07T07:49:17+00:00\",\"description\":\"Wir garantieren unseren G\u00e4sten einen sicheren Urlaub in einer hygienischen, sauberen und hygienischen Umgebung.\",\"inLanguage\":\"de\",\"potentialAction\":[{\"@type\":\"ReadAction\",\"target\":[\"https:\\\/\\\/www.casavesca.it\\\/misure-anti-covid-vacanza-sicura-napoli\\\/\"]}]},{\"@type\":\"WebSite\",\"@id\":\"https:\\\/\\\/www.casavesca.it\\\/#website\",\"url\":\"https:\\\/\\\/www.casavesca.it\\\/\",\"name\":\"La Vesca Residence\",\"description\":\"Vivi Sanremo sul mare\",\"potentialAction\":[{\"@type\":\"SearchAction\",\"target\":{\"@type\":\"EntryPoint\",\"urlTemplate\":\"https:\\\/\\\/www.casavesca.it\\\/?s={search_term_string}\"},\"query-input\":{\"@type\":\"PropertyValueSpecification\",\"valueRequired\":true,\"valueName\":\"search_term_string\"}}],\"inLanguage\":\"de\"}]}<\/script>\n<!-- \/ Yoast SEO plugin. -->","yoast_head_json":{"title":"Urlaub covid frei Neapel Anti-Covid-19-Massnahmen","description":"Wir garantieren unseren G\u00e4sten einen sicheren Urlaub in einer hygienischen, sauberen und hygienischen Umgebung.","robots":{"index":"index","follow":"follow","max-snippet":"max-snippet:-1","max-image-preview":"max-image-preview:large","max-video-preview":"max-video-preview:-1"},"canonical":"https:\/\/www.casavesca.it\/misure-anti-covid-vacanza-sicura-napoli\/","og_locale":"de_DE","og_type":"article","og_title":"Urlaub covid frei Neapel Anti-Covid-19-Massnahmen","og_description":"Wir garantieren unseren G\u00e4sten einen sicheren Urlaub in einer hygienischen, sauberen und hygienischen Umgebung.","og_url":"https:\/\/www.casavesca.it\/misure-anti-covid-vacanza-sicura-napoli\/","og_site_name":"La Vesca Residence","article_modified_time":"2022-06-07T07:49:17+00:00","twitter_card":"summary_large_image","twitter_misc":{"Gesch\u00e4tzte Lesezeit":"3\u00a0Minuten"},"schema":{"@context":"https:\/\/schema.org","@graph":[{"@type":"WebPage","@id":"https:\/\/www.casavesca.it\/misure-anti-covid-vacanza-sicura-napoli\/","url":"https:\/\/www.casavesca.it\/misure-anti-covid-vacanza-sicura-napoli\/","name":"Urlaub covid frei Neapel Anti-Covid-19-Massnahmen","isPartOf":{"@id":"https:\/\/www.casavesca.it\/#website"},"datePublished":"2022-06-03T10:15:55+00:00","dateModified":"2022-06-07T07:49:17+00:00","description":"Wir garantieren unseren G\u00e4sten einen sicheren Urlaub in einer hygienischen, sauberen und hygienischen Umgebung.","inLanguage":"de","potentialAction":[{"@type":"ReadAction","target":["https:\/\/www.casavesca.it\/misure-anti-covid-vacanza-sicura-napoli\/"]}]},{"@type":"WebSite","@id":"https:\/\/www.casavesca.it\/#website","url":"https:\/\/www.casavesca.it\/","name":"La Vesca Residence","description":"Vivi Sanremo sul mare","potentialAction":[{"@type":"SearchAction","target":{"@type":"EntryPoint","urlTemplate":"https:\/\/www.casavesca.it\/?s={search_term_string}"},"query-input":{"@type":"PropertyValueSpecification","valueRequired":true,"valueName":"search_term_string"}}],"inLanguage":"de"}]}},"_links":{"self":[{"href":"https:\/\/www.casavesca.it\/de\/wp-json\/wp\/v2\/pages\/1283","targetHints":{"allow":["GET"]}}],"collection":[{"href":"https:\/\/www.casavesca.it\/de\/wp-json\/wp\/v2\/pages"}],"about":[{"href":"https:\/\/www.casavesca.it\/de\/wp-json\/wp\/v2\/types\/page"}],"author":[{"embeddable":true,"href":"https:\/\/www.casavesca.it\/de\/wp-json\/wp\/v2\/users\/2"}],"replies":[{"embeddable":true,"href":"https:\/\/www.casavesca.it\/de\/wp-json\/wp\/v2\/comments?post=1283"}],"version-history":[{"count":0,"href":"https:\/\/www.casavesca.it\/de\/wp-json\/wp\/v2\/pages\/1283\/revisions"}],"wp:attachment":[{"href":"https:\/\/www.casavesca.it\/de\/wp-json\/wp\/v2\/media?parent=1283"}],"curies":[{"name":"wp","href":"https:\/\/api.w.org\/{rel}","templated":true}]}}