{"id":1269,"date":"2022-06-03T11:42:39","date_gmt":"2022-06-03T09:42:39","guid":{"rendered":"https:\/\/casavesca.it\/wo-wir-sind\/"},"modified":"2024-06-21T16:23:25","modified_gmt":"2024-06-21T14:23:25","slug":"hotel-am-hafenpier-in-neapel","status":"publish","type":"page","link":"https:\/\/www.casavesca.it\/de\/hotel-am-hafenpier-in-neapel\/","title":{"rendered":"WO WIR SIND"},"content":{"rendered":"<p>[vc_row row_height_percent=&#8220;85&#8243; override_padding=&#8220;yes&#8220; h_padding=&#8220;3&#8243; top_padding=&#8220;5&#8243; bottom_padding=&#8220;5&#8243; back_color=&#8220;color-wayh&#8220; back_image=&#8220;137&#8243; overlay_color=&#8220;color-wayh&#8220; overlay_alpha=&#8220;50&#8243; gutter_size=&#8220;3&#8243; column_width_percent=&#8220;100&#8243; shift_y=&#8220;0&#8243; z_index=&#8220;0&#8243; top_divider=&#8220;swoosh&#8220; enable_bottom_divider=&#8220;default&#8220; bottom_divider_inv=&#8220;curve-asym-opacity&#8220; shape_bottom_invert=&#8220;yes&#8220; shape_bottom_h_use_pixel=&#8220;&#8220; shape_bottom_height=&#8220;100&#8243; shape_bottom_color=&#8220;color-xsdn&#8220; shape_bottom_opacity=&#8220;100&#8243; shape_bottom_index=&#8220;0&#8243; uncode_shortcode_id=&#8220;977764&#8243; back_color_type=&#8220;uncode-palette&#8220; overlay_color_type=&#8220;uncode-palette&#8220; shape_bottom_color_type=&#8220;uncode-palette&#8220;][vc_column column_width_percent=&#8220;100&#8243; position_vertical=&#8220;middle&#8220; align_horizontal=&#8220;align_center&#8220; gutter_size=&#8220;4&#8243; style=&#8220;dark&#8220; overlay_alpha=&#8220;50&#8243; shift_x=&#8220;0&#8243; shift_y=&#8220;0&#8243; shift_y_down=&#8220;0&#8243; z_index=&#8220;0&#8243; medium_width=&#8220;0&#8243; mobile_width=&#8220;0&#8243; width=&#8220;1\/1&#8243;][vc_row_inner row_inner_height_percent=&#8220;0&#8243; overlay_alpha=&#8220;50&#8243; gutter_size=&#8220;3&#8243; shift_y=&#8220;0&#8243; z_index=&#8220;1&#8243; limit_content=&#8220;&#8220;][vc_column_inner column_width_percent=&#8220;100&#8243; align_horizontal=&#8220;align_center&#8220; gutter_size=&#8220;3&#8243; style=&#8220;dark&#8220; overlay_alpha=&#8220;50&#8243; shift_x=&#8220;0&#8243; shift_y=&#8220;0&#8243; shift_y_down=&#8220;0&#8243; z_index=&#8220;0&#8243; medium_width=&#8220;0&#8243; mobile_width=&#8220;0&#8243; width=&#8220;1\/1&#8243;][vc_custom_heading text_size=&#8220;fontsize-445851&#8243; text_transform=&#8220;uppercase&#8220; text_height=&#8220;fontheight-179065&#8243; css_animation=&#8220;bottom-t-top&#8220; animation_delay=&#8220;600&#8243; title=&#8220;&#8220; uncode_shortcode_id=&#8220;617710&#8243; text_color_type=&#8220;uncode-solid&#8220; text_color_solid=&#8220;rgba(255,255,255,0.5)&#8220;]WO WIR SIND[\/vc_custom_heading][vc_custom_heading heading_semantic=&#8220;h1&#8243; text_size=&#8220;h1&#8243; text_height=&#8220;fontheight-179065&#8243; text_space=&#8220;fontspace-111509&#8243; css_animation=&#8220;bottom-t-top&#8220; animation_delay=&#8220;600&#8243; title=&#8220;&#8220; uncode_shortcode_id=&#8220;108095&#8243; text_color_type=&#8220;uncode-solid&#8220; text_color_solid=&#8220;rgba(255,255,255,0.52)&#8220;]Molo Angioino[\/vc_custom_heading][\/vc_column_inner][\/vc_row_inner][vc_empty_space empty_h=&#8220;4&#8243;][\/vc_column][\/vc_row][vc_row][vc_column width=&#8220;1\/1&#8243;][uncode_block id=&#8220;47&#8243;][\/vc_column][\/vc_row][vc_row row_height_percent=&#8220;0&#8243; override_padding=&#8220;yes&#8220; h_padding=&#8220;2&#8243; top_padding=&#8220;5&#8243; bottom_padding=&#8220;5&#8243; overlay_alpha=&#8220;50&#8243; gutter_size=&#8220;3&#8243; column_width_percent=&#8220;100&#8243; shift_y=&#8220;0&#8243; z_index=&#8220;0&#8243;][vc_column column_width_use_pixel=&#8220;yes&#8220; align_horizontal=&#8220;align_center&#8220; gutter_size=&#8220;3&#8243; overlay_alpha=&#8220;50&#8243; shift_x=&#8220;0&#8243; shift_y=&#8220;0&#8243; shift_y_down=&#8220;0&#8243; z_index=&#8220;0&#8243; medium_width=&#8220;0&#8243; mobile_width=&#8220;0&#8243; width=&#8220;1\/1&#8243; column_width_pixel=&#8220;900&#8243;][vc_custom_heading heading_semantic=&#8220;h3&#8243; text_size=&#8220;fontsize-155944&#8243; uncode_shortcode_id=&#8220;842548&#8243;]In einem historischen Denkmal[\/vc_custom_heading][vc_column_text text_lead=&#8220;yes&#8220; uncode_shortcode_id=&#8220;195038&#8243;]Sie \u00fcbernachten nicht einfach in einem Hotel, sondern erleben ein historisches Monument, ein Kulturgut nicht nur der Stadt Neapel, sondern Italiens.[\/vc_column_text][\/vc_column][\/vc_row][vc_row unlock_row_content=&#8220;yes&#8220; row_height_percent=&#8220;50&#8243; override_padding=&#8220;yes&#8220; h_padding=&#8220;0&#8243; top_padding=&#8220;0&#8243; bottom_padding=&#8220;0&#8243; back_color=&#8220;color-424651&#8243; overlay_alpha=&#8220;100&#8243; gutter_size=&#8220;3&#8243; column_width_percent=&#8220;100&#8243; shift_y=&#8220;0&#8243; z_index=&#8220;0&#8243;][vc_column column_width_percent=&#8220;100&#8243; position_horizontal=&#8220;left&#8220; gutter_size=&#8220;3&#8243; expand_height=&#8220;yes&#8220; overlay_alpha=&#8220;100&#8243; shift_x=&#8220;0&#8243; shift_y=&#8220;0&#8243; shift_y_down=&#8220;0&#8243; z_index=&#8220;0&#8243; medium_width=&#8220;0&#8243; mobile_width=&#8220;0&#8243; zoom_width=&#8220;0&#8243; zoom_height=&#8220;0&#8243; width=&#8220;1\/1&#8243; mobile_height=&#8220;360&#8243;][vc_gmaps map_color=&#8220;&#8220; ui_color=&#8220;color-4cb2a6&#8243; zoom=&#8220;17&#8243; map_saturation=&#8220;0&#8243; map_brightness=&#8220;0&#8243; latlon=&#8220;40.838585564410174, 14.257954226988053&#8243; uncode_shortcode_id=&#8220;807168&#8243; ui_color_type=&#8220;uncode-palette&#8220;][\/vc_column][\/vc_row][vc_row row_height_percent=&#8220;0&#8243; override_padding=&#8220;yes&#8220; h_padding=&#8220;2&#8243; top_padding=&#8220;5&#8243; bottom_padding=&#8220;5&#8243; back_color=&#8220;color-lxmt&#8220; back_image=&#8220;19&#8243; overlay_color=&#8220;color-lxmt&#8220; overlay_alpha=&#8220;45&#8243; gutter_size=&#8220;3&#8243; column_width_percent=&#8220;100&#8243; shift_y=&#8220;0&#8243; z_index=&#8220;0&#8243; uncode_shortcode_id=&#8220;201988&#8243; back_color_type=&#8220;uncode-palette&#8220; overlay_color_type=&#8220;uncode-palette&#8220;][vc_column width=&#8220;1\/1&#8243;][vc_row_inner][vc_column_inner width=&#8220;1\/1&#8243;][vc_column_text uncode_shortcode_id=&#8220;699856&#8243;]<strong>Das Smart Hotel befindet sich am Molo Beverello, in der Seestation, einem historischen Geb\u00e4ude und Wahrzeichen von Neapel.<\/strong>.<\/p>\n<p>Heute ist die Seestation ein Dreh- und Angelpunkt in der Entwicklung der Stadt und der Verbindungspunkt f\u00fcr die K\u00fcsten von Amalfi und Sorrento sowie die Inseln Capri, Ischia und Procida.<br \/>\nEine elegante Struktur, die den Glamour des Dolce Vita durch die h\u00e4ufige Anwesenheit von Film-, politischen und kulturellen Prominenten in der Stadt begr\u00fc\u00dft hat.<br \/>\nDas Team des smarten Hotels Napoli empf\u00e4ngt Sie an einem \u201eikonischen\u201c Ort, dem Dreh- und Angelpunkt des Stadtlebens und macht Sie zu Protagonisten seiner Geschichte.[\/vc_column_text][\/vc_column_inner][\/vc_row_inner][\/vc_column][\/vc_row][vc_row row_height_percent=&#8220;60&#8243; override_padding=&#8220;yes&#8220; h_padding=&#8220;2&#8243; top_padding=&#8220;6&#8243; bottom_padding=&#8220;6&#8243; back_color=&#8220;color-nhtu&#8220; back_image=&#8220;95&#8243; back_position=&#8220;center bottom&#8220; parallax=&#8220;yes&#8220; kburns=&#8220;magnetic&#8220; overlay_color=&#8220;color-jevc&#8220; overlay_alpha=&#8220;30&#8243; gutter_size=&#8220;3&#8243; column_width_percent=&#8220;100&#8243; shift_y=&#8220;0&#8243; z_index=&#8220;0&#8243; uncode_shortcode_id=&#8220;204006&#8243; back_color_type=&#8220;uncode-palette&#8220; overlay_color_type=&#8220;uncode-palette&#8220; row_height_pixel=&#8220;300&#8243;][vc_column column_width_use_pixel=&#8220;yes&#8220; position_vertical=&#8220;middle&#8220; align_horizontal=&#8220;align_center&#8220; gutter_size=&#8220;2&#8243; style=&#8220;dark&#8220; overlay_alpha=&#8220;50&#8243; shift_x=&#8220;0&#8243; shift_y=&#8220;0&#8243; shift_y_down=&#8220;0&#8243; z_index=&#8220;0&#8243; medium_width=&#8220;0&#8243; mobile_width=&#8220;0&#8243; width=&#8220;1\/1&#8243; column_width_pixel=&#8220;900&#8243; uncode_shortcode_id=&#8220;161055&#8243; mobile_height=&#8220;380&#8243;][vc_empty_space empty_h=&#8220;3&#8243;][\/vc_column][\/vc_row][vc_row unlock_row_content=&#8220;yes&#8220; row_height_percent=&#8220;0&#8243; override_padding=&#8220;yes&#8220; h_padding=&#8220;0&#8243; top_padding=&#8220;0&#8243; bottom_padding=&#8220;0&#8243; overlay_alpha=&#8220;50&#8243; gutter_size=&#8220;3&#8243; column_width_percent=&#8220;100&#8243; shift_y=&#8220;0&#8243; z_index=&#8220;0&#8243; uncode_shortcode_id=&#8220;112549&#8243;][vc_column width=&#8220;1\/1&#8243;][vc_gallery el_id=&#8220;gallery-117884&#8243; medias=&#8220;1620,1604,1567,1571,1575,1579,1595,1600,1591,1608,1583,1612&#8243; gutter_size=&#8220;1&#8243; screen_lg=&#8220;1000&#8243; screen_md=&#8220;600&#8243; screen_sm=&#8220;480&#8243; single_width=&#8220;2&#8243; single_overlay_color=&#8220;color-424651&#8243; single_overlay_opacity=&#8220;50&#8243; single_h_align=&#8220;center&#8220; single_padding=&#8220;2&#8243; single_icon=&#8220;fa fa-plus2&#8243; single_border=&#8220;yes&#8220; single_css_animation=&#8220;alpha-anim&#8220; single_animation_speed=&#8220;600&#8243; single_animation_delay=&#8220;100&#8243; uncode_shortcode_id=&#8220;140007&#8243; items=&#8220;eyIxNTY3X2kiOnsic2luZ2xlX3dpZHRoIjoiMiIsInNpbmdsZV9vdmVybGF5X2NvbG9yIjoiY29sb3ItNDI0NjUxIiwic2luZ2xlX2hfYWxpZ24iOiJjZW50ZXIiLCJzaW5nbGVfaWNvbiI6ImZhIGZhLXBsdXMyIiwic2luZ2xlX2JvcmRlciI6InllcyIsInNpbmdsZV9jc3NfYW5pbWF0aW9uIjoiYWxwaGEtYW5pbSIsInNpbmdsZV9hbmltYXRpb25fc3BlZWQiOiI2MDAiLCJzaW5nbGVfYW5pbWF0aW9uX2RlbGF5IjoiMTAwIn0sIjE1NzFfaSI6eyJzaW5nbGVfd2lkdGgiOiIyIiwic2luZ2xlX292ZXJsYXlfY29sb3IiOiJjb2xvci00MjQ2NTEiLCJzaW5nbGVfaF9hbGlnbiI6ImNlbnRlciIsInNpbmdsZV9lbGVtZW50c19jbGljayI6Im5vIiwic2luZ2xlX2ljb24iOiJmYSBmYS1wbHVzMiIsInNpbmdsZV9ib3JkZXIiOiJ5ZXMiLCJzaW5nbGVfY3NzX2FuaW1hdGlvbiI6ImFscGhhLWFuaW0iLCJzaW5nbGVfYW5pbWF0aW9uX3NwZWVkIjoiNjAwIiwic2luZ2xlX2FuaW1hdGlvbl9kZWxheSI6IjEwMCJ9LCIxNTc1X2kiOnsic2luZ2xlX3dpZHRoIjoiMiIsInNpbmdsZV9vdmVybGF5X2NvbG9yIjoiY29sb3ItNDI0NjUxIiwic2luZ2xlX2hfYWxpZ24iOiJjZW50ZXIiLCJzaW5nbGVfaWNvbiI6ImZhIGZhLXBsdXMyIiwic2luZ2xlX2JvcmRlciI6InllcyIsInNpbmdsZV9jc3NfYW5pbWF0aW9uIjoiYWxwaGEtYW5pbSIsInNpbmdsZV9hbmltYXRpb25fc3BlZWQiOiI2MDAiLCJzaW5nbGVfYW5pbWF0aW9uX2RlbGF5IjoiMTAwIn0sIjE1NzlfaSI6eyJzaW5nbGVfd2lkdGgiOiIyIiwic2luZ2xlX292ZXJsYXlfY29sb3IiOiJjb2xvci00MjQ2NTEiLCJzaW5nbGVfaF9hbGlnbiI6ImNlbnRlciIsInNpbmdsZV9pY29uIjoiZmEgZmEtcGx1czIiLCJzaW5nbGVfYm9yZGVyIjoieWVzIiwic2luZ2xlX2Nzc19hbmltYXRpb24iOiJhbHBoYS1hbmltIiwic2luZ2xlX2FuaW1hdGlvbl9zcGVlZCI6IjYwMCIsInNpbmdsZV9hbmltYXRpb25fZGVsYXkiOiIxMDAifSwiMTU4M19pIjp7InNpbmdsZV93aWR0aCI6IjIiLCJzaW5nbGVfb3ZlcmxheV9jb2xvciI6ImNvbG9yLTQyNDY1MSIsInNpbmdsZV9oX2FsaWduIjoiY2VudGVyIiwic2luZ2xlX2ljb24iOiJmYSBmYS1wbHVzMiIsInNpbmdsZV9ib3JkZXIiOiJ5ZXMiLCJzaW5nbGVfY3NzX2FuaW1hdGlvbiI6ImFscGhhLWFuaW0iLCJzaW5nbGVfYW5pbWF0aW9uX3NwZWVkIjoiNjAwIiwic2luZ2xlX2FuaW1hdGlvbl9kZWxheSI6IjEwMCJ9LCIxNTg3X2kiOnsic2luZ2xlX3dpZHRoIjoiMiIsInNpbmdsZV9vdmVybGF5X2NvbG9yIjoiY29sb3ItNDI0NjUxIiwic2luZ2xlX2hfYWxpZ24iOiJjZW50ZXIiLCJzaW5nbGVfaWNvbiI6ImZhIGZhLXBsdXMyIiwic2luZ2xlX2JvcmRlciI6InllcyIsInNpbmdsZV9jc3NfYW5pbWF0aW9uIjoiYWxwaGEtYW5pbSIsInNpbmdsZV9hbmltYXRpb25fc3BlZWQiOiI2MDAiLCJzaW5nbGVfYW5pbWF0aW9uX2RlbGF5IjoiMTAwIn0sIjE1OTFfaSI6eyJzaW5nbGVfd2lkdGgiOiIyIiwic2luZ2xlX292ZXJsYXlfY29sb3IiOiJjb2xvci00MjQ2NTEiLCJzaW5nbGVfaF9hbGlnbiI6ImNlbnRlciIsInNpbmdsZV9pY29uIjoiZmEgZmEtcGx1czIiLCJzaW5nbGVfYm9yZGVyIjoieWVzIiwic2luZ2xlX2Nzc19hbmltYXRpb24iOiJhbHBoYS1hbmltIiwic2luZ2xlX2FuaW1hdGlvbl9zcGVlZCI6IjYwMCIsInNpbmdsZV9hbmltYXRpb25fZGVsYXkiOiIxMDAifSwiMTU5NV9pIjp7InNpbmdsZV93aWR0aCI6IjIiLCJzaW5nbGVfb3ZlcmxheV9jb2xvciI6ImNvbG9yLTQyNDY1MSIsInNpbmdsZV9oX2FsaWduIjoiY2VudGVyIiwic2luZ2xlX2ljb24iOiJmYSBmYS1wbHVzMiIsInNpbmdsZV9ib3JkZXIiOiJ5ZXMiLCJzaW5nbGVfY3NzX2FuaW1hdGlvbiI6ImFscGhhLWFuaW0iLCJzaW5nbGVfYW5pbWF0aW9uX3NwZWVkIjoiNjAwIiwic2luZ2xlX2FuaW1hdGlvbl9kZWxheSI6IjEwMCJ9fQ==&#8220;][\/vc_column][\/vc_row][vc_row row_height_percent=&#8220;0&#8243; override_padding=&#8220;yes&#8220; h_padding=&#8220;2&#8243; top_padding=&#8220;5&#8243; bottom_padding=&#8220;5&#8243; overlay_alpha=&#8220;0&#8243; equal_height=&#8220;yes&#8220; gutter_size=&#8220;3&#8243; column_width_percent=&#8220;100&#8243; shift_y=&#8220;0&#8243; z_index=&#8220;0&#8243; bottom_divider=&#8220;gradient&#8220; el_class=&#8220;row-letaral section-lateral row-horizontal-display overflow-hidden shape-bg additions&#8220;][vc_column column_width_use_pixel=&#8220;yes&#8220; position_vertical=&#8220;middle&#8220; align_horizontal=&#8220;align_center&#8220; gutter_size=&#8220;3&#8243; overlay_alpha=&#8220;50&#8243; shift_x=&#8220;0&#8243; shift_y=&#8220;0&#8243; shift_y_down=&#8220;0&#8243; z_index=&#8220;0&#8243; medium_width=&#8220;0&#8243; mobile_width=&#8220;0&#8243; width=&#8220;1\/1&#8243;][vc_row_inner row_inner_height_percent=&#8220;0&#8243; overlay_alpha=&#8220;50&#8243; gutter_size=&#8220;3&#8243; shift_y=&#8220;0&#8243; z_index=&#8220;0&#8243;][vc_column_inner column_width_use_pixel=&#8220;yes&#8220; align_horizontal=&#8220;align_center&#8220; gutter_size=&#8220;2&#8243; overlay_alpha=&#8220;50&#8243; shift_x=&#8220;0&#8243; shift_y=&#8220;0&#8243; shift_y_down=&#8220;0&#8243; z_index=&#8220;0&#8243; medium_width=&#8220;0&#8243; mobile_width=&#8220;0&#8243; width=&#8220;1\/1&#8243; column_width_pixel=&#8220;800&#8243;][vc_custom_heading heading_semantic=&#8220;h3&#8243; text_size=&#8220;h1&#8243; uncode_shortcode_id=&#8220;169913&#8243;]So erreichen Sie uns[\/vc_custom_heading][vc_column_text text_lead=&#8220;yes&#8220; uncode_shortcode_id=&#8220;421716&#8243;]Das Smart Hotel Napoli befindet<strong>centro della citt\u00e0<\/strong>. sich im Stadtzentrum. Ein paar Minuten von der zentralen Piazza Municipio, 10 Minuten von der Piazza Garibaldi (Terminal FS und MN), 15 Minuten vom Flughafen Capodichino und ein paar Minuten von der Autobahnausfahrt entfernt.[\/vc_column_text][\/vc_column_inner][\/vc_row_inner][vc_empty_space empty_h=&#8220;2&#8243;][vc_row_inner row_inner_height_percent=&#8220;0&#8243; overlay_alpha=&#8220;100&#8243; gutter_size=&#8220;4&#8243; shift_y=&#8220;0&#8243; z_index=&#8220;0&#8243;][vc_column_inner column_width_percent=&#8220;100&#8243; gutter_size=&#8220;3&#8243; overlay_alpha=&#8220;100&#8243; shift_x=&#8220;0&#8243; shift_y=&#8220;0&#8243; z_index=&#8220;0&#8243; medium_width=&#8220;2&#8243; align_mobile=&#8220;align_center_mobile&#8220; mobile_width=&#8220;0&#8243; zoom_width=&#8220;0&#8243; zoom_height=&#8220;0&#8243; width=&#8220;1\/3&#8243;][vc_custom_heading heading_semantic=&#8220;h3&#8243; text_size=&#8220;h4&#8243; sub_reduced=&#8220;yes&#8220; subheading=&#8220;Das st\u00e4dtische Verkehrsunternehmen der Stadt Neapel (ANM) bietet einen Shuttleservice zwischen dem Flughafen Capodichino, dem Bahnhof und dem Kreuzfahrtterminal, in dem sich das Smart Hotel Napoli befindet. Der Bus hei\u00dft AliBus.&#8220; uncode_shortcode_id=&#8220;187195&#8243;]Bus[\/vc_custom_heading][\/vc_column_inner][vc_column_inner column_width_percent=&#8220;100&#8243; gutter_size=&#8220;3&#8243; overlay_alpha=&#8220;100&#8243; shift_x=&#8220;0&#8243; shift_y=&#8220;0&#8243; z_index=&#8220;0&#8243; medium_width=&#8220;2&#8243; align_mobile=&#8220;align_center_mobile&#8220; mobile_width=&#8220;0&#8243; zoom_width=&#8220;0&#8243; zoom_height=&#8220;0&#8243; width=&#8220;1\/3&#8243;][vc_custom_heading heading_semantic=&#8220;h3&#8243; text_size=&#8220;h4&#8243; sub_reduced=&#8220;yes&#8220; subheading=&#8220;Die Linie 1 der Stra\u00dfenbahn der st\u00e4dtischen Verkehrsgesellschaft der Stadt Neapel (ANM) stellt die Verbindung von der Piazza Garibaldi zum Hafen von Neapel sicher. Entlang der Via Marina gibt es eine Haltestelle f\u00fcr F\u00e4hren. Auf der Via Colombo (Endstation) hingegen die Haltestelle f\u00fcr Tragfl\u00e4chenboote.&#8220; uncode_shortcode_id=&#8220;565853&#8243;]Stra\u00dfenbahn[\/vc_custom_heading][\/vc_column_inner][vc_column_inner column_width_percent=&#8220;100&#8243; gutter_size=&#8220;3&#8243; overlay_alpha=&#8220;100&#8243; shift_x=&#8220;0&#8243; shift_y=&#8220;0&#8243; z_index=&#8220;0&#8243; medium_width=&#8220;2&#8243; align_mobile=&#8220;align_center_mobile&#8220; mobile_width=&#8220;0&#8243; zoom_width=&#8220;0&#8243; zoom_height=&#8220;0&#8243; width=&#8220;1\/3&#8243;][vc_custom_heading heading_semantic=&#8220;h3&#8243; text_size=&#8220;h4&#8243; sub_reduced=&#8220;yes&#8220; subheading=&#8220;F\u00fcr diejenigen, die mit dem Auto anreisen, ist der Hafen von Neapel sehr bequem zu erreichen. Wenn Sie die Autobahn verlassen und den Schildern folgen, kommen Sie direkt am Kreuzfahrtterminal an.&#8220; uncode_shortcode_id=&#8220;229243&#8243;]Auto[\/vc_custom_heading][\/vc_column_inner][\/vc_row_inner][vc_row_inner row_inner_height_percent=&#8220;0&#8243; overlay_alpha=&#8220;100&#8243; gutter_size=&#8220;4&#8243; shift_y=&#8220;0&#8243; z_index=&#8220;0&#8243;][vc_column_inner column_width_percent=&#8220;100&#8243; gutter_size=&#8220;3&#8243; overlay_alpha=&#8220;100&#8243; shift_x=&#8220;0&#8243; shift_y=&#8220;0&#8243; z_index=&#8220;0&#8243; medium_width=&#8220;2&#8243; align_mobile=&#8220;align_center_mobile&#8220; mobile_width=&#8220;0&#8243; zoom_width=&#8220;0&#8243; zoom_height=&#8220;0&#8243; width=&#8220;1\/3&#8243;][vc_custom_heading heading_semantic=&#8220;h3&#8243; text_size=&#8220;h4&#8243; sub_reduced=&#8220;yes&#8220; subheading=&#8220;Auf bestimmten st\u00e4dtischen und au\u00dferst\u00e4dtischen Strecken hat die Gemeinde Neapel einen festen Tarif festgelegt. Dieser Tarif muss beim Einsteigen in das Auto beim Fahrer erfragt werden; Der Fahrer muss vor der Abfahrt eine Steuerquittung ausstellen.&#8220; uncode_shortcode_id=&#8220;230499&#8243;]Taxi[\/vc_custom_heading][\/vc_column_inner][vc_column_inner column_width_percent=&#8220;100&#8243; gutter_size=&#8220;3&#8243; overlay_alpha=&#8220;100&#8243; shift_x=&#8220;0&#8243; shift_y=&#8220;0&#8243; z_index=&#8220;0&#8243; medium_width=&#8220;2&#8243; align_mobile=&#8220;align_center_mobile&#8220; mobile_width=&#8220;0&#8243; zoom_width=&#8220;0&#8243; zoom_height=&#8220;0&#8243; width=&#8220;1\/3&#8243;][vc_custom_heading heading_semantic=&#8220;h3&#8243; text_size=&#8220;h4&#8243; sub_reduced=&#8220;yes&#8220; subheading=&#8220;F\u00fcr diejenigen, die mit dem Zug anreisen, kann das Smart Hotel Napoli auch mit der Linie 1 der ANM U-Bahn erreicht werden. Haltestellen: &#8211; Universit\u00e4t f\u00fcr Calata Porta di Massa (F\u00e4hren) &#8211; Rathaus f\u00fcr Molo Beverello (Tragfl\u00e4chenboote) In beiden F\u00e4llen m\u00fcssen Sie einige hundert Meter weiterlaufen, um zum Hotel zu gelangen.&#8220; uncode_shortcode_id=&#8220;104965&#8243; text_color_type=&#8220;uncode-palette&#8220; text_color_solid=&#8220;#ff0000&#8243;]U-Bahn[\/vc_custom_heading][\/vc_column_inner][vc_column_inner column_width_percent=&#8220;100&#8243; gutter_size=&#8220;3&#8243; override_padding=&#8220;yes&#8220; column_padding=&#8220;2&#8243; style=&#8220;dark&#8220; back_color=&#8220;color-424651&#8243; overlay_alpha=&#8220;100&#8243; shift_x=&#8220;0&#8243; shift_y=&#8220;-2&#8243; shift_y_down=&#8220;0&#8243; z_index=&#8220;0&#8243; medium_width=&#8220;2&#8243; align_mobile=&#8220;align_center_mobile&#8220; mobile_width=&#8220;0&#8243; zoom_width=&#8220;0&#8243; zoom_height=&#8220;0&#8243; width=&#8220;1\/3&#8243; uncode_shortcode_id=&#8220;202484&#8243; back_color_type=&#8220;uncode-palette&#8220;][vc_custom_heading heading_semantic=&#8220;h3&#8243; text_size=&#8220;h4&#8243; sub_reduced=&#8220;yes&#8220; subheading=&#8220;Das Hotel verf\u00fcgt weder \u00fcber einen eigenen Parkplatz noch \u00fcber Vereinbarungen mit Parkh\u00e4usern im Hafen. Es ist m\u00f6glich, Ihr Auto auf den benachbarten Parkpl\u00e4tzen zu parken, gegen eine Geb\u00fchr. Wir m\u00f6chten unsere G\u00e4ste darauf hinweisen, dass es nicht m\u00f6glich ist, mit dem Auto vor dem Hotel einzureisen, nach dem Kontrollpunkt ein paar Meter entfernt ist der Eingang&#8220; uncode_shortcode_id=&#8220;974289&#8243; text_color_type=&#8220;uncode-palette&#8220; text_color_solid=&#8220;#ff0000&#8243;]Wichtig[\/vc_custom_heading][\/vc_column_inner][\/vc_row_inner][vc_empty_space empty_h=&#8220;2&#8243;][vc_button button_color=&#8220;accent&#8220; border_width=&#8220;0&#8243; link=&#8220;url:https%3A%2F%2Fcasavesca.it%2Fde%2Fkontakte%2F|title:Kontakte|&#8220; button_color_type=&#8220;uncode-palette&#8220; uncode_shortcode_id=&#8220;212650&#8243;]Informationen anfordern[\/vc_button][\/vc_column][\/vc_row]<\/p>\n","protected":false},"excerpt":{"rendered":"<p>[vc_row row_height_percent=&#8220;85&#8243; override_padding=&#8220;yes&#8220; h_padding=&#8220;3&#8243; top_padding=&#8220;5&#8243; bottom_padding=&#8220;5&#8243; back_color=&#8220;color-wayh&#8220; back_image=&#8220;137&#8243; overlay_color=&#8220;color-wayh&#8220; overlay_alpha=&#8220;50&#8243; gutter_size=&#8220;3&#8243; column_width_percent=&#8220;100&#8243; shift_y=&#8220;0&#8243; z_index=&#8220;0&#8243; top_divider=&#8220;swoosh&#8220; enable_bottom_divider=&#8220;default&#8220; bottom_divider_inv=&#8220;curve-asym-opacity&#8220; shape_bottom_invert=&#8220;yes&#8220; shape_bottom_h_use_pixel=&#8220;&#8220; shape_bottom_height=&#8220;100&#8243; [&hellip;]<\/p>\n","protected":false},"author":2,"featured_media":0,"parent":0,"menu_order":0,"comment_status":"closed","ping_status":"closed","template":"","meta":{"footnotes":""},"class_list":["post-1269","page","type-page","status-publish","hentry"],"yoast_head":"<!-- This site is optimized with the Yoast SEO plugin v27.5 - https:\/\/yoast.com\/product\/yoast-seo-wordpress\/ -->\n<title>Hotel Porto Stazione Marittima Neapel Molo Beverello<\/title>\n<meta name=\"description\" content=\"Das Smart Hotel befindet sich am Molo Beverello, im Inneren der Maritimen Station, einem historischen Geb\u00e4ude und Wahrzeichen Neapels.\" \/>\n<meta name=\"robots\" content=\"index, follow, max-snippet:-1, max-image-preview:large, max-video-preview:-1\" \/>\n<link rel=\"canonical\" href=\"https:\/\/www.casavesca.it\/hotel-molo-beverello-porto-napoli\/\" \/>\n<meta property=\"og:locale\" content=\"de_DE\" \/>\n<meta property=\"og:type\" content=\"article\" \/>\n<meta property=\"og:title\" content=\"Hotel Porto Stazione Marittima Neapel Molo Beverello\" \/>\n<meta property=\"og:description\" content=\"Das Smart Hotel befindet sich am Molo Beverello, im Inneren der Maritimen Station, einem historischen Geb\u00e4ude und Wahrzeichen Neapels.\" \/>\n<meta property=\"og:url\" content=\"https:\/\/www.casavesca.it\/hotel-molo-beverello-porto-napoli\/\" \/>\n<meta property=\"og:site_name\" content=\"La Vesca Residence\" \/>\n<meta property=\"article:modified_time\" content=\"2024-06-21T14:23:25+00:00\" \/>\n<meta name=\"twitter:card\" content=\"summary_large_image\" \/>\n<meta name=\"twitter:label1\" content=\"Gesch\u00e4tzte Lesezeit\" \/>\n\t<meta name=\"twitter:data1\" content=\"5\u00a0Minuten\" \/>\n<script type=\"application\/ld+json\" class=\"yoast-schema-graph\">{\"@context\":\"https:\\\/\\\/schema.org\",\"@graph\":[{\"@type\":\"WebPage\",\"@id\":\"https:\\\/\\\/www.casavesca.it\\\/hotel-molo-beverello-porto-napoli\\\/\",\"url\":\"https:\\\/\\\/www.casavesca.it\\\/hotel-molo-beverello-porto-napoli\\\/\",\"name\":\"Hotel Porto Stazione Marittima Neapel Molo Beverello\",\"isPartOf\":{\"@id\":\"https:\\\/\\\/www.casavesca.it\\\/#website\"},\"datePublished\":\"2022-06-03T09:42:39+00:00\",\"dateModified\":\"2024-06-21T14:23:25+00:00\",\"description\":\"Das Smart Hotel befindet sich am Molo Beverello, im Inneren der Maritimen Station, einem historischen Geb\u00e4ude und Wahrzeichen Neapels.\",\"inLanguage\":\"de\",\"potentialAction\":[{\"@type\":\"ReadAction\",\"target\":[\"https:\\\/\\\/www.casavesca.it\\\/hotel-molo-beverello-porto-napoli\\\/\"]}]},{\"@type\":\"WebSite\",\"@id\":\"https:\\\/\\\/www.casavesca.it\\\/#website\",\"url\":\"https:\\\/\\\/www.casavesca.it\\\/\",\"name\":\"La Vesca Residence\",\"description\":\"Vivi Sanremo sul mare\",\"potentialAction\":[{\"@type\":\"SearchAction\",\"target\":{\"@type\":\"EntryPoint\",\"urlTemplate\":\"https:\\\/\\\/www.casavesca.it\\\/?s={search_term_string}\"},\"query-input\":{\"@type\":\"PropertyValueSpecification\",\"valueRequired\":true,\"valueName\":\"search_term_string\"}}],\"inLanguage\":\"de\"}]}<\/script>\n<!-- \/ Yoast SEO plugin. -->","yoast_head_json":{"title":"Hotel Porto Stazione Marittima Neapel Molo Beverello","description":"Das Smart Hotel befindet sich am Molo Beverello, im Inneren der Maritimen Station, einem historischen Geb\u00e4ude und Wahrzeichen Neapels.","robots":{"index":"index","follow":"follow","max-snippet":"max-snippet:-1","max-image-preview":"max-image-preview:large","max-video-preview":"max-video-preview:-1"},"canonical":"https:\/\/www.casavesca.it\/hotel-molo-beverello-porto-napoli\/","og_locale":"de_DE","og_type":"article","og_title":"Hotel Porto Stazione Marittima Neapel Molo Beverello","og_description":"Das Smart Hotel befindet sich am Molo Beverello, im Inneren der Maritimen Station, einem historischen Geb\u00e4ude und Wahrzeichen Neapels.","og_url":"https:\/\/www.casavesca.it\/hotel-molo-beverello-porto-napoli\/","og_site_name":"La Vesca Residence","article_modified_time":"2024-06-21T14:23:25+00:00","twitter_card":"summary_large_image","twitter_misc":{"Gesch\u00e4tzte Lesezeit":"5\u00a0Minuten"},"schema":{"@context":"https:\/\/schema.org","@graph":[{"@type":"WebPage","@id":"https:\/\/www.casavesca.it\/hotel-molo-beverello-porto-napoli\/","url":"https:\/\/www.casavesca.it\/hotel-molo-beverello-porto-napoli\/","name":"Hotel Porto Stazione Marittima Neapel Molo Beverello","isPartOf":{"@id":"https:\/\/www.casavesca.it\/#website"},"datePublished":"2022-06-03T09:42:39+00:00","dateModified":"2024-06-21T14:23:25+00:00","description":"Das Smart Hotel befindet sich am Molo Beverello, im Inneren der Maritimen Station, einem historischen Geb\u00e4ude und Wahrzeichen Neapels.","inLanguage":"de","potentialAction":[{"@type":"ReadAction","target":["https:\/\/www.casavesca.it\/hotel-molo-beverello-porto-napoli\/"]}]},{"@type":"WebSite","@id":"https:\/\/www.casavesca.it\/#website","url":"https:\/\/www.casavesca.it\/","name":"La Vesca Residence","description":"Vivi Sanremo sul mare","potentialAction":[{"@type":"SearchAction","target":{"@type":"EntryPoint","urlTemplate":"https:\/\/www.casavesca.it\/?s={search_term_string}"},"query-input":{"@type":"PropertyValueSpecification","valueRequired":true,"valueName":"search_term_string"}}],"inLanguage":"de"}]}},"_links":{"self":[{"href":"https:\/\/www.casavesca.it\/de\/wp-json\/wp\/v2\/pages\/1269","targetHints":{"allow":["GET"]}}],"collection":[{"href":"https:\/\/www.casavesca.it\/de\/wp-json\/wp\/v2\/pages"}],"about":[{"href":"https:\/\/www.casavesca.it\/de\/wp-json\/wp\/v2\/types\/page"}],"author":[{"embeddable":true,"href":"https:\/\/www.casavesca.it\/de\/wp-json\/wp\/v2\/users\/2"}],"replies":[{"embeddable":true,"href":"https:\/\/www.casavesca.it\/de\/wp-json\/wp\/v2\/comments?post=1269"}],"version-history":[{"count":0,"href":"https:\/\/www.casavesca.it\/de\/wp-json\/wp\/v2\/pages\/1269\/revisions"}],"wp:attachment":[{"href":"https:\/\/www.casavesca.it\/de\/wp-json\/wp\/v2\/media?parent=1269"}],"curies":[{"name":"wp","href":"https:\/\/api.w.org\/{rel}","templated":true}]}}