{"id":1259,"date":"2022-06-03T10:51:40","date_gmt":"2022-06-03T08:51:40","guid":{"rendered":"https:\/\/casavesca.it\/capri\/"},"modified":"2022-06-07T10:40:51","modified_gmt":"2022-06-07T08:40:51","slug":"anlegestelle-fahren-tragflachenbooten-capri","status":"publish","type":"page","link":"https:\/\/www.casavesca.it\/de\/anlegestelle-fahren-tragflachenbooten-capri\/","title":{"rendered":"Capri"},"content":{"rendered":"<p>[vc_row row_height_percent=&#8220;85&#8243; override_padding=&#8220;yes&#8220; h_padding=&#8220;3&#8243; top_padding=&#8220;5&#8243; bottom_padding=&#8220;5&#8243; back_color=&#8220;color-wayh&#8220; back_image=&#8220;59&#8243; overlay_color=&#8220;color-wayh&#8220; overlay_alpha=&#8220;50&#8243; gutter_size=&#8220;3&#8243; column_width_percent=&#8220;100&#8243; shift_y=&#8220;0&#8243; z_index=&#8220;0&#8243; top_divider=&#8220;swoosh&#8220; enable_bottom_divider=&#8220;default&#8220; bottom_divider_inv=&#8220;curve-asym-opacity&#8220; shape_bottom_invert=&#8220;yes&#8220; shape_bottom_h_use_pixel=&#8220;&#8220; shape_bottom_height=&#8220;100&#8243; shape_bottom_color=&#8220;color-xsdn&#8220; shape_bottom_opacity=&#8220;100&#8243; shape_bottom_index=&#8220;0&#8243; uncode_shortcode_id=&#8220;178273&#8243; back_color_type=&#8220;uncode-palette&#8220; overlay_color_type=&#8220;uncode-palette&#8220; shape_bottom_color_type=&#8220;uncode-palette&#8220;][vc_column column_width_percent=&#8220;100&#8243; position_vertical=&#8220;middle&#8220; align_horizontal=&#8220;align_center&#8220; gutter_size=&#8220;4&#8243; style=&#8220;dark&#8220; overlay_alpha=&#8220;50&#8243; shift_x=&#8220;0&#8243; shift_y=&#8220;0&#8243; shift_y_down=&#8220;0&#8243; z_index=&#8220;0&#8243; medium_width=&#8220;0&#8243; mobile_width=&#8220;0&#8243; width=&#8220;1\/1&#8243;][vc_row_inner row_inner_height_percent=&#8220;0&#8243; overlay_alpha=&#8220;50&#8243; gutter_size=&#8220;3&#8243; shift_y=&#8220;0&#8243; z_index=&#8220;1&#8243; limit_content=&#8220;&#8220;][vc_column_inner column_width_percent=&#8220;100&#8243; align_horizontal=&#8220;align_center&#8220; gutter_size=&#8220;3&#8243; style=&#8220;dark&#8220; overlay_alpha=&#8220;50&#8243; shift_x=&#8220;0&#8243; shift_y=&#8220;0&#8243; shift_y_down=&#8220;0&#8243; z_index=&#8220;0&#8243; medium_width=&#8220;0&#8243; mobile_width=&#8220;0&#8243; width=&#8220;1\/1&#8243;][vc_custom_heading text_size=&#8220;fontsize-445851&#8243; text_transform=&#8220;uppercase&#8220; text_height=&#8220;fontheight-179065&#8243; css_animation=&#8220;bottom-t-top&#8220; animation_delay=&#8220;600&#8243; title=&#8220;&#8220; uncode_shortcode_id=&#8220;169680&#8243; text_color_type=&#8220;uncode-solid&#8220; text_color_solid=&#8220;rgba(255,255,255,0.5)&#8220;]Capri[\/vc_custom_heading][vc_custom_heading heading_semantic=&#8220;h1&#8243; text_size=&#8220;h1&#8243; text_height=&#8220;fontheight-179065&#8243; text_space=&#8220;fontspace-111509&#8243; css_animation=&#8220;bottom-t-top&#8220; animation_delay=&#8220;600&#8243; title=&#8220;&#8220; uncode_shortcode_id=&#8220;194058&#8243; text_color_type=&#8220;uncode-solid&#8220; text_color_solid=&#8220;rgba(255,255,255,0.52)&#8220;]Besuch auf Capri[\/vc_custom_heading][\/vc_column_inner][\/vc_row_inner][vc_empty_space empty_h=&#8220;4&#8243;][\/vc_column][\/vc_row][vc_row][vc_column width=&#8220;1\/1&#8243;][uncode_block id=&#8220;47&#8243;][\/vc_column][\/vc_row][vc_row row_height_percent=&#8220;0&#8243; override_padding=&#8220;yes&#8220; h_padding=&#8220;2&#8243; top_padding=&#8220;5&#8243; bottom_padding=&#8220;5&#8243; overlay_alpha=&#8220;50&#8243; gutter_size=&#8220;3&#8243; column_width_percent=&#8220;100&#8243; shift_y=&#8220;0&#8243; z_index=&#8220;0&#8243;][vc_column column_width_use_pixel=&#8220;yes&#8220; align_horizontal=&#8220;align_center&#8220; gutter_size=&#8220;3&#8243; overlay_alpha=&#8220;50&#8243; shift_x=&#8220;0&#8243; shift_y=&#8220;0&#8243; shift_y_down=&#8220;0&#8243; z_index=&#8220;0&#8243; medium_width=&#8220;0&#8243; mobile_width=&#8220;0&#8243; width=&#8220;1\/1&#8243; column_width_pixel=&#8220;900&#8243;][vc_custom_heading heading_semantic=&#8220;h3&#8243; text_size=&#8220;fontsize-155944&#8243; uncode_shortcode_id=&#8220;194144&#8243;]Eine wundersch\u00f6ne Insel im Golf von Neapel. Ideal als Ziel f\u00fcr einen \u201eHit-and-Run-Ausflug\u201c, der vom Hafen von Neapel abf\u00e4hrt.[\/vc_custom_heading][vc_column_text text_lead=&#8220;yes&#8220; uncode_shortcode_id=&#8220;914664&#8243;]Nutzen Sie die strategische Lage unserer Struktur, das Smart Hotel ist tats\u00e4chlich nur 100 Meter von den Anlegestellen der F\u00e4hren zu den Inseln entfernt. \u00dcberlassen Sie es uns, Sie denken nur daran, Ihren Urlaub zu genie\u00dfen! Von den ber\u00fchmten Faraglioni bis zur wundersch\u00f6nen Blauen Grotte, von der ber\u00fchmten Piazzetta bis zu den Panoramag\u00e4rten und der Villa von Kaiser Tiberius werden Sie die Sch\u00f6nheit von Capri entdecken.[\/vc_column_text][\/vc_column][\/vc_row][vc_row row_height_percent=&#8220;60&#8243; override_padding=&#8220;yes&#8220; h_padding=&#8220;2&#8243; top_padding=&#8220;6&#8243; bottom_padding=&#8220;6&#8243; back_color=&#8220;color-nhtu&#8220; back_image=&#8220;155&#8243; back_position=&#8220;center bottom&#8220; parallax=&#8220;yes&#8220; kburns=&#8220;magnetic&#8220; overlay_color=&#8220;color-jevc&#8220; overlay_alpha=&#8220;30&#8243; gutter_size=&#8220;3&#8243; column_width_percent=&#8220;100&#8243; shift_y=&#8220;0&#8243; z_index=&#8220;0&#8243; uncode_shortcode_id=&#8220;311316&#8243; back_color_type=&#8220;uncode-palette&#8220; overlay_color_type=&#8220;uncode-palette&#8220; row_height_pixel=&#8220;300&#8243; shape_dividers=&#8220;&#8220;][vc_column column_width_use_pixel=&#8220;yes&#8220; position_vertical=&#8220;middle&#8220; align_horizontal=&#8220;align_center&#8220; gutter_size=&#8220;2&#8243; style=&#8220;dark&#8220; overlay_alpha=&#8220;50&#8243; shift_x=&#8220;0&#8243; shift_y=&#8220;0&#8243; shift_y_down=&#8220;0&#8243; z_index=&#8220;0&#8243; medium_width=&#8220;0&#8243; mobile_width=&#8220;0&#8243; width=&#8220;1\/1&#8243; column_width_pixel=&#8220;900&#8243; uncode_shortcode_id=&#8220;161055&#8243; mobile_height=&#8220;380&#8243;][vc_empty_space empty_h=&#8220;3&#8243;][\/vc_column][\/vc_row][vc_row row_height_percent=&#8220;0&#8243; override_padding=&#8220;yes&#8220; h_padding=&#8220;2&#8243; top_padding=&#8220;5&#8243; bottom_padding=&#8220;5&#8243; back_color=&#8220;color-lxmt&#8220; back_image=&#8220;19&#8243; overlay_color=&#8220;color-lxmt&#8220; overlay_alpha=&#8220;45&#8243; gutter_size=&#8220;3&#8243; column_width_percent=&#8220;100&#8243; shift_y=&#8220;0&#8243; z_index=&#8220;0&#8243; uncode_shortcode_id=&#8220;201988&#8243; back_color_type=&#8220;uncode-palette&#8220; overlay_color_type=&#8220;uncode-palette&#8220;][vc_column width=&#8220;1\/1&#8243;][vc_row_inner][vc_column_inner width=&#8220;1\/1&#8243;][vc_column_text uncode_shortcode_id=&#8220;133227&#8243;]Die<strong>Faraglioni<\/strong>, Faraglioni,eines der Wahrzeichen der Insel, 3 Felsspitzen, die sich aus dem Meer erheben: Saetta, Stella und Scopolo, auf letzterem k\u00f6nnen Sie die ber\u00fchmte Blaue Eidechse sehen.<\/p>\n<p>Die <strong> Blaue Grotte<\/strong>,so genannt f\u00fcr die unglaubliche Farbe ihres Wassers.<br \/>\nDie Piazzetta, das Zentrum der Insel, mit Bars, Gesch\u00e4ften und Rathaus. Hier sitzen die VIPs, um einen Kaffee oder einen Aperitif zu trinken und dabei den Sonnenuntergang zu beobachten.<\/p>\n<p>das <strong>Piazzetta<\/strong>,Zentrum der Insel, mit Bars, Gesch\u00e4ften und dem Rathaus. Hier sitzen die VIPs bei einem Kaffee oder einem Aperitif und beobachten den Sonnenuntergang.<br \/>\n<strong>Berg Solaro <\/strong>.<br \/>\nWenn Sie die sch\u00f6nste Aussicht auf Capri sehen m\u00f6chten, m\u00fcssen Sie unbedingt den Berg Solaro, den h\u00f6chsten Punkt der Insel, besteigen. Von hier aus k\u00f6nnen Sie die ganze Insel, den Vesuv und den Golf von Neapel, die Halbinsel von Sorrento, die  Berge von Kalabrien und Cilento , den Apennin und die Amalfik\u00fcste sehen. Nicht weit vom Gipfel entfernt befindet sich auch die Einsiedelei von Cetrella, eine kleine Kirche, die an einem Abgrund gebaut wurde.<\/p>\n<p>Ebenfalls  nicht zu vers\u00e4umen ist die Stadt<strong>Anacapri<\/strong>,15 Minuten mit dem Bus von der Piazzetta entfernt, mit ihren stillen Pl\u00e4tzen und farbenfrohen Stra\u00dfen, die mit Geranien und Bougainvillea geschm\u00fcckt sind. Und wenn Sie einen unvergesslichen Sonnenuntergang genie\u00dfen m\u00f6chten, k\u00f6nnen Sie Punta Carena und ihren Leuchtturm erreichen, den gr\u00f6\u00dften in Italien nach dem von Genua.<\/strong>[\/vc_column_text][\/vc_column_inner][\/vc_row_inner][\/vc_column][\/vc_row][vc_row row_height_percent=&#8220;0&#8243; override_padding=&#8220;yes&#8220; h_padding=&#8220;2&#8243; top_padding=&#8220;5&#8243; bottom_padding=&#8220;3&#8243; overlay_alpha=&#8220;50&#8243; gutter_size=&#8220;3&#8243; column_width_percent=&#8220;100&#8243; shift_y=&#8220;0&#8243; z_index=&#8220;0&#8243; bottom_divider=&#8220;step_3_4&#8243; uncode_shortcode_id=&#8220;122785&#8243;][vc_column column_width_percent=&#8220;100&#8243; gutter_size=&#8220;3&#8243; overlay_alpha=&#8220;50&#8243; shift_x=&#8220;0&#8243; shift_y=&#8220;0&#8243; shift_y_down=&#8220;0&#8243; z_index=&#8220;0&#8243; medium_width=&#8220;0&#8243; mobile_width=&#8220;0&#8243; css_animation=&#8220;alpha-anim&#8220; animation_speed=&#8220;1000&#8243; width=&#8220;1\/1&#8243; uncode_shortcode_id=&#8220;809321&#8243;][uncode_block id=&#8220;64&#8243;][\/vc_column][\/vc_row]<\/p>\n","protected":false},"excerpt":{"rendered":"<p>[vc_row row_height_percent=&#8220;85&#8243; override_padding=&#8220;yes&#8220; h_padding=&#8220;3&#8243; top_padding=&#8220;5&#8243; bottom_padding=&#8220;5&#8243; back_color=&#8220;color-wayh&#8220; back_image=&#8220;59&#8243; overlay_color=&#8220;color-wayh&#8220; overlay_alpha=&#8220;50&#8243; gutter_size=&#8220;3&#8243; column_width_percent=&#8220;100&#8243; shift_y=&#8220;0&#8243; z_index=&#8220;0&#8243; top_divider=&#8220;swoosh&#8220; enable_bottom_divider=&#8220;default&#8220; bottom_divider_inv=&#8220;curve-asym-opacity&#8220; shape_bottom_invert=&#8220;yes&#8220; shape_bottom_h_use_pixel=&#8220;&#8220; shape_bottom_height=&#8220;100&#8243; [&hellip;]<\/p>\n","protected":false},"author":2,"featured_media":0,"parent":0,"menu_order":0,"comment_status":"closed","ping_status":"closed","template":"","meta":{"footnotes":""},"class_list":["post-1259","page","type-page","status-publish","hentry"],"yoast_head":"<!-- This site is optimized with the Yoast SEO plugin v27.5 - https:\/\/yoast.com\/product\/yoast-seo-wordpress\/ -->\n<title>Hotel Abfahrt Tragfl\u00fcgelboote F\u00e4hren Capri Neapel<\/title>\n<meta name=\"description\" content=\"Eine wundersch\u00f6ne Insel im Golf von Neapel.\u00a0Ideal als Ziel f\u00fcr einen \u201eHit-and-Run-Ausflug\u201c, der vom Hafen von Neapel abf\u00e4hrt.\" \/>\n<meta name=\"robots\" content=\"index, follow, max-snippet:-1, max-image-preview:large, max-video-preview:-1\" \/>\n<link rel=\"canonical\" href=\"https:\/\/www.casavesca.it\/hotel-vicino-partenza-traghetti-capri\/\" \/>\n<meta property=\"og:locale\" content=\"de_DE\" \/>\n<meta property=\"og:type\" content=\"article\" \/>\n<meta property=\"og:title\" content=\"Hotel Abfahrt Tragfl\u00fcgelboote F\u00e4hren Capri Neapel\" \/>\n<meta property=\"og:description\" content=\"Eine wundersch\u00f6ne Insel im Golf von Neapel.\u00a0Ideal als Ziel f\u00fcr einen \u201eHit-and-Run-Ausflug\u201c, der vom Hafen von Neapel abf\u00e4hrt.\" \/>\n<meta property=\"og:url\" content=\"https:\/\/www.casavesca.it\/hotel-vicino-partenza-traghetti-capri\/\" \/>\n<meta property=\"og:site_name\" content=\"La Vesca Residence\" \/>\n<meta property=\"article:modified_time\" content=\"2022-06-07T08:40:51+00:00\" \/>\n<meta name=\"twitter:card\" content=\"summary_large_image\" \/>\n<meta name=\"twitter:label1\" content=\"Gesch\u00e4tzte Lesezeit\" \/>\n\t<meta name=\"twitter:data1\" content=\"5\u00a0Minuten\" \/>\n<script type=\"application\/ld+json\" class=\"yoast-schema-graph\">{\"@context\":\"https:\\\/\\\/schema.org\",\"@graph\":[{\"@type\":\"WebPage\",\"@id\":\"https:\\\/\\\/www.casavesca.it\\\/hotel-vicino-partenza-traghetti-capri\\\/\",\"url\":\"https:\\\/\\\/www.casavesca.it\\\/hotel-vicino-partenza-traghetti-capri\\\/\",\"name\":\"Hotel Abfahrt Tragfl\u00fcgelboote F\u00e4hren Capri Neapel\",\"isPartOf\":{\"@id\":\"https:\\\/\\\/www.casavesca.it\\\/#website\"},\"datePublished\":\"2022-06-03T08:51:40+00:00\",\"dateModified\":\"2022-06-07T08:40:51+00:00\",\"description\":\"Eine wundersch\u00f6ne Insel im Golf von Neapel.\u00a0Ideal als Ziel f\u00fcr einen \u201eHit-and-Run-Ausflug\u201c, der vom Hafen von Neapel abf\u00e4hrt.\",\"inLanguage\":\"de\",\"potentialAction\":[{\"@type\":\"ReadAction\",\"target\":[\"https:\\\/\\\/www.casavesca.it\\\/hotel-vicino-partenza-traghetti-capri\\\/\"]}]},{\"@type\":\"WebSite\",\"@id\":\"https:\\\/\\\/www.casavesca.it\\\/#website\",\"url\":\"https:\\\/\\\/www.casavesca.it\\\/\",\"name\":\"La Vesca Residence\",\"description\":\"Vivi Sanremo sul mare\",\"potentialAction\":[{\"@type\":\"SearchAction\",\"target\":{\"@type\":\"EntryPoint\",\"urlTemplate\":\"https:\\\/\\\/www.casavesca.it\\\/?s={search_term_string}\"},\"query-input\":{\"@type\":\"PropertyValueSpecification\",\"valueRequired\":true,\"valueName\":\"search_term_string\"}}],\"inLanguage\":\"de\"}]}<\/script>\n<!-- \/ Yoast SEO plugin. -->","yoast_head_json":{"title":"Hotel Abfahrt Tragfl\u00fcgelboote F\u00e4hren Capri Neapel","description":"Eine wundersch\u00f6ne Insel im Golf von Neapel.\u00a0Ideal als Ziel f\u00fcr einen \u201eHit-and-Run-Ausflug\u201c, der vom Hafen von Neapel abf\u00e4hrt.","robots":{"index":"index","follow":"follow","max-snippet":"max-snippet:-1","max-image-preview":"max-image-preview:large","max-video-preview":"max-video-preview:-1"},"canonical":"https:\/\/www.casavesca.it\/hotel-vicino-partenza-traghetti-capri\/","og_locale":"de_DE","og_type":"article","og_title":"Hotel Abfahrt Tragfl\u00fcgelboote F\u00e4hren Capri Neapel","og_description":"Eine wundersch\u00f6ne Insel im Golf von Neapel.\u00a0Ideal als Ziel f\u00fcr einen \u201eHit-and-Run-Ausflug\u201c, der vom Hafen von Neapel abf\u00e4hrt.","og_url":"https:\/\/www.casavesca.it\/hotel-vicino-partenza-traghetti-capri\/","og_site_name":"La Vesca Residence","article_modified_time":"2022-06-07T08:40:51+00:00","twitter_card":"summary_large_image","twitter_misc":{"Gesch\u00e4tzte Lesezeit":"5\u00a0Minuten"},"schema":{"@context":"https:\/\/schema.org","@graph":[{"@type":"WebPage","@id":"https:\/\/www.casavesca.it\/hotel-vicino-partenza-traghetti-capri\/","url":"https:\/\/www.casavesca.it\/hotel-vicino-partenza-traghetti-capri\/","name":"Hotel Abfahrt Tragfl\u00fcgelboote F\u00e4hren Capri Neapel","isPartOf":{"@id":"https:\/\/www.casavesca.it\/#website"},"datePublished":"2022-06-03T08:51:40+00:00","dateModified":"2022-06-07T08:40:51+00:00","description":"Eine wundersch\u00f6ne Insel im Golf von Neapel.\u00a0Ideal als Ziel f\u00fcr einen \u201eHit-and-Run-Ausflug\u201c, der vom Hafen von Neapel abf\u00e4hrt.","inLanguage":"de","potentialAction":[{"@type":"ReadAction","target":["https:\/\/www.casavesca.it\/hotel-vicino-partenza-traghetti-capri\/"]}]},{"@type":"WebSite","@id":"https:\/\/www.casavesca.it\/#website","url":"https:\/\/www.casavesca.it\/","name":"La Vesca Residence","description":"Vivi Sanremo sul mare","potentialAction":[{"@type":"SearchAction","target":{"@type":"EntryPoint","urlTemplate":"https:\/\/www.casavesca.it\/?s={search_term_string}"},"query-input":{"@type":"PropertyValueSpecification","valueRequired":true,"valueName":"search_term_string"}}],"inLanguage":"de"}]}},"_links":{"self":[{"href":"https:\/\/www.casavesca.it\/de\/wp-json\/wp\/v2\/pages\/1259","targetHints":{"allow":["GET"]}}],"collection":[{"href":"https:\/\/www.casavesca.it\/de\/wp-json\/wp\/v2\/pages"}],"about":[{"href":"https:\/\/www.casavesca.it\/de\/wp-json\/wp\/v2\/types\/page"}],"author":[{"embeddable":true,"href":"https:\/\/www.casavesca.it\/de\/wp-json\/wp\/v2\/users\/2"}],"replies":[{"embeddable":true,"href":"https:\/\/www.casavesca.it\/de\/wp-json\/wp\/v2\/comments?post=1259"}],"version-history":[{"count":0,"href":"https:\/\/www.casavesca.it\/de\/wp-json\/wp\/v2\/pages\/1259\/revisions"}],"wp:attachment":[{"href":"https:\/\/www.casavesca.it\/de\/wp-json\/wp\/v2\/media?parent=1259"}],"curies":[{"name":"wp","href":"https:\/\/api.w.org\/{rel}","templated":true}]}}