{"id":1251,"date":"2022-06-01T20:13:03","date_gmt":"2022-06-01T18:13:03","guid":{"rendered":"https:\/\/casavesca.it\/familienurlaub\/"},"modified":"2023-04-24T16:43:15","modified_gmt":"2023-04-24T14:43:15","slug":"familienurlaub-hotel-familien-kinder-neapel","status":"publish","type":"page","link":"https:\/\/www.casavesca.it\/de\/familienurlaub-hotel-familien-kinder-neapel\/","title":{"rendered":"FAMILIENURLAUB"},"content":{"rendered":"<p>[vc_row row_height_percent=&#8220;85&#8243; override_padding=&#8220;yes&#8220; h_padding=&#8220;3&#8243; top_padding=&#8220;5&#8243; bottom_padding=&#8220;5&#8243; back_color=&#8220;color-wayh&#8220; back_image=&#8220;550&#8243; overlay_color=&#8220;color-wayh&#8220; overlay_alpha=&#8220;50&#8243; gutter_size=&#8220;3&#8243; column_width_percent=&#8220;100&#8243; shift_y=&#8220;0&#8243; z_index=&#8220;0&#8243; top_divider=&#8220;swoosh&#8220; enable_bottom_divider=&#8220;default&#8220; bottom_divider_inv=&#8220;curve-asym-opacity&#8220; shape_bottom_invert=&#8220;yes&#8220; shape_bottom_h_use_pixel=&#8220;&#8220; shape_bottom_height=&#8220;100&#8243; shape_bottom_color=&#8220;color-xsdn&#8220; shape_bottom_opacity=&#8220;100&#8243; shape_bottom_index=&#8220;0&#8243; uncode_shortcode_id=&#8220;553100&#8243; back_color_type=&#8220;uncode-palette&#8220; overlay_color_type=&#8220;uncode-palette&#8220; shape_bottom_color_type=&#8220;uncode-palette&#8220;][vc_column column_width_percent=&#8220;100&#8243; position_vertical=&#8220;middle&#8220; align_horizontal=&#8220;align_center&#8220; gutter_size=&#8220;4&#8243; style=&#8220;dark&#8220; overlay_alpha=&#8220;50&#8243; shift_x=&#8220;0&#8243; shift_y=&#8220;0&#8243; shift_y_down=&#8220;0&#8243; z_index=&#8220;0&#8243; medium_width=&#8220;0&#8243; mobile_width=&#8220;0&#8243; width=&#8220;1\/1&#8243;][vc_row_inner row_inner_height_percent=&#8220;0&#8243; overlay_alpha=&#8220;50&#8243; gutter_size=&#8220;3&#8243; shift_y=&#8220;0&#8243; z_index=&#8220;1&#8243; limit_content=&#8220;&#8220;][vc_column_inner column_width_percent=&#8220;100&#8243; align_horizontal=&#8220;align_center&#8220; gutter_size=&#8220;3&#8243; style=&#8220;dark&#8220; overlay_alpha=&#8220;50&#8243; shift_x=&#8220;0&#8243; shift_y=&#8220;0&#8243; shift_y_down=&#8220;0&#8243; z_index=&#8220;0&#8243; medium_width=&#8220;0&#8243; mobile_width=&#8220;0&#8243; width=&#8220;1\/1&#8243;][vc_custom_heading text_size=&#8220;fontsize-445851&#8243; text_transform=&#8220;uppercase&#8220; text_height=&#8220;fontheight-179065&#8243; css_animation=&#8220;bottom-t-top&#8220; animation_delay=&#8220;600&#8243; title=&#8220;&#8220; uncode_shortcode_id=&#8220;102146&#8243; text_color_type=&#8220;uncode-solid&#8220; text_color_solid=&#8220;rgba(255,255,255,0.5)&#8220;]FAMILIENURLAUB IN NEAPEL[\/vc_custom_heading][vc_custom_heading heading_semantic=&#8220;h1&#8243; text_size=&#8220;h1&#8243; text_height=&#8220;fontheight-179065&#8243; text_space=&#8220;fontspace-111509&#8243; css_animation=&#8220;bottom-t-top&#8220; animation_delay=&#8220;600&#8243; title=&#8220;&#8220; uncode_shortcode_id=&#8220;147473&#8243; text_color_type=&#8220;uncode-solid&#8220; text_color_solid=&#8220;rgba(255,255,255,0.52)&#8220;]<em>Neapel ist eine Stadt, die Jung und Alt erobern kann, kommen Sie und entdecken Sie sie!<\/em>[\/vc_custom_heading][\/vc_column_inner][\/vc_row_inner][vc_empty_space empty_h=&#8220;4&#8243;][\/vc_column][\/vc_row][vc_row][vc_column width=&#8220;1\/1&#8243;][uncode_block id=&#8220;47&#8243;][\/vc_column][\/vc_row][vc_row row_height_percent=&#8220;0&#8243; override_padding=&#8220;yes&#8220; h_padding=&#8220;2&#8243; top_padding=&#8220;5&#8243; bottom_padding=&#8220;5&#8243; overlay_alpha=&#8220;50&#8243; gutter_size=&#8220;3&#8243; column_width_percent=&#8220;100&#8243; shift_y=&#8220;0&#8243; z_index=&#8220;0&#8243;][vc_column column_width_use_pixel=&#8220;yes&#8220; align_horizontal=&#8220;align_center&#8220; gutter_size=&#8220;3&#8243; overlay_alpha=&#8220;50&#8243; shift_x=&#8220;0&#8243; shift_y=&#8220;0&#8243; shift_y_down=&#8220;0&#8243; z_index=&#8220;0&#8243; medium_width=&#8220;0&#8243; mobile_width=&#8220;0&#8243; width=&#8220;1\/1&#8243; column_width_pixel=&#8220;900&#8243;][vc_custom_heading heading_semantic=&#8220;h3&#8243; text_size=&#8220;fontsize-155944&#8243; uncode_shortcode_id=&#8220;108679&#8243;]Neapel ist eine Stadt, die Jung und Alt erobern kann, kommen Sie und entdecken Sie sie![\/vc_custom_heading][vc_column_text text_lead=&#8220;yes&#8220; uncode_shortcode_id=&#8220;653940&#8243;]Der Alltag, die Arbeit, das hektische Leben erlauben uns nicht, die Familie und unsere Kinder voll zu genie\u00dfen, daher m\u00f6chten wir, dass Ihr Familienurlaub perfekt, voller Freude, Lachen und Gelassenheit wird.<br \/>\nMit seiner Kunst, seinen Attraktionen, seinem Klima, der Sonne und dem nur einen Steinwurf entfernten Meer, dem Vulkan und seinen traditionellen kulinarischen K\u00f6stlichkeiten wird Neapel Sie wieder zum Leben erwecken![\/vc_column_text][\/vc_column][\/vc_row][vc_row unlock_row_content=&#8220;yes&#8220; row_height_percent=&#8220;50&#8243; override_padding=&#8220;yes&#8220; h_padding=&#8220;0&#8243; top_padding=&#8220;0&#8243; bottom_padding=&#8220;0&#8243; overlay_alpha=&#8220;50&#8243; equal_height=&#8220;yes&#8220; gutter_size=&#8220;0&#8243; shift_y=&#8220;0&#8243;][vc_column column_width_percent=&#8220;100&#8243; gutter_size=&#8220;3&#8243; override_padding=&#8220;yes&#8220; column_padding=&#8220;4&#8243; back_image=&#8220;837&#8243; overlay_alpha=&#8220;50&#8243; shift_x=&#8220;0&#8243; shift_y=&#8220;0&#8243; shift_y_down=&#8220;0&#8243; z_index=&#8220;0&#8243; medium_visibility=&#8220;yes&#8220; medium_width=&#8220;0&#8243; mobile_visibility=&#8220;yes&#8220; mobile_width=&#8220;0&#8243; width=&#8220;1\/2&#8243; mobile_height=&#8220;300&#8243; uncode_shortcode_id=&#8220;137607&#8243;][\/vc_column][vc_column column_width_percent=&#8220;100&#8243; gutter_size=&#8220;0&#8243; overlay_alpha=&#8220;50&#8243; shift_x=&#8220;0&#8243; shift_y=&#8220;0&#8243; z_index=&#8220;0&#8243; medium_width=&#8220;0&#8243; mobile_width=&#8220;0&#8243; width=&#8220;1\/2&#8243;][vc_row_inner row_inner_height_percent=&#8220;50&#8243; back_color=&#8220;color-lxmt&#8220; overlay_alpha=&#8220;50&#8243; gutter_size=&#8220;3&#8243; shift_y=&#8220;0&#8243; z_index=&#8220;0&#8243; uncode_shortcode_id=&#8220;175026&#8243; back_color_type=&#8220;uncode-palette&#8220;][vc_column_inner column_width_percent=&#8220;100&#8243; gutter_size=&#8220;2&#8243; override_padding=&#8220;yes&#8220; column_padding=&#8220;4&#8243; overlay_alpha=&#8220;50&#8243; shift_x=&#8220;0&#8243; shift_y=&#8220;0&#8243; shift_y_down=&#8220;0&#8243; z_index=&#8220;0&#8243; medium_width=&#8220;0&#8243; mobile_width=&#8220;0&#8243; width=&#8220;1\/1&#8243;][vc_custom_heading heading_semantic=&#8220;h3&#8243; text_size=&#8220;h1&#8243; uncode_shortcode_id=&#8220;212878&#8243;]Familienerlebnisdienste[\/vc_custom_heading][vc_column_text text_lead=&#8220;yes&#8220; uncode_shortcode_id=&#8220;564419&#8243;]Unser Personal steht Ihnen zur Verf\u00fcgung, um auf Ihre W\u00fcnsche und die Ihrer Kinder einzugehen. Wir bieten Ihnen einige Dienstleistungen an, die ihnen gewidmet sind:[\/vc_column_text][\/vc_column_inner][\/vc_row_inner][vc_row_inner row_inner_height_percent=&#8220;50&#8243; back_color=&#8220;color-gyho&#8220; overlay_alpha=&#8220;50&#8243; equal_height=&#8220;yes&#8220; gutter_size=&#8220;0&#8243; shift_y=&#8220;0&#8243; z_index=&#8220;0&#8243;][vc_column_inner column_width_percent=&#8220;100&#8243; gutter_size=&#8220;3&#8243; override_padding=&#8220;yes&#8220; column_padding=&#8220;4&#8243; style=&#8220;dark&#8220; back_color=&#8220;color-424651&#8243; overlay_alpha=&#8220;50&#8243; shift_x=&#8220;0&#8243; shift_y=&#8220;0&#8243; shift_y_down=&#8220;0&#8243; z_index=&#8220;0&#8243; medium_width=&#8220;4&#8243; mobile_width=&#8220;0&#8243; width=&#8220;1\/2&#8243; mobile_height=&#8220;300&#8243; uncode_shortcode_id=&#8220;104228&#8243; back_color_type=&#8220;uncode-palette&#8220;][vc_custom_heading heading_semantic=&#8220;h3&#8243; text_size=&#8220;h3&#8243; uncode_shortcode_id=&#8220;806787&#8243;]Zimmer in Familiengr\u00f6sse[\/vc_custom_heading][vc_column_text uncode_shortcode_id=&#8220;964445&#8243;]Unser Hotel verf\u00fcgt \u00fcber ger\u00e4umige Zimmer, um mit der ganzen Familie zusammenzubleiben. Wir haben auch Zimmer mit Verbindungst\u00fcr, die erm\u00f6glichen, die Zimmer zu trennen und den Eltern bei Bedarf die richtige Privatsph\u00e4re und Ruhe zu geben.[\/vc_column_text][vc_button button_color=&#8220;color-xsdn&#8220; outline=&#8220;yes&#8220; text_skin=&#8220;yes&#8220; border_width=&#8220;0&#8243; link=&#8220;url:https%3A%2F%2Fcasavesca.it%2Fde%2F2022-zimmer%2F|title:Zimmer|&#8220; button_color_type=&#8220;uncode-palette&#8220; uncode_shortcode_id=&#8220;209804&#8243;]siehe Zimmer[\/vc_button][\/vc_column_inner][vc_column_inner column_width_percent=&#8220;100&#8243; gutter_size=&#8220;3&#8243; override_padding=&#8220;yes&#8220; column_padding=&#8220;4&#8243; style=&#8220;dark&#8220; back_color=&#8220;accent&#8220; overlay_alpha=&#8220;50&#8243; shift_x=&#8220;0&#8243; shift_y=&#8220;0&#8243; shift_y_down=&#8220;0&#8243; z_index=&#8220;0&#8243; medium_width=&#8220;4&#8243; mobile_width=&#8220;0&#8243; width=&#8220;1\/2&#8243; uncode_shortcode_id=&#8220;161912&#8243; back_color_type=&#8220;uncode-palette&#8220;][vc_custom_heading heading_semantic=&#8220;h3&#8243; text_size=&#8220;h3&#8243; uncode_shortcode_id=&#8220;479894&#8243;]BAR BISTRO[\/vc_custom_heading][vc_column_text uncode_shortcode_id=&#8220;893333&#8243;]In unserem Restaurant Bar Bistro Pier 10 finden Sie viele Gerichte, die perfekt f\u00fcr den Gaumen Ihrer Kinder sind, wir wissen, dass sie sie lieben werden, wir haben keine Zweifel[\/vc_column_text][vc_custom_heading heading_semantic=&#8220;h3&#8243; text_size=&#8220;h3&#8243; uncode_shortcode_id=&#8220;175474&#8243;]KOSTENLOSES WIFI[\/vc_custom_heading][vc_column_text uncode_shortcode_id=&#8220;519646&#8243;]Kostenloses WLAN im gesamten Hotel, um sich auch im Urlaub wie zu Hause zu f\u00fchlen![\/vc_column_text][\/vc_column_inner][\/vc_row_inner][\/vc_column][\/vc_row][vc_row row_height_percent=&#8220;0&#8243; override_padding=&#8220;yes&#8220; h_padding=&#8220;2&#8243; top_padding=&#8220;5&#8243; bottom_padding=&#8220;5&#8243; back_color=&#8220;color-lxmt&#8220; back_image=&#8220;19&#8243; overlay_color=&#8220;color-lxmt&#8220; overlay_alpha=&#8220;45&#8243; gutter_size=&#8220;3&#8243; column_width_percent=&#8220;100&#8243; shift_y=&#8220;0&#8243; z_index=&#8220;0&#8243; uncode_shortcode_id=&#8220;201988&#8243; back_color_type=&#8220;uncode-palette&#8220; overlay_color_type=&#8220;uncode-palette&#8220;][vc_column width=&#8220;1\/1&#8243;][vc_row_inner][vc_column_inner width=&#8220;1\/1&#8243;][vc_custom_heading heading_semantic=&#8220;h3&#8243; text_size=&#8220;fontsize-155944&#8243; uncode_shortcode_id=&#8220;256801&#8243;]Aktivit\u00e4ten mit der Familie in Neapel&#8230; hier sind einige Vorschl\u00e4ge[\/vc_custom_heading][vc_column_text uncode_shortcode_id=&#8220;137362&#8243;]<strong><u>Stadt der Wissenschaft<\/u><\/strong><br \/>\nTats\u00e4chlich wei\u00df nicht jeder, dass es in Neapel einen magischen und sch\u00f6nen Ort gibt: das gr\u00f6\u00dfte interaktive Wissenschaftsmuseum Italiens.<\/p>\n<p><strong><u>Zoo von Neapel<\/u><\/strong><br \/>\nEr bietet Familien die M\u00f6glichkeit, einen angenehmen Ausflug im Freien zu unternehmen und etwa 400 Tiere zu bewundern.<br \/>\n<strong><u>Das Krankenhaus der Puppen<\/u><\/strong><br \/>\nEin echtes Krankenhaus mit Abteilungen und einer Fach\u00e4rztin. Eines der am besten ausgestatteten und ber\u00fchmtesten Puppenreparaturzentren in Italien.<\/p>\n<p><strong><u>Der Gaiola Park <\/u><\/strong><br \/>\nL\u2019<a href=\"https:\/\/www.viaggiapiccoli.com\/gaiola-tuffo-paradiso-sommerso-napoli\/\" target=\"_blank\" rel=\"noopener\">Das Meeresschutzgebiet von Gaiola. Es ist ein kleines Naturparadies im Herzen von Neapel, auf dem H\u00fcgel von Posillipo. Sie k\u00f6nnen schnorcheln, tauchen, Aquavision entdecken, Kajak fahren, virtuell tauchen, kreative Workshops und vieles mehr machen.<\/a><\/p>\n<p><strong><u>Unterirdisches Neapel<\/u><\/strong><br \/>\nSe volete far vivere ai vostri bimbi una piccola avventura, una meta da non mancare \u00e8 di certo la <a href=\"https:\/\/casavesca.it\/de\/unterirdisches-neapel\/\">Unterirdisches Neapel<\/a>. Wenn Sie m\u00f6chten, dass Ihre Kinder ein kleines Abenteuer erleben, sollten Sie sich das unterirdische Neapel nicht entgehen lassen. Mehr als 200 km in den Tuffstein begrabene Tunnel.<\/p>\n<p>Haben Sie Kinder, die sich leidenschaftlich f\u00fcr Z\u00fcge interessieren?<br \/>\nDann d\u00fcrfen Sie sich einen Besuch <strong><u>im Eisenbahnmuseum von Pietrarsa<\/u><\/strong>, nicht entgehen lassen, wo die Geschichte des italienischen Eisenbahnverkehrs aufbewahrt wird.<\/p>\n<p><strong><u>Und dann nat\u00fcrlich der Vesuv!<\/u><\/strong><br \/>\nEs ist unm\u00f6glich, nicht mehrmals auf das Symbol von Neapel zu blicken.<br \/>\nEin Ausflug zum Krater ist sicherlich ein Erlebnis voller Emotionen, um mit Kindern zu leben. Au\u00dferdem ist der Weg f\u00fcr alle geeignet, der H\u00f6henunterschied ist minimal.[\/vc_column_text][\/vc_column_inner][\/vc_row_inner][\/vc_column][\/vc_row][vc_row row_height_percent=&#8220;0&#8243; override_padding=&#8220;yes&#8220; h_padding=&#8220;2&#8243; top_padding=&#8220;5&#8243; bottom_padding=&#8220;3&#8243; overlay_alpha=&#8220;50&#8243; gutter_size=&#8220;3&#8243; column_width_percent=&#8220;100&#8243; shift_y=&#8220;0&#8243; z_index=&#8220;0&#8243; bottom_divider=&#8220;step_3_4&#8243; uncode_shortcode_id=&#8220;122785&#8243;][vc_column column_width_percent=&#8220;100&#8243; gutter_size=&#8220;3&#8243; overlay_alpha=&#8220;50&#8243; shift_x=&#8220;0&#8243; shift_y=&#8220;0&#8243; shift_y_down=&#8220;0&#8243; z_index=&#8220;0&#8243; medium_width=&#8220;0&#8243; mobile_width=&#8220;0&#8243; css_animation=&#8220;alpha-anim&#8220; animation_speed=&#8220;1000&#8243; width=&#8220;1\/1&#8243; uncode_shortcode_id=&#8220;809321&#8243;][uncode_block id=&#8220;64&#8243;][\/vc_column][\/vc_row]<\/p>\n","protected":false},"excerpt":{"rendered":"<p>[vc_row row_height_percent=&#8220;85&#8243; override_padding=&#8220;yes&#8220; h_padding=&#8220;3&#8243; top_padding=&#8220;5&#8243; bottom_padding=&#8220;5&#8243; back_color=&#8220;color-wayh&#8220; back_image=&#8220;550&#8243; overlay_color=&#8220;color-wayh&#8220; overlay_alpha=&#8220;50&#8243; gutter_size=&#8220;3&#8243; column_width_percent=&#8220;100&#8243; shift_y=&#8220;0&#8243; z_index=&#8220;0&#8243; top_divider=&#8220;swoosh&#8220; enable_bottom_divider=&#8220;default&#8220; bottom_divider_inv=&#8220;curve-asym-opacity&#8220; shape_bottom_invert=&#8220;yes&#8220; shape_bottom_h_use_pixel=&#8220;&#8220; shape_bottom_height=&#8220;100&#8243; [&hellip;]<\/p>\n","protected":false},"author":2,"featured_media":0,"parent":0,"menu_order":0,"comment_status":"closed","ping_status":"closed","template":"","meta":{"footnotes":""},"class_list":["post-1251","page","type-page","status-publish","hentry"],"yoast_head":"<!-- This site is optimized with the Yoast SEO plugin v27.5 - https:\/\/yoast.com\/product\/yoast-seo-wordpress\/ -->\n<title>Familienurlaub in Neapel Hotel f\u00fcr Familien Kinder Ischia Capri Procida<\/title>\n<meta name=\"description\" content=\"Neapel ist eine Stadt, die Jung und Alt erobern kann!Unser Hotel verf\u00fcgt \u00fcber ger\u00e4umige Zimmer, um mit der ganzen Familie zusammenzubleiben.\" \/>\n<meta name=\"robots\" content=\"index, follow, max-snippet:-1, max-image-preview:large, max-video-preview:-1\" \/>\n<link rel=\"canonical\" href=\"https:\/\/www.casavesca.it\/vacanza-in-famiglia-con-bambini-a-napoli\/\" \/>\n<meta property=\"og:locale\" content=\"de_DE\" \/>\n<meta property=\"og:type\" content=\"article\" \/>\n<meta property=\"og:title\" content=\"Familienurlaub in Neapel Hotel f\u00fcr Familien Kinder Ischia Capri Procida\" \/>\n<meta property=\"og:description\" content=\"Neapel ist eine Stadt, die Jung und Alt erobern kann!Unser Hotel verf\u00fcgt \u00fcber ger\u00e4umige Zimmer, um mit der ganzen Familie zusammenzubleiben.\" \/>\n<meta property=\"og:url\" content=\"https:\/\/www.casavesca.it\/vacanza-in-famiglia-con-bambini-a-napoli\/\" \/>\n<meta property=\"og:site_name\" content=\"La Vesca Residence\" \/>\n<meta property=\"article:modified_time\" content=\"2023-04-24T14:43:15+00:00\" \/>\n<meta name=\"twitter:card\" content=\"summary_large_image\" \/>\n<meta name=\"twitter:label1\" content=\"Gesch\u00e4tzte Lesezeit\" \/>\n\t<meta name=\"twitter:data1\" content=\"7\u00a0Minuten\" \/>\n<script type=\"application\/ld+json\" class=\"yoast-schema-graph\">{\"@context\":\"https:\\\/\\\/schema.org\",\"@graph\":[{\"@type\":\"WebPage\",\"@id\":\"https:\\\/\\\/www.casavesca.it\\\/vacanza-in-famiglia-con-bambini-a-napoli\\\/\",\"url\":\"https:\\\/\\\/www.casavesca.it\\\/vacanza-in-famiglia-con-bambini-a-napoli\\\/\",\"name\":\"Familienurlaub in Neapel Hotel f\u00fcr Familien Kinder Ischia Capri Procida\",\"isPartOf\":{\"@id\":\"https:\\\/\\\/www.casavesca.it\\\/#website\"},\"datePublished\":\"2022-06-01T18:13:03+00:00\",\"dateModified\":\"2023-04-24T14:43:15+00:00\",\"description\":\"Neapel ist eine Stadt, die Jung und Alt erobern kann!Unser Hotel verf\u00fcgt \u00fcber ger\u00e4umige Zimmer, um mit der ganzen Familie zusammenzubleiben.\",\"inLanguage\":\"de\",\"potentialAction\":[{\"@type\":\"ReadAction\",\"target\":[\"https:\\\/\\\/www.casavesca.it\\\/vacanza-in-famiglia-con-bambini-a-napoli\\\/\"]}]},{\"@type\":\"WebSite\",\"@id\":\"https:\\\/\\\/www.casavesca.it\\\/#website\",\"url\":\"https:\\\/\\\/www.casavesca.it\\\/\",\"name\":\"La Vesca Residence\",\"description\":\"Vivi Sanremo sul mare\",\"potentialAction\":[{\"@type\":\"SearchAction\",\"target\":{\"@type\":\"EntryPoint\",\"urlTemplate\":\"https:\\\/\\\/www.casavesca.it\\\/?s={search_term_string}\"},\"query-input\":{\"@type\":\"PropertyValueSpecification\",\"valueRequired\":true,\"valueName\":\"search_term_string\"}}],\"inLanguage\":\"de\"}]}<\/script>\n<!-- \/ Yoast SEO plugin. -->","yoast_head_json":{"title":"Familienurlaub in Neapel Hotel f\u00fcr Familien Kinder Ischia Capri Procida","description":"Neapel ist eine Stadt, die Jung und Alt erobern kann!Unser Hotel verf\u00fcgt \u00fcber ger\u00e4umige Zimmer, um mit der ganzen Familie zusammenzubleiben.","robots":{"index":"index","follow":"follow","max-snippet":"max-snippet:-1","max-image-preview":"max-image-preview:large","max-video-preview":"max-video-preview:-1"},"canonical":"https:\/\/www.casavesca.it\/vacanza-in-famiglia-con-bambini-a-napoli\/","og_locale":"de_DE","og_type":"article","og_title":"Familienurlaub in Neapel Hotel f\u00fcr Familien Kinder Ischia Capri Procida","og_description":"Neapel ist eine Stadt, die Jung und Alt erobern kann!Unser Hotel verf\u00fcgt \u00fcber ger\u00e4umige Zimmer, um mit der ganzen Familie zusammenzubleiben.","og_url":"https:\/\/www.casavesca.it\/vacanza-in-famiglia-con-bambini-a-napoli\/","og_site_name":"La Vesca Residence","article_modified_time":"2023-04-24T14:43:15+00:00","twitter_card":"summary_large_image","twitter_misc":{"Gesch\u00e4tzte Lesezeit":"7\u00a0Minuten"},"schema":{"@context":"https:\/\/schema.org","@graph":[{"@type":"WebPage","@id":"https:\/\/www.casavesca.it\/vacanza-in-famiglia-con-bambini-a-napoli\/","url":"https:\/\/www.casavesca.it\/vacanza-in-famiglia-con-bambini-a-napoli\/","name":"Familienurlaub in Neapel Hotel f\u00fcr Familien Kinder Ischia Capri Procida","isPartOf":{"@id":"https:\/\/www.casavesca.it\/#website"},"datePublished":"2022-06-01T18:13:03+00:00","dateModified":"2023-04-24T14:43:15+00:00","description":"Neapel ist eine Stadt, die Jung und Alt erobern kann!Unser Hotel verf\u00fcgt \u00fcber ger\u00e4umige Zimmer, um mit der ganzen Familie zusammenzubleiben.","inLanguage":"de","potentialAction":[{"@type":"ReadAction","target":["https:\/\/www.casavesca.it\/vacanza-in-famiglia-con-bambini-a-napoli\/"]}]},{"@type":"WebSite","@id":"https:\/\/www.casavesca.it\/#website","url":"https:\/\/www.casavesca.it\/","name":"La Vesca Residence","description":"Vivi Sanremo sul mare","potentialAction":[{"@type":"SearchAction","target":{"@type":"EntryPoint","urlTemplate":"https:\/\/www.casavesca.it\/?s={search_term_string}"},"query-input":{"@type":"PropertyValueSpecification","valueRequired":true,"valueName":"search_term_string"}}],"inLanguage":"de"}]}},"_links":{"self":[{"href":"https:\/\/www.casavesca.it\/de\/wp-json\/wp\/v2\/pages\/1251","targetHints":{"allow":["GET"]}}],"collection":[{"href":"https:\/\/www.casavesca.it\/de\/wp-json\/wp\/v2\/pages"}],"about":[{"href":"https:\/\/www.casavesca.it\/de\/wp-json\/wp\/v2\/types\/page"}],"author":[{"embeddable":true,"href":"https:\/\/www.casavesca.it\/de\/wp-json\/wp\/v2\/users\/2"}],"replies":[{"embeddable":true,"href":"https:\/\/www.casavesca.it\/de\/wp-json\/wp\/v2\/comments?post=1251"}],"version-history":[{"count":0,"href":"https:\/\/www.casavesca.it\/de\/wp-json\/wp\/v2\/pages\/1251\/revisions"}],"wp:attachment":[{"href":"https:\/\/www.casavesca.it\/de\/wp-json\/wp\/v2\/media?parent=1251"}],"curies":[{"name":"wp","href":"https:\/\/api.w.org\/{rel}","templated":true}]}}