{"id":1238,"date":"2022-05-24T15:34:01","date_gmt":"2022-05-24T13:34:01","guid":{"rendered":"https:\/\/casavesca.it\/2022-pet-friendly-hotel\/"},"modified":"2023-04-04T12:58:38","modified_gmt":"2023-04-04T10:58:38","slug":"hotel-urlaub-mit-haustieren-in-neapel","status":"publish","type":"page","link":"https:\/\/www.casavesca.it\/de\/hotel-urlaub-mit-haustieren-in-neapel\/","title":{"rendered":"2022 Pet Friendly Hotel"},"content":{"rendered":"<p>[vc_row row_height_percent=&#8220;85&#8243; override_padding=&#8220;yes&#8220; h_padding=&#8220;3&#8243; top_padding=&#8220;5&#8243; bottom_padding=&#8220;5&#8243; back_color=&#8220;color-wayh&#8220; back_image=&#8220;565&#8243; overlay_color=&#8220;color-wayh&#8220; overlay_alpha=&#8220;50&#8243; gutter_size=&#8220;3&#8243; column_width_percent=&#8220;100&#8243; shift_y=&#8220;0&#8243; z_index=&#8220;0&#8243; top_divider=&#8220;swoosh&#8220; enable_bottom_divider=&#8220;default&#8220; bottom_divider_inv=&#8220;curve-asym-opacity&#8220; shape_bottom_invert=&#8220;yes&#8220; shape_bottom_h_use_pixel=&#8220;&#8220; shape_bottom_height=&#8220;100&#8243; shape_bottom_color=&#8220;color-xsdn&#8220; shape_bottom_opacity=&#8220;100&#8243; shape_bottom_index=&#8220;0&#8243; uncode_shortcode_id=&#8220;141783&#8243; back_color_type=&#8220;uncode-palette&#8220; overlay_color_type=&#8220;uncode-palette&#8220; shape_bottom_color_type=&#8220;uncode-palette&#8220;][vc_column column_width_percent=&#8220;100&#8243; position_vertical=&#8220;middle&#8220; align_horizontal=&#8220;align_center&#8220; gutter_size=&#8220;4&#8243; style=&#8220;dark&#8220; overlay_alpha=&#8220;50&#8243; shift_x=&#8220;0&#8243; shift_y=&#8220;0&#8243; shift_y_down=&#8220;0&#8243; z_index=&#8220;0&#8243; medium_width=&#8220;0&#8243; mobile_width=&#8220;0&#8243; width=&#8220;1\/1&#8243;][vc_row_inner row_inner_height_percent=&#8220;0&#8243; overlay_alpha=&#8220;50&#8243; gutter_size=&#8220;3&#8243; shift_y=&#8220;0&#8243; z_index=&#8220;1&#8243; limit_content=&#8220;&#8220;][vc_column_inner column_width_percent=&#8220;100&#8243; align_horizontal=&#8220;align_center&#8220; gutter_size=&#8220;3&#8243; style=&#8220;dark&#8220; overlay_alpha=&#8220;50&#8243; shift_x=&#8220;0&#8243; shift_y=&#8220;0&#8243; shift_y_down=&#8220;0&#8243; z_index=&#8220;0&#8243; medium_width=&#8220;0&#8243; mobile_width=&#8220;0&#8243; width=&#8220;1\/1&#8243;][vc_custom_heading text_size=&#8220;fontsize-445851&#8243; text_transform=&#8220;uppercase&#8220; text_height=&#8220;fontheight-179065&#8243; css_animation=&#8220;bottom-t-top&#8220; animation_delay=&#8220;600&#8243; title=&#8220;&#8220; uncode_shortcode_id=&#8220;869225&#8243; text_color_type=&#8220;uncode-solid&#8220; text_color_solid=&#8220;rgba(255,255,255,0.5)&#8220;]TIERFREUNDLICH[\/vc_custom_heading][vc_custom_heading heading_semantic=&#8220;h1&#8243; text_size=&#8220;h1&#8243; text_height=&#8220;fontheight-179065&#8243; text_space=&#8220;fontspace-111509&#8243; css_animation=&#8220;bottom-t-top&#8220; animation_delay=&#8220;600&#8243; title=&#8220;&#8220; uncode_shortcode_id=&#8220;107065&#8243; text_color_type=&#8220;uncode-solid&#8220; text_color_solid=&#8220;rgba(255,255,255,0.52)&#8220;]Willkommen 4-beinige Freunde[\/vc_custom_heading][\/vc_column_inner][\/vc_row_inner][vc_empty_space empty_h=&#8220;4&#8243;][\/vc_column][\/vc_row][vc_row][vc_column width=&#8220;1\/1&#8243;][uncode_block id=&#8220;47&#8243;][\/vc_column][\/vc_row][vc_row row_height_percent=&#8220;0&#8243; override_padding=&#8220;yes&#8220; h_padding=&#8220;2&#8243; top_padding=&#8220;5&#8243; bottom_padding=&#8220;5&#8243; overlay_alpha=&#8220;50&#8243; gutter_size=&#8220;3&#8243; column_width_percent=&#8220;100&#8243; shift_y=&#8220;0&#8243; z_index=&#8220;0&#8243;][vc_column column_width_use_pixel=&#8220;yes&#8220; align_horizontal=&#8220;align_center&#8220; gutter_size=&#8220;3&#8243; overlay_alpha=&#8220;50&#8243; shift_x=&#8220;0&#8243; shift_y=&#8220;0&#8243; shift_y_down=&#8220;0&#8243; z_index=&#8220;0&#8243; medium_width=&#8220;0&#8243; mobile_width=&#8220;0&#8243; width=&#8220;1\/1&#8243; column_width_pixel=&#8220;900&#8243;][vc_custom_heading heading_semantic=&#8220;h3&#8243; text_size=&#8220;fontsize-155944&#8243; uncode_shortcode_id=&#8220;798168&#8243;]Wenn Sie das n\u00e4chste Mal abreisen, nehmen Sie Ihr Haustier mit, lassen Sie es nicht zu Hause![\/vc_custom_heading][vc_column_text text_lead=&#8220;yes&#8220; uncode_shortcode_id=&#8220;210470&#8243;]Das Smart Hotel freut sich, Ihre 4-beinigen Freunde beherbergen zu k\u00f6nnen, indem es einige zus\u00e4tzliche Dienstleistungen anbietet, die ideal sind, um Ihren Urlaub zu etwas Besonderem zu machen.[\/vc_column_text][vc_column_text text_color=&#8220;color-424651&#8243; uncode_shortcode_id=&#8220;269101&#8243; text_color_type=&#8220;uncode-palette&#8220;]Sie werden zu Ihrer Verf\u00fcgung finden: eine Sch\u00fcssel f\u00fcr Wasser, eine f\u00fcr Futter und ein Bett[\/vc_column_text][\/vc_column][\/vc_row][vc_row unlock_row_content=&#8220;yes&#8220; row_height_percent=&#8220;0&#8243; override_padding=&#8220;yes&#8220; h_padding=&#8220;0&#8243; top_padding=&#8220;0&#8243; bottom_padding=&#8220;0&#8243; back_color=&#8220;color-424651&#8243; overlay_alpha=&#8220;50&#8243; equal_height=&#8220;yes&#8220; gutter_size=&#8220;4&#8243; column_width_percent=&#8220;100&#8243; shift_y=&#8220;0&#8243; z_index=&#8220;0&#8243; uncode_shortcode_id=&#8220;614188&#8243; back_color_type=&#8220;uncode-palette&#8220;][vc_column column_width_percent=&#8220;100&#8243; position_vertical=&#8220;bottom&#8220; gutter_size=&#8220;3&#8243; back_image=&#8220;779&#8243; overlay_color=&#8220;color-nhtu&#8220; overlay_alpha=&#8220;50&#8243; shift_x=&#8220;0&#8243; shift_y=&#8220;0&#8243; shift_y_down=&#8220;0&#8243; z_index=&#8220;0&#8243; medium_width=&#8220;0&#8243; mobile_width=&#8220;0&#8243; css_animation=&#8220;left-t-right&#8220; animation_speed=&#8220;1000&#8243; width=&#8220;1\/2&#8243; uncode_shortcode_id=&#8220;110421&#8243; overlay_color_type=&#8220;uncode-palette&#8220;][vc_empty_space empty_h=&#8220;5&#8243;][\/vc_column][vc_column column_width_use_pixel=&#8220;yes&#8220; position_horizontal=&#8220;left&#8220; position_vertical=&#8220;middle&#8220; gutter_size=&#8220;2&#8243; override_padding=&#8220;yes&#8220; column_padding=&#8220;5&#8243; style=&#8220;dark&#8220; overlay_alpha=&#8220;50&#8243; shift_x=&#8220;0&#8243; shift_y=&#8220;0&#8243; shift_y_down=&#8220;0&#8243; z_index=&#8220;2&#8243; medium_width=&#8220;0&#8243; mobile_width=&#8220;0&#8243; css_animation=&#8220;alpha-anim&#8220; animation_speed=&#8220;1000&#8243; animation_delay=&#8220;200&#8243; width=&#8220;1\/2&#8243; uncode_shortcode_id=&#8220;501751&#8243; column_width_pixel=&#8220;622&#8243;][vc_custom_heading text_color=&#8220;color-xsdn&#8220; text_size=&#8220;fontsize-155944&#8243; uncode_shortcode_id=&#8220;131219&#8243; text_color_type=&#8220;uncode-palette&#8220;]Neapel auf Tiere zugeschnitten[\/vc_custom_heading][vc_column_text text_color=&#8220;color-xsdn&#8220; uncode_shortcode_id=&#8220;137208&#8243; text_color_type=&#8220;uncode-palette&#8220;]Die Stadt Neapel ist voll von M\u00f6glichkeiten,um unvergessliche Momente im Freien mit Ihrem 4-beinigen Freund zu verbringen und sich von den Sch\u00f6nheiten und Aussichten verzaubern zu lassen.\u00a0Sie haben die Qual der Wahl zwischen Spazierg\u00e4ngen in den Hauptstra\u00dfen, im historischen Zentrum oder entlang der Strandpromenade.<br \/>\nAuch Liebhaber der antiken Geschichte werden nicht entt\u00e4uscht sein: Der Eingang zu den ber\u00fchmten arch\u00e4ologischen Ausgrabungen von Pompeji ist f\u00fcr Hunde ge\u00f6ffnet, f\u00fchren Sie sie einfach an der Leine, wenn Sie sich im Freien aufhalten, und halten Sie sie am Eingang der Geb\u00e4ude auf dem Arm.<br \/>\nAn der Leine gef\u00fchrt, ist es auch m\u00f6glich, an den H\u00e4ngen des Vesuvs zu wandern und den Krater des Vulkans zu sehen.<br \/>\nWenn Sie sich entscheiden, an die K\u00fcste von Sorrento, von Amalfi oder auf die Inseln (Capri, Ischia und Procida) zu ziehen, m\u00fcssen Sie sich um nichts k\u00fcmmern: Es gibt in der Tat zahlreiche Tragfl\u00e4chenboote und F\u00e4hren, mit denen Ihre tierischen Freunde mit Ihnen an Bord kommen k\u00f6nnen.<\/p>\n<p>Das Smart Hotel befindet sich nur 100 Meter von der Abfahrt der F\u00e4hren entfernt und Sie k\u00f6nnen bequem Tickets an unserer Rezeption kaufen![\/vc_column_text][vc_empty_space][\/vc_column][\/vc_row][vc_row unlock_row_content=&#8220;yes&#8220; row_height_percent=&#8220;0&#8243; override_padding=&#8220;yes&#8220; h_padding=&#8220;0&#8243; top_padding=&#8220;0&#8243; bottom_padding=&#8220;0&#8243; overlay_alpha=&#8220;50&#8243; gutter_size=&#8220;3&#8243; column_width_percent=&#8220;100&#8243; shift_y=&#8220;0&#8243; z_index=&#8220;0&#8243;][vc_column column_width_percent=&#8220;100&#8243; gutter_size=&#8220;3&#8243; style=&#8220;dark&#8220; overlay_alpha=&#8220;50&#8243; shift_x=&#8220;0&#8243; shift_y=&#8220;0&#8243; z_index=&#8220;0&#8243; medium_width=&#8220;0&#8243; mobile_width=&#8220;0&#8243; width=&#8220;1\/1&#8243;][vc_gallery el_id=&#8220;gallery-9751014&#8243; medias=&#8220;791,782,785,788,794,797&#8243; gallery_back_color=&#8220;color-424651&#8243; gutter_size=&#8220;1&#8243; screen_lg=&#8220;1000&#8243; screen_md=&#8220;600&#8243; screen_sm=&#8220;480&#8243; single_width=&#8220;2&#8243; images_size=&#8220;four-three&#8220; single_overlay_color=&#8220;color-424651&#8243; single_overlay_opacity=&#8220;50&#8243; single_h_align=&#8220;center&#8220; single_padding=&#8220;2&#8243; single_icon=&#8220;fa fa-plus2&#8243; single_border=&#8220;yes&#8220; single_css_animation=&#8220;alpha-anim&#8220; single_animation_speed=&#8220;600&#8243; single_animation_delay=&#8220;100&#8243; lbox_caption=&#8220;yes&#8220; lbox_social=&#8220;yes&#8220; lbox_deep=&#8220;yes&#8220; lbox_no_tmb=&#8220;yes&#8220; lbox_no_arrows=&#8220;yes&#8220; uncode_shortcode_id=&#8220;142503&#8243; gallery_back_color_type=&#8220;uncode-palette&#8220;][\/vc_column][\/vc_row][vc_row row_height_percent=&#8220;0&#8243; override_padding=&#8220;yes&#8220; h_padding=&#8220;2&#8243; top_padding=&#8220;5&#8243; bottom_padding=&#8220;3&#8243; overlay_alpha=&#8220;50&#8243; gutter_size=&#8220;3&#8243; column_width_percent=&#8220;100&#8243; shift_y=&#8220;0&#8243; z_index=&#8220;0&#8243; bottom_divider=&#8220;step_3_4&#8243; uncode_shortcode_id=&#8220;122785&#8243;][vc_column column_width_percent=&#8220;100&#8243; gutter_size=&#8220;3&#8243; overlay_alpha=&#8220;50&#8243; shift_x=&#8220;0&#8243; shift_y=&#8220;0&#8243; shift_y_down=&#8220;0&#8243; z_index=&#8220;0&#8243; medium_width=&#8220;0&#8243; mobile_width=&#8220;0&#8243; css_animation=&#8220;alpha-anim&#8220; animation_speed=&#8220;1000&#8243; width=&#8220;1\/1&#8243; uncode_shortcode_id=&#8220;809321&#8243;][uncode_block id=&#8220;64&#8243;][\/vc_column][\/vc_row]<\/p>\n","protected":false},"excerpt":{"rendered":"<p>[vc_row row_height_percent=&#8220;85&#8243; override_padding=&#8220;yes&#8220; h_padding=&#8220;3&#8243; top_padding=&#8220;5&#8243; bottom_padding=&#8220;5&#8243; back_color=&#8220;color-wayh&#8220; back_image=&#8220;565&#8243; overlay_color=&#8220;color-wayh&#8220; overlay_alpha=&#8220;50&#8243; gutter_size=&#8220;3&#8243; column_width_percent=&#8220;100&#8243; shift_y=&#8220;0&#8243; z_index=&#8220;0&#8243; top_divider=&#8220;swoosh&#8220; enable_bottom_divider=&#8220;default&#8220; bottom_divider_inv=&#8220;curve-asym-opacity&#8220; shape_bottom_invert=&#8220;yes&#8220; shape_bottom_h_use_pixel=&#8220;&#8220; shape_bottom_height=&#8220;100&#8243; [&hellip;]<\/p>\n","protected":false},"author":2,"featured_media":0,"parent":0,"menu_order":0,"comment_status":"closed","ping_status":"closed","template":"","meta":{"footnotes":""},"class_list":["post-1238","page","type-page","status-publish","hentry"],"yoast_head":"<!-- This site is optimized with the Yoast SEO plugin v27.5 - https:\/\/yoast.com\/product\/yoast-seo-wordpress\/ -->\n<title>Haustierfreundliches Hotel Urlaub mit Haustieren in Neapel Procida Ischia<\/title>\n<meta name=\"description\" content=\"Wenn Sie das n\u00e4chste Mal abreisen, nehmen Sie Ihr Haustier mit, lassen Sie es nicht zu Hause.Neapel auf Tiere zugeschnitten!\" \/>\n<meta name=\"robots\" content=\"index, follow, max-snippet:-1, max-image-preview:large, max-video-preview:-1\" \/>\n<link rel=\"canonical\" href=\"https:\/\/www.casavesca.it\/pet-friendly-hotel-napoli\/\" \/>\n<meta property=\"og:locale\" content=\"de_DE\" \/>\n<meta property=\"og:type\" content=\"article\" \/>\n<meta property=\"og:title\" content=\"Haustierfreundliches Hotel Urlaub mit Haustieren in Neapel Procida Ischia\" \/>\n<meta property=\"og:description\" content=\"Wenn Sie das n\u00e4chste Mal abreisen, nehmen Sie Ihr Haustier mit, lassen Sie es nicht zu Hause.Neapel auf Tiere zugeschnitten!\" \/>\n<meta property=\"og:url\" content=\"https:\/\/www.casavesca.it\/pet-friendly-hotel-napoli\/\" \/>\n<meta property=\"og:site_name\" content=\"La Vesca Residence\" \/>\n<meta property=\"article:modified_time\" content=\"2023-04-04T10:58:38+00:00\" \/>\n<meta name=\"twitter:card\" content=\"summary_large_image\" \/>\n<meta name=\"twitter:label1\" content=\"Gesch\u00e4tzte Lesezeit\" \/>\n\t<meta name=\"twitter:data1\" content=\"5\u00a0Minuten\" \/>\n<script type=\"application\/ld+json\" class=\"yoast-schema-graph\">{\"@context\":\"https:\\\/\\\/schema.org\",\"@graph\":[{\"@type\":\"WebPage\",\"@id\":\"https:\\\/\\\/www.casavesca.it\\\/pet-friendly-hotel-napoli\\\/\",\"url\":\"https:\\\/\\\/www.casavesca.it\\\/pet-friendly-hotel-napoli\\\/\",\"name\":\"Haustierfreundliches Hotel Urlaub mit Haustieren in Neapel Procida Ischia\",\"isPartOf\":{\"@id\":\"https:\\\/\\\/www.casavesca.it\\\/#website\"},\"datePublished\":\"2022-05-24T13:34:01+00:00\",\"dateModified\":\"2023-04-04T10:58:38+00:00\",\"description\":\"Wenn Sie das n\u00e4chste Mal abreisen, nehmen Sie Ihr Haustier mit, lassen Sie es nicht zu Hause.Neapel auf Tiere zugeschnitten!\",\"inLanguage\":\"de\",\"potentialAction\":[{\"@type\":\"ReadAction\",\"target\":[\"https:\\\/\\\/www.casavesca.it\\\/pet-friendly-hotel-napoli\\\/\"]}]},{\"@type\":\"WebSite\",\"@id\":\"https:\\\/\\\/www.casavesca.it\\\/#website\",\"url\":\"https:\\\/\\\/www.casavesca.it\\\/\",\"name\":\"La Vesca Residence\",\"description\":\"Vivi Sanremo sul mare\",\"potentialAction\":[{\"@type\":\"SearchAction\",\"target\":{\"@type\":\"EntryPoint\",\"urlTemplate\":\"https:\\\/\\\/www.casavesca.it\\\/?s={search_term_string}\"},\"query-input\":{\"@type\":\"PropertyValueSpecification\",\"valueRequired\":true,\"valueName\":\"search_term_string\"}}],\"inLanguage\":\"de\"}]}<\/script>\n<!-- \/ Yoast SEO plugin. -->","yoast_head_json":{"title":"Haustierfreundliches Hotel Urlaub mit Haustieren in Neapel Procida Ischia","description":"Wenn Sie das n\u00e4chste Mal abreisen, nehmen Sie Ihr Haustier mit, lassen Sie es nicht zu Hause.Neapel auf Tiere zugeschnitten!","robots":{"index":"index","follow":"follow","max-snippet":"max-snippet:-1","max-image-preview":"max-image-preview:large","max-video-preview":"max-video-preview:-1"},"canonical":"https:\/\/www.casavesca.it\/pet-friendly-hotel-napoli\/","og_locale":"de_DE","og_type":"article","og_title":"Haustierfreundliches Hotel Urlaub mit Haustieren in Neapel Procida Ischia","og_description":"Wenn Sie das n\u00e4chste Mal abreisen, nehmen Sie Ihr Haustier mit, lassen Sie es nicht zu Hause.Neapel auf Tiere zugeschnitten!","og_url":"https:\/\/www.casavesca.it\/pet-friendly-hotel-napoli\/","og_site_name":"La Vesca Residence","article_modified_time":"2023-04-04T10:58:38+00:00","twitter_card":"summary_large_image","twitter_misc":{"Gesch\u00e4tzte Lesezeit":"5\u00a0Minuten"},"schema":{"@context":"https:\/\/schema.org","@graph":[{"@type":"WebPage","@id":"https:\/\/www.casavesca.it\/pet-friendly-hotel-napoli\/","url":"https:\/\/www.casavesca.it\/pet-friendly-hotel-napoli\/","name":"Haustierfreundliches Hotel Urlaub mit Haustieren in Neapel Procida Ischia","isPartOf":{"@id":"https:\/\/www.casavesca.it\/#website"},"datePublished":"2022-05-24T13:34:01+00:00","dateModified":"2023-04-04T10:58:38+00:00","description":"Wenn Sie das n\u00e4chste Mal abreisen, nehmen Sie Ihr Haustier mit, lassen Sie es nicht zu Hause.Neapel auf Tiere zugeschnitten!","inLanguage":"de","potentialAction":[{"@type":"ReadAction","target":["https:\/\/www.casavesca.it\/pet-friendly-hotel-napoli\/"]}]},{"@type":"WebSite","@id":"https:\/\/www.casavesca.it\/#website","url":"https:\/\/www.casavesca.it\/","name":"La Vesca Residence","description":"Vivi Sanremo sul mare","potentialAction":[{"@type":"SearchAction","target":{"@type":"EntryPoint","urlTemplate":"https:\/\/www.casavesca.it\/?s={search_term_string}"},"query-input":{"@type":"PropertyValueSpecification","valueRequired":true,"valueName":"search_term_string"}}],"inLanguage":"de"}]}},"_links":{"self":[{"href":"https:\/\/www.casavesca.it\/de\/wp-json\/wp\/v2\/pages\/1238","targetHints":{"allow":["GET"]}}],"collection":[{"href":"https:\/\/www.casavesca.it\/de\/wp-json\/wp\/v2\/pages"}],"about":[{"href":"https:\/\/www.casavesca.it\/de\/wp-json\/wp\/v2\/types\/page"}],"author":[{"embeddable":true,"href":"https:\/\/www.casavesca.it\/de\/wp-json\/wp\/v2\/users\/2"}],"replies":[{"embeddable":true,"href":"https:\/\/www.casavesca.it\/de\/wp-json\/wp\/v2\/comments?post=1238"}],"version-history":[{"count":0,"href":"https:\/\/www.casavesca.it\/de\/wp-json\/wp\/v2\/pages\/1238\/revisions"}],"wp:attachment":[{"href":"https:\/\/www.casavesca.it\/de\/wp-json\/wp\/v2\/media?parent=1238"}],"curies":[{"name":"wp","href":"https:\/\/api.w.org\/{rel}","templated":true}]}}