{"id":1236,"date":"2022-05-24T15:24:49","date_gmt":"2022-05-24T13:24:49","guid":{"rendered":"https:\/\/casavesca.it\/2022-kreuzfahrten\/"},"modified":"2022-06-07T11:58:08","modified_gmt":"2022-06-07T09:58:08","slug":"hotel-kreuzfahrtterminal-neapel-italien","status":"publish","type":"page","link":"https:\/\/www.casavesca.it\/de\/hotel-kreuzfahrtterminal-neapel-italien\/","title":{"rendered":"2022 KREUZFAHRTEN"},"content":{"rendered":"<p>[vc_row row_height_percent=&#8220;85&#8243; override_padding=&#8220;yes&#8220; h_padding=&#8220;3&#8243; top_padding=&#8220;5&#8243; bottom_padding=&#8220;5&#8243; back_color=&#8220;color-wayh&#8220; back_image=&#8220;25&#8243; overlay_color=&#8220;color-wayh&#8220; overlay_alpha=&#8220;50&#8243; gutter_size=&#8220;3&#8243; column_width_percent=&#8220;100&#8243; shift_y=&#8220;0&#8243; z_index=&#8220;0&#8243; top_divider=&#8220;swoosh&#8220; enable_bottom_divider=&#8220;default&#8220; bottom_divider_inv=&#8220;curve-asym-opacity&#8220; shape_bottom_invert=&#8220;yes&#8220; shape_bottom_h_use_pixel=&#8220;&#8220; shape_bottom_height=&#8220;100&#8243; shape_bottom_color=&#8220;color-xsdn&#8220; shape_bottom_opacity=&#8220;100&#8243; shape_bottom_index=&#8220;0&#8243; uncode_shortcode_id=&#8220;842883&#8243; back_color_type=&#8220;uncode-palette&#8220; overlay_color_type=&#8220;uncode-palette&#8220; shape_bottom_color_type=&#8220;uncode-palette&#8220;][vc_column column_width_percent=&#8220;100&#8243; position_vertical=&#8220;middle&#8220; align_horizontal=&#8220;align_center&#8220; gutter_size=&#8220;4&#8243; style=&#8220;dark&#8220; overlay_alpha=&#8220;50&#8243; shift_x=&#8220;0&#8243; shift_y=&#8220;0&#8243; shift_y_down=&#8220;0&#8243; z_index=&#8220;0&#8243; medium_width=&#8220;0&#8243; mobile_width=&#8220;0&#8243; width=&#8220;1\/1&#8243;][vc_row_inner row_inner_height_percent=&#8220;0&#8243; overlay_alpha=&#8220;50&#8243; gutter_size=&#8220;3&#8243; shift_y=&#8220;0&#8243; z_index=&#8220;1&#8243; limit_content=&#8220;&#8220;][vc_column_inner column_width_percent=&#8220;100&#8243; align_horizontal=&#8220;align_center&#8220; gutter_size=&#8220;3&#8243; style=&#8220;dark&#8220; overlay_alpha=&#8220;50&#8243; shift_x=&#8220;0&#8243; shift_y=&#8220;0&#8243; shift_y_down=&#8220;0&#8243; z_index=&#8220;0&#8243; medium_width=&#8220;0&#8243; mobile_width=&#8220;0&#8243; width=&#8220;1\/1&#8243;][vc_custom_heading text_size=&#8220;fontsize-445851&#8243; text_transform=&#8220;uppercase&#8220; text_height=&#8220;fontheight-179065&#8243; css_animation=&#8220;bottom-t-top&#8220; animation_delay=&#8220;600&#8243; title=&#8220;&#8220; uncode_shortcode_id=&#8220;195209&#8243; text_color_type=&#8220;uncode-solid&#8220; text_color_solid=&#8220;rgba(255,255,255,0.5)&#8220;]KREUZFAHRTEN[\/vc_custom_heading][vc_custom_heading heading_semantic=&#8220;h1&#8243; text_size=&#8220;h1&#8243; text_height=&#8220;fontheight-179065&#8243; text_space=&#8220;fontspace-111509&#8243; css_animation=&#8220;bottom-t-top&#8220; animation_delay=&#8220;600&#8243; title=&#8220;&#8220; uncode_shortcode_id=&#8220;121014&#8243; text_color_type=&#8220;uncode-solid&#8220; text_color_solid=&#8220;rgba(255,255,255,0.52)&#8220;]Hotel f\u00fcr Kreuzfahrtpassagiere in Neapel[\/vc_custom_heading][\/vc_column_inner][\/vc_row_inner][vc_empty_space empty_h=&#8220;4&#8243;][\/vc_column][\/vc_row][vc_row][vc_column width=&#8220;1\/1&#8243;][uncode_block id=&#8220;47&#8243;][\/vc_column][\/vc_row][vc_row row_height_percent=&#8220;0&#8243; override_padding=&#8220;yes&#8220; h_padding=&#8220;2&#8243; top_padding=&#8220;5&#8243; bottom_padding=&#8220;5&#8243; overlay_alpha=&#8220;50&#8243; gutter_size=&#8220;3&#8243; column_width_percent=&#8220;100&#8243; shift_y=&#8220;0&#8243; z_index=&#8220;0&#8243;][vc_column column_width_use_pixel=&#8220;yes&#8220; align_horizontal=&#8220;align_center&#8220; gutter_size=&#8220;3&#8243; overlay_alpha=&#8220;50&#8243; shift_x=&#8220;0&#8243; shift_y=&#8220;0&#8243; shift_y_down=&#8220;0&#8243; z_index=&#8220;0&#8243; medium_width=&#8220;0&#8243; mobile_width=&#8220;0&#8243; width=&#8220;1\/1&#8243; column_width_pixel=&#8220;900&#8243;][vc_custom_heading heading_semantic=&#8220;h3&#8243; text_size=&#8220;fontsize-155944&#8243; uncode_shortcode_id=&#8220;348832&#8243;]Das Smart Hotel befindet sich im Kreuzfahrtterminal[\/vc_custom_heading][vc_column_text text_lead=&#8220;yes&#8220; uncode_shortcode_id=&#8220;465849&#8243;]Die Wahl eines Zimmers in einem Hotel im Hafen von Neapel ist die beste Wahl f\u00fcr diejenigen, die von Bord gehen, f\u00fcr diejenigen, die auf die Einschiffung warten, aber auch f\u00fcr Schiffsbesatzungen und Reeder.[\/vc_column_text][\/vc_column][\/vc_row][vc_row unlock_row_content=&#8220;yes&#8220; row_height_percent=&#8220;50&#8243; override_padding=&#8220;yes&#8220; h_padding=&#8220;0&#8243; top_padding=&#8220;0&#8243; bottom_padding=&#8220;0&#8243; overlay_alpha=&#8220;50&#8243; equal_height=&#8220;yes&#8220; gutter_size=&#8220;0&#8243; shift_y=&#8220;0&#8243;][vc_column column_width_percent=&#8220;100&#8243; gutter_size=&#8220;3&#8243; override_padding=&#8220;yes&#8220; column_padding=&#8220;4&#8243; back_image=&#8220;544&#8243; overlay_alpha=&#8220;50&#8243; shift_x=&#8220;0&#8243; shift_y=&#8220;0&#8243; shift_y_down=&#8220;0&#8243; z_index=&#8220;0&#8243; medium_visibility=&#8220;yes&#8220; medium_width=&#8220;0&#8243; mobile_visibility=&#8220;yes&#8220; mobile_width=&#8220;0&#8243; width=&#8220;1\/2&#8243; mobile_height=&#8220;300&#8243; uncode_shortcode_id=&#8220;115261&#8243;][\/vc_column][vc_column column_width_percent=&#8220;100&#8243; gutter_size=&#8220;0&#8243; overlay_alpha=&#8220;50&#8243; shift_x=&#8220;0&#8243; shift_y=&#8220;0&#8243; z_index=&#8220;0&#8243; medium_width=&#8220;0&#8243; mobile_width=&#8220;0&#8243; width=&#8220;1\/2&#8243;][vc_row_inner row_inner_height_percent=&#8220;50&#8243; back_color=&#8220;color-lxmt&#8220; overlay_alpha=&#8220;50&#8243; gutter_size=&#8220;3&#8243; shift_y=&#8220;0&#8243; z_index=&#8220;0&#8243; uncode_shortcode_id=&#8220;175026&#8243; back_color_type=&#8220;uncode-palette&#8220;][vc_column_inner column_width_percent=&#8220;100&#8243; gutter_size=&#8220;2&#8243; override_padding=&#8220;yes&#8220; column_padding=&#8220;4&#8243; overlay_alpha=&#8220;50&#8243; shift_x=&#8220;0&#8243; shift_y=&#8220;0&#8243; shift_y_down=&#8220;0&#8243; z_index=&#8220;0&#8243; medium_width=&#8220;0&#8243; mobile_width=&#8220;0&#8243; width=&#8220;1\/1&#8243;][vc_custom_heading heading_semantic=&#8220;h3&#8243; text_size=&#8220;h1&#8243; uncode_shortcode_id=&#8220;208713&#8243;]Zimmer f\u00fcr Kreuzfahrtpassagiere[\/vc_custom_heading][vc_column_text text_lead=&#8220;yes&#8220; uncode_shortcode_id=&#8220;167727&#8243;]Ein idealer Ort f\u00fcr Kreuzfahrtpassagiere: Egal, ob Sie von Bord gehen oder darauf warten, an Bord zu gehen.<br \/>\nGenie\u00dfen Sie das Gef\u00fchl, Ihren Urlaub bereits begonnen oder nie beendet zu haben!<br \/>\nUnser Hotel reserviert \u00fcber 70% der Zimmer f\u00fcr Reedereien, die den Hafen von Neapel anlaufen.<br \/>\nDar\u00fcber hinaus hat das ganze Jahr \u00fcber und zu jeder Zeit jeder Passagier mit einem Ticket f\u00fcr das Einsteigen in ein Schiff, das vom Hafen von Neapel abf\u00e4hrt, Anspruch auf eine bevorzugte Buchung und einen Rabatt auf den besten auf der Website verf\u00fcgbaren Tarif.[\/vc_column_text][\/vc_column_inner][\/vc_row_inner][\/vc_column][\/vc_row][vc_row unlock_row_content=&#8220;yes&#8220; row_height_percent=&#8220;0&#8243; override_padding=&#8220;yes&#8220; h_padding=&#8220;0&#8243; top_padding=&#8220;0&#8243; bottom_padding=&#8220;0&#8243; overlay_alpha=&#8220;50&#8243; gutter_size=&#8220;3&#8243; column_width_percent=&#8220;100&#8243; shift_y=&#8220;0&#8243; z_index=&#8220;0&#8243;][vc_column column_width_percent=&#8220;100&#8243; gutter_size=&#8220;3&#8243; style=&#8220;dark&#8220; overlay_alpha=&#8220;50&#8243; shift_x=&#8220;0&#8243; shift_y=&#8220;0&#8243; z_index=&#8220;0&#8243; medium_width=&#8220;0&#8243; mobile_width=&#8220;0&#8243; width=&#8220;1\/1&#8243;][vc_gallery el_id=&#8220;gallery-shopping&#8220; medias=&#8220;713,716,719,725,728,731&#8243; gallery_back_color=&#8220;color-424651&#8243; gutter_size=&#8220;1&#8243; screen_lg=&#8220;1000&#8243; screen_md=&#8220;600&#8243; screen_sm=&#8220;480&#8243; single_width=&#8220;2&#8243; images_size=&#8220;four-three&#8220; single_overlay_color=&#8220;color-424651&#8243; single_overlay_opacity=&#8220;50&#8243; single_h_align=&#8220;center&#8220; single_padding=&#8220;2&#8243; single_icon=&#8220;fa fa-plus2&#8243; single_border=&#8220;yes&#8220; single_css_animation=&#8220;alpha-anim&#8220; single_animation_speed=&#8220;600&#8243; single_animation_delay=&#8220;100&#8243; lbox_caption=&#8220;yes&#8220; lbox_social=&#8220;yes&#8220; lbox_deep=&#8220;yes&#8220; lbox_no_tmb=&#8220;yes&#8220; lbox_no_arrows=&#8220;yes&#8220; uncode_shortcode_id=&#8220;100909&#8243; gallery_back_color_type=&#8220;uncode-palette&#8220;][\/vc_column][\/vc_row][vc_row row_height_percent=&#8220;0&#8243; override_padding=&#8220;yes&#8220; h_padding=&#8220;2&#8243; top_padding=&#8220;5&#8243; bottom_padding=&#8220;5&#8243; back_color=&#8220;color-lxmt&#8220; back_image=&#8220;19&#8243; overlay_color=&#8220;color-lxmt&#8220; overlay_alpha=&#8220;45&#8243; gutter_size=&#8220;3&#8243; column_width_percent=&#8220;100&#8243; shift_y=&#8220;0&#8243; z_index=&#8220;0&#8243; uncode_shortcode_id=&#8220;201988&#8243; back_color_type=&#8220;uncode-palette&#8220; overlay_color_type=&#8220;uncode-palette&#8220;][vc_column width=&#8220;1\/1&#8243;][vc_row_inner][vc_column_inner width=&#8220;1\/1&#8243;][vc_column_text uncode_shortcode_id=&#8220;112840&#8243;]Das Smart Hotel in Neapel, ideal f\u00fcr Ihre Kreuzfahrt vor und nach der Kreuzfahrt, ist das erste Hotel mit weit verbreiteten digitalen Diensten und Heimautomation, nur wenige Schritte von den Liegepl\u00e4tzen von Kreuzfahrtschiffen entfernt.<\/p>\n<p>Dank seiner privilegierten Lage am Molo Beverello, innerhalb der Seestation, einem historischen Geb\u00e4ude und Symbol der maritimen Tradition der neapolitanischen Stadt, ist es ein ausgezeichneter Bezugspunkt f\u00fcr diejenigen, die die Kreuzfahrten von MSC, Costa Cruises, Carnival, Norwegian Cruise Line, Royal Caribbean und Cunard w\u00e4hlen.[\/vc_column_text][\/vc_column_inner][\/vc_row_inner][\/vc_column][\/vc_row][vc_row row_height_percent=&#8220;0&#8243; override_padding=&#8220;yes&#8220; h_padding=&#8220;2&#8243; top_padding=&#8220;5&#8243; bottom_padding=&#8220;5&#8243; overlay_alpha=&#8220;50&#8243; gutter_size=&#8220;3&#8243; column_width_percent=&#8220;100&#8243; shift_y=&#8220;0&#8243; z_index=&#8220;0&#8243; top_divider=&#8220;gradient&#8220;][vc_column column_width_percent=&#8220;100&#8243; gutter_size=&#8220;4&#8243; overlay_alpha=&#8220;50&#8243; shift_x=&#8220;0&#8243; shift_y=&#8220;0&#8243; shift_y_down=&#8220;0&#8243; z_index=&#8220;0&#8243; medium_width=&#8220;0&#8243; mobile_width=&#8220;0&#8243; width=&#8220;1\/1&#8243;][vc_row_inner row_inner_height_percent=&#8220;0&#8243; overlay_alpha=&#8220;50&#8243; gutter_size=&#8220;4&#8243; shift_y=&#8220;0&#8243; z_index=&#8220;0&#8243;][vc_column_inner column_width_percent=&#8220;100&#8243; position_vertical=&#8220;middle&#8220; gutter_size=&#8220;3&#8243; overlay_alpha=&#8220;50&#8243; shift_x=&#8220;0&#8243; shift_y=&#8220;0&#8243; shift_y_down=&#8220;0&#8243; z_index=&#8220;0&#8243; medium_width=&#8220;0&#8243; mobile_width=&#8220;0&#8243; width=&#8220;1\/2&#8243;][vc_custom_heading heading_semantic=&#8220;h3&#8243; text_size=&#8220;h1&#8243; uncode_shortcode_id=&#8220;180242&#8243; subheading=&#8220;Buchen Sie noch heute einen Kreuzfahrturlaub und \u00fcbernachten Sie im Smart Hotel Napoli&#8220;]W\u00e4hlen Sie das Unternehmen f\u00fcr Ihre Reise[\/vc_custom_heading][\/vc_column_inner][vc_column_inner width=&#8220;1\/2&#8243;][vc_gallery el_id=&#8220;gallery-85457123&#8243; medias=&#8220;84,85,89,88,86,87&#8243; gutter_size=&#8220;4&#8243; media_items=&#8220;media|custom_link|original,icon&#8220; screen_lg=&#8220;100&#8243; screen_md=&#8220;100&#8243; screen_sm=&#8220;100&#8243; single_overlay_color=&#8220;color-xsdn&#8220; single_overlay_opacity=&#8220;50&#8243; single_text_anim=&#8220;no&#8220; single_image_anim=&#8220;no&#8220; single_padding=&#8220;2&#8243; single_border=&#8220;yes&#8220; single_link=&#8220;url:%23|||rel:nofollow&#8220; uncode_shortcode_id=&#8220;141532&#8243; items=&#8220;eyI4NF9pIjp7InNpbmdsZV9saW5rIjoidXJsOi9kZS9ob3RlbC1rcmV1emZhaHJ0ZW4tZWluc2NoaWZmdW5nLWNvc3RhLWNydWlzZXMtbmVhcGVsIn0sIjg1X2kiOnsic2luZ2xlX2xpbmsiOiJ1cmw6L2RlL2hvdGVsLWluLWRlci1uYWhlLWVpbnNjaGlmZnVuZy1tc2Mta3JldXpmYWhydGVuLW5lYXBlbCJ9LCI4OV9pIjp7InNpbmdsZV9saW5rIjoidXJsOi9kZS9ob3RlbC1rcmV1emZhaHJ0ZW4tZWluc2NoaWZmdW5nLXJveWFsLWNhcmliYmVhbi1uZWFwZWwifSwiODhfaSI6eyJzaW5nbGVfbGluayI6InVybDovZGUvaG90ZWwta3JldXpmYWhydGVuLWVpbnNjaGlmZnVuZy1ub3J3ZWdpYW4tY3J1aXNlLW5lYXBlbCJ9LCI4Nl9pIjp7InNpbmdsZV9saW5rIjoidXJsOi9kZS9ob3RlbC1rcmV1emZhaHJ0ZW4tZWluc2NoaWZmdW5nLWNhcm5pdmFsLWNydWlzZS1uZWFwZWwifSwiODdfaSI6eyJzaW5nbGVfbGluayI6InVybDovZGUvaG90ZWwta3JldXpmYWhydGVuLWVpbnNjaGlmZnVuZy1jdW5hcmQtbmVhcGVsIn19&#8243;][\/vc_column_inner][\/vc_row_inner][\/vc_column][\/vc_row][vc_row unlock_row_content=&#8220;yes&#8220; row_height_percent=&#8220;0&#8243; override_padding=&#8220;yes&#8220; h_padding=&#8220;0&#8243; top_padding=&#8220;0&#8243; bottom_padding=&#8220;0&#8243; overlay_alpha=&#8220;50&#8243; equal_height=&#8220;yes&#8220; gutter_size=&#8220;4&#8243; column_width_percent=&#8220;100&#8243; shift_y=&#8220;0&#8243; z_index=&#8220;0&#8243; uncode_shortcode_id=&#8220;199065&#8243; back_color_type=&#8220;uncode-solid&#8220; back_color_solid=&#8220;#31a3dd&#8220;][vc_column column_width_percent=&#8220;100&#8243; position_vertical=&#8220;bottom&#8220; gutter_size=&#8220;3&#8243; back_image=&#8220;83&#8243; overlay_color=&#8220;color-nhtu&#8220; overlay_alpha=&#8220;50&#8243; shift_x=&#8220;0&#8243; shift_y=&#8220;0&#8243; shift_y_down=&#8220;0&#8243; z_index=&#8220;0&#8243; medium_width=&#8220;0&#8243; mobile_width=&#8220;0&#8243; css_animation=&#8220;left-t-right&#8220; animation_speed=&#8220;1000&#8243; width=&#8220;1\/2&#8243; uncode_shortcode_id=&#8220;479455&#8243; overlay_color_type=&#8220;uncode-palette&#8220;][vc_empty_space empty_h=&#8220;5&#8243;][vc_single_image media=&#8220;77&#8243; media_width_use_pixel=&#8220;yes&#8220; uncode_shortcode_id=&#8220;132128&#8243; media_width_pixel=&#8220;150&#8243;][\/vc_column][vc_column column_width_use_pixel=&#8220;yes&#8220; position_horizontal=&#8220;left&#8220; position_vertical=&#8220;middle&#8220; gutter_size=&#8220;2&#8243; override_padding=&#8220;yes&#8220; column_padding=&#8220;5&#8243; style=&#8220;dark&#8220; overlay_alpha=&#8220;50&#8243; shift_x=&#8220;0&#8243; shift_y=&#8220;0&#8243; shift_y_down=&#8220;0&#8243; z_index=&#8220;2&#8243; medium_width=&#8220;0&#8243; mobile_width=&#8220;0&#8243; css_animation=&#8220;alpha-anim&#8220; animation_speed=&#8220;1000&#8243; animation_delay=&#8220;200&#8243; width=&#8220;1\/2&#8243; uncode_shortcode_id=&#8220;125703&#8243; column_width_pixel=&#8220;622&#8243;][vc_custom_heading text_color=&#8220;color-xsdn&#8220; heading_semantic=&#8220;h5&#8243; text_font=&#8220;font-377884&#8243; text_size=&#8220;fontsize-160000&#8243; text_transform=&#8220;uppercase&#8220; text_space=&#8220;fontspace-135905&#8243; uncode_shortcode_id=&#8220;189651&#8243; text_color_type=&#8220;uncode-palette&#8220;]KREUZFAHRTTERMINAL NEAPEL[\/vc_custom_heading][vc_custom_heading text_color=&#8220;color-xsdn&#8220; text_size=&#8220;fontsize-155944&#8243; uncode_shortcode_id=&#8220;823056&#8243; text_color_type=&#8220;uncode-palette&#8220;]Neapel Seestation[\/vc_custom_heading][vc_column_text text_color=&#8220;color-xsdn&#8220; uncode_shortcode_id=&#8220;731211&#8243; text_color_type=&#8220;uncode-palette&#8220;]Der Teil des Hafens von Neapel, der den Kreuzfahrten gewidmet ist, entwickelt sich in der N\u00e4he der Piazza Municipio, insbesondere am Pier von Beverello, wo sich das Smart Hotel befindet.<br \/>\nDie Seestation begr\u00fc\u00dft mehr als 1 Million Kreuzfahrtpassagiere pro Jahr und gew\u00e4hrleistet h\u00f6chste Qualit\u00e4tsstandards.<\/p>\n<p>Es sind Teil der Struktur des Terminals: ein Einkaufszentrum, gro\u00dfe Warter\u00e4ume, das Smart Hotel mit seinem Konferenzzentrum und das Bistrot Pier 10.<br \/>\nDas Kreuzfahrtterminal von Neapel ist ein einzigartiges Bauwerk seiner Art im Mittelmeerraum und sein Hafen gilt, mit seinen 7 Anlegestellen, die sich \u00fcber etwa 12 km erstrecken, als einer der wichtigsten in Europa.[\/vc_column_text][vc_empty_space][vc_button size=&#8220;btn-lg&#8220; radius=&#8220;btn-round&#8220; custom_typo=&#8220;yes&#8220; font_family=&#8220;font-rubik&#8220; font_weight=&#8220;600&#8243; text_transform=&#8220;uppercase&#8220; letter_spacing=&#8220;fontspace-781688&#8243; border_width=&#8220;0&#8243; link=&#8220;url:http%3A%2F%2Fwww.terminalnapoli.it%2Fwp%2F|title:KREUZFAHRTTERMINAL%20NEAPEL|target:_blank|&#8220; button_color_type=&#8220;uncode-solid&#8220; uncode_shortcode_id=&#8220;179901&#8243; el_class=&#8220;b-0&#8243; button_color_solid=&#8220;#34495e&#8220;]Gehen Sie zur Website \u2192[\/vc_button][\/vc_column][\/vc_row][vc_row row_height_percent=&#8220;0&#8243; override_padding=&#8220;yes&#8220; h_padding=&#8220;2&#8243; top_padding=&#8220;5&#8243; bottom_padding=&#8220;3&#8243; overlay_alpha=&#8220;50&#8243; gutter_size=&#8220;3&#8243; column_width_percent=&#8220;100&#8243; shift_y=&#8220;0&#8243; z_index=&#8220;0&#8243; bottom_divider=&#8220;step_3_4&#8243; uncode_shortcode_id=&#8220;122785&#8243;][vc_column column_width_percent=&#8220;100&#8243; gutter_size=&#8220;3&#8243; overlay_alpha=&#8220;50&#8243; shift_x=&#8220;0&#8243; shift_y=&#8220;0&#8243; shift_y_down=&#8220;0&#8243; z_index=&#8220;0&#8243; medium_width=&#8220;0&#8243; mobile_width=&#8220;0&#8243; css_animation=&#8220;alpha-anim&#8220; animation_speed=&#8220;1000&#8243; width=&#8220;1\/1&#8243; uncode_shortcode_id=&#8220;809321&#8243;][uncode_block id=&#8220;64&#8243;][\/vc_column][\/vc_row]<\/p>\n","protected":false},"excerpt":{"rendered":"<p>[vc_row row_height_percent=&#8220;85&#8243; override_padding=&#8220;yes&#8220; h_padding=&#8220;3&#8243; top_padding=&#8220;5&#8243; bottom_padding=&#8220;5&#8243; back_color=&#8220;color-wayh&#8220; back_image=&#8220;25&#8243; overlay_color=&#8220;color-wayh&#8220; overlay_alpha=&#8220;50&#8243; gutter_size=&#8220;3&#8243; column_width_percent=&#8220;100&#8243; shift_y=&#8220;0&#8243; z_index=&#8220;0&#8243; top_divider=&#8220;swoosh&#8220; enable_bottom_divider=&#8220;default&#8220; bottom_divider_inv=&#8220;curve-asym-opacity&#8220; shape_bottom_invert=&#8220;yes&#8220; shape_bottom_h_use_pixel=&#8220;&#8220; shape_bottom_height=&#8220;100&#8243; [&hellip;]<\/p>\n","protected":false},"author":2,"featured_media":0,"parent":0,"menu_order":0,"comment_status":"closed","ping_status":"closed","template":"","meta":{"footnotes":""},"class_list":["post-1236","page","type-page","status-publish","hentry"],"yoast_head":"<!-- This site is optimized with the Yoast SEO plugin v27.5 - https:\/\/yoast.com\/product\/yoast-seo-wordpress\/ -->\n<title>Smart Hotel Cruise Terminal Neapel Costa MSC Royal<\/title>\n<meta name=\"description\" content=\"Das Smart Hotel befindet sich im Kreuzfahrtterminal. Die Wahl eines Zimmers in einem Hotel im Hafen von Neapel ist die beste Wahl\" \/>\n<meta name=\"robots\" content=\"index, follow, max-snippet:-1, max-image-preview:large, max-video-preview:-1\" \/>\n<link rel=\"canonical\" href=\"https:\/\/www.casavesca.it\/crociere\/\" \/>\n<meta property=\"og:locale\" content=\"de_DE\" \/>\n<meta property=\"og:type\" content=\"article\" \/>\n<meta property=\"og:title\" content=\"Smart Hotel Cruise Terminal Neapel Costa MSC Royal\" \/>\n<meta property=\"og:description\" content=\"Das Smart Hotel befindet sich im Kreuzfahrtterminal. Die Wahl eines Zimmers in einem Hotel im Hafen von Neapel ist die beste Wahl\" \/>\n<meta property=\"og:url\" content=\"https:\/\/www.casavesca.it\/crociere\/\" \/>\n<meta property=\"og:site_name\" content=\"La Vesca Residence\" \/>\n<meta property=\"article:modified_time\" content=\"2022-06-07T09:58:08+00:00\" \/>\n<meta name=\"twitter:card\" content=\"summary_large_image\" \/>\n<meta name=\"twitter:label1\" content=\"Gesch\u00e4tzte Lesezeit\" \/>\n\t<meta name=\"twitter:data1\" content=\"9\u00a0Minuten\" \/>\n<script type=\"application\/ld+json\" class=\"yoast-schema-graph\">{\"@context\":\"https:\\\/\\\/schema.org\",\"@graph\":[{\"@type\":\"WebPage\",\"@id\":\"https:\\\/\\\/www.casavesca.it\\\/crociere\\\/\",\"url\":\"https:\\\/\\\/www.casavesca.it\\\/crociere\\\/\",\"name\":\"Smart Hotel Cruise Terminal Neapel Costa MSC Royal\",\"isPartOf\":{\"@id\":\"https:\\\/\\\/www.casavesca.it\\\/#website\"},\"datePublished\":\"2022-05-24T13:24:49+00:00\",\"dateModified\":\"2022-06-07T09:58:08+00:00\",\"description\":\"Das Smart Hotel befindet sich im Kreuzfahrtterminal. Die Wahl eines Zimmers in einem Hotel im Hafen von Neapel ist die beste Wahl\",\"inLanguage\":\"de\",\"potentialAction\":[{\"@type\":\"ReadAction\",\"target\":[\"https:\\\/\\\/www.casavesca.it\\\/crociere\\\/\"]}]},{\"@type\":\"WebSite\",\"@id\":\"https:\\\/\\\/www.casavesca.it\\\/#website\",\"url\":\"https:\\\/\\\/www.casavesca.it\\\/\",\"name\":\"La Vesca Residence\",\"description\":\"Vivi Sanremo sul mare\",\"potentialAction\":[{\"@type\":\"SearchAction\",\"target\":{\"@type\":\"EntryPoint\",\"urlTemplate\":\"https:\\\/\\\/www.casavesca.it\\\/?s={search_term_string}\"},\"query-input\":{\"@type\":\"PropertyValueSpecification\",\"valueRequired\":true,\"valueName\":\"search_term_string\"}}],\"inLanguage\":\"de\"}]}<\/script>\n<!-- \/ Yoast SEO plugin. -->","yoast_head_json":{"title":"Smart Hotel Cruise Terminal Neapel Costa MSC Royal","description":"Das Smart Hotel befindet sich im Kreuzfahrtterminal. Die Wahl eines Zimmers in einem Hotel im Hafen von Neapel ist die beste Wahl","robots":{"index":"index","follow":"follow","max-snippet":"max-snippet:-1","max-image-preview":"max-image-preview:large","max-video-preview":"max-video-preview:-1"},"canonical":"https:\/\/www.casavesca.it\/crociere\/","og_locale":"de_DE","og_type":"article","og_title":"Smart Hotel Cruise Terminal Neapel Costa MSC Royal","og_description":"Das Smart Hotel befindet sich im Kreuzfahrtterminal. Die Wahl eines Zimmers in einem Hotel im Hafen von Neapel ist die beste Wahl","og_url":"https:\/\/www.casavesca.it\/crociere\/","og_site_name":"La Vesca Residence","article_modified_time":"2022-06-07T09:58:08+00:00","twitter_card":"summary_large_image","twitter_misc":{"Gesch\u00e4tzte Lesezeit":"9\u00a0Minuten"},"schema":{"@context":"https:\/\/schema.org","@graph":[{"@type":"WebPage","@id":"https:\/\/www.casavesca.it\/crociere\/","url":"https:\/\/www.casavesca.it\/crociere\/","name":"Smart Hotel Cruise Terminal Neapel Costa MSC Royal","isPartOf":{"@id":"https:\/\/www.casavesca.it\/#website"},"datePublished":"2022-05-24T13:24:49+00:00","dateModified":"2022-06-07T09:58:08+00:00","description":"Das Smart Hotel befindet sich im Kreuzfahrtterminal. Die Wahl eines Zimmers in einem Hotel im Hafen von Neapel ist die beste Wahl","inLanguage":"de","potentialAction":[{"@type":"ReadAction","target":["https:\/\/www.casavesca.it\/crociere\/"]}]},{"@type":"WebSite","@id":"https:\/\/www.casavesca.it\/#website","url":"https:\/\/www.casavesca.it\/","name":"La Vesca Residence","description":"Vivi Sanremo sul mare","potentialAction":[{"@type":"SearchAction","target":{"@type":"EntryPoint","urlTemplate":"https:\/\/www.casavesca.it\/?s={search_term_string}"},"query-input":{"@type":"PropertyValueSpecification","valueRequired":true,"valueName":"search_term_string"}}],"inLanguage":"de"}]}},"_links":{"self":[{"href":"https:\/\/www.casavesca.it\/de\/wp-json\/wp\/v2\/pages\/1236","targetHints":{"allow":["GET"]}}],"collection":[{"href":"https:\/\/www.casavesca.it\/de\/wp-json\/wp\/v2\/pages"}],"about":[{"href":"https:\/\/www.casavesca.it\/de\/wp-json\/wp\/v2\/types\/page"}],"author":[{"embeddable":true,"href":"https:\/\/www.casavesca.it\/de\/wp-json\/wp\/v2\/users\/2"}],"replies":[{"embeddable":true,"href":"https:\/\/www.casavesca.it\/de\/wp-json\/wp\/v2\/comments?post=1236"}],"version-history":[{"count":0,"href":"https:\/\/www.casavesca.it\/de\/wp-json\/wp\/v2\/pages\/1236\/revisions"}],"wp:attachment":[{"href":"https:\/\/www.casavesca.it\/de\/wp-json\/wp\/v2\/media?parent=1236"}],"curies":[{"name":"wp","href":"https:\/\/api.w.org\/{rel}","templated":true}]}}